{"id":1444,"date":"2026-04-23T15:16:20","date_gmt":"2026-04-23T14:16:20","guid":{"rendered":"https:\/\/thegamblerina.org\/inicio-de-sesion-y-registro\/"},"modified":"2026-04-24T14:46:22","modified_gmt":"2026-04-24T13:46:22","slug":"inicio-de-sesion-y-registro","status":"publish","type":"page","link":"https:\/\/thegamblerina.org\/pl\/inicio-de-sesion-y-registro\/","title":{"rendered":"Inicio de sesi\u00f3n y Registro"},"content":{"rendered":"<h1>Logowanie do Gamblerina<\/h1>\n<p>Ka\u017cdy gracz z Polski musi przej\u015b\u0107 przez proces Gamblerina login, aby m\u00f3c gra\u0107 na tej platformie. To ca\u0142kiem proste i nie zajmuje du\u017co czasu. Zaloguj si\u0119 na swoje konto, \u017ceby zobaczy\u0107 aktualne promocje i wszystkie funkcje strony. Je\u015bli jeszcze si\u0119 nie zarejestrowa\u0142e\u015b, mo\u017cesz to zrobi\u0107 w tym samym oknie, wpisuj\u0105c swoje dane lub klikaj\u0105c przycisk \u201eGoogle\u201d. Pami\u0119taj, \u017ce logowanie jest dost\u0119pne tylko dla os\u00f3b pe\u0142noletnich.<\/p>\n<p><div class=\"banner-wrap\" aria-label=\"Banner\"><img src=\"https:\/\/thegamblerina.org\/wp-content\/uploads\/Gamblerina-banner-carousel-800\u0445400.webp\" class=\"w-100 d-none d-lg-block img-pc main-banner-img\" alt=\"Gamblerina banner carousel\" fetchpriority=\"high\" decoding=\"async\"><img src=\"https:\/\/thegamblerina.org\/wp-content\/uploads\/gamblerina-banner-mobile.webp\" class=\"w-100 d-none d-md-block d-lg-none main-banner-img\" alt=\"gamblerina banner mobile\" fetchpriority=\"high\" decoding=\"async\"><img src=\"https:\/\/thegamblerina.org\/wp-content\/uploads\/gamblerina-banner-mobile.webp\" class=\"w-100 d-md-none\" alt=\"gamblerina banner mobile\" fetchpriority=\"high\" decoding=\"async\"><div class=\"banner-description\">\n<div class=\"banner-title\">Bonusy powitalne<\/div>\n<p class=\"banner-header-title\">1500 \u20ac<\/p>\n<div class=\"banner-header-AdditionalText\">+ 250 Darmowe spiny<\/div>\n<button data-item=\"homepage_banner_link\" class=\"goto m-button m-gradient-border m-button--primary m-button--large banner-button btn-orange\">\n            <div class=\"m-button-content\">\n                <span>Zarejestruj si\u0119 teraz<\/span>\n                <span><\/span>\n            <\/div>\n        <\/button>\n<\/div>\n<div class=\"WelcomePack\">\n<p><img loading=\"lazy\" decoding=\"async\" class=\"alignnone size-full wp-image-1554\" src=\"https:\/\/thegamblerina.org\/wp-content\/uploads\/welcome-crown.png\" alt=\"welcome-crown\" width=\"25\" height=\"26\" \/><\/p>\n<div class=\"WelcomePack-Info\">Cotygodniowy zwrot got\u00f3wki do 25%<\/div>\n<p><img loading=\"lazy\" decoding=\"async\" class=\"alignnone size-full wp-image-1554\" src=\"https:\/\/thegamblerina.org\/wp-content\/uploads\/welcome-crown.png\" alt=\"welcome-crown\" width=\"25\" height=\"26\" \/><\/p>\n<\/div>\n<\/div><div class=\"scrollable-content-wrap my-5\"><div class=\"scrollable-content-inner\"><h2>Procedura rejestracji w Gamblerina<\/h2>\n<p>Rejestracja to pierwszy krok w Twojej przygodzie w kasynie Gamblerina. Po zarejestrowaniu si\u0119 uzyskasz dost\u0119p do swojego profilu osobistego, gdzie mo\u017cesz skonfigurowa\u0107 narz\u0119dzia odpowiedzialnej gry, dostosowa\u0107 powiadomienia push i wiele wi\u0119cej.<\/p>\n<p>Aby rozpocz\u0105\u0107 korzystanie z platformy, znajd\u017a przycisk \u201eZarejestruj si\u0119\u201d na stronie g\u0142\u00f3wnej. Nast\u0119pnie wprowad\u017a sw\u00f3j adres e-mail i silne has\u0142o lub skorzystaj z opcji Google. Nie zapomnij wprowadzi\u0107 kodu promocyjnego, je\u015bli taki posiadasz. Dok\u0142adnie zapoznaj si\u0119 z warunkami korzystania z platformy i naci\u015bnij przycisk ponownie, je\u015bli si\u0119 z nimi zgadzasz. Nasz pakiet powitalny b\u0119dzie dost\u0119pny dla Ciebie po zako\u0144czeniu rejestracji. Je\u015bli napotkasz jakiekolwiek problemy podczas tego procesu, nasz wieloj\u0119zyczny zesp\u00f3\u0142 obs\u0142ugi klienta ch\u0119tnie Ci pomo\u017ce.<\/p>\n<h2>Procedura logowania do Gamblerina<\/h2>\n<p>Po zako\u0144czeniu procesu rejestracji b\u0119dziesz m\u00f3g\u0142 przej\u015b\u0107 do procedury logowania do Gamblerina. Zajmuje to jeszcze mniej czasu ni\u017c poprzedni proces. Aby zalogowa\u0107 si\u0119 na swoje konto, wykonaj nast\u0119puj\u0105ce kroki:<\/p>\n<ol>\n<li>Naci\u015bnij przycisk \u201eZaloguj si\u0119\u201d w prawym g\u00f3rnym rogu strony<\/li>\n<li>Wprowad\u017a dane u\u017cyte podczas rejestracji lub kliknij przycisk \u201eGoogle\u201d<\/li>\n<li>Po sprawdzeniu wszystkich danych naci\u015bnij link ponownie, aby potwierdzi\u0107.<\/li>\n<\/ol>\n<p>Po zalogowaniu si\u0119 do kasyna Gamblerina mo\u017cesz zarz\u0105dza\u0107 swoim kontem. Skorzystaj z naszych narz\u0119dzi odpowiedzialnej gry, aby zapewni\u0107 sobie bezpieczn\u0105 i zdrow\u0105 rozrywk\u0119. Proces weryfikacji jest wymagany, aby uzyska\u0107 dost\u0119p do niekt\u00f3rych funkcji strony, takich jak wyp\u0142ata \u015brodk\u00f3w.<\/p>\n<h3>Nie pami\u0119tasz has\u0142a?<\/h3>\n<p>Je\u015bli masz problemy z logowaniem do Gamblerina, mo\u017cesz klikn\u0105\u0107 przycisk \u201eNie pami\u0119tasz has\u0142a?\u201d. Link do zresetowania has\u0142a zostanie wys\u0142any na adres e-mail podany podczas rejestracji. Nie zawsze jednak to dzia\u0142a. Je\u015bli zgubi\u0142e\u015b e-mail lub napotka\u0142e\u015b inne problemy podczas wykonywania powy\u017cszych krok\u00f3w, zesp\u00f3\u0142 obs\u0142ugi klienta jest dost\u0119pny przez ca\u0142\u0105 dob\u0119 na czacie na \u017cywo. Pe\u0142ny dost\u0119p do Twojego profilu zostanie przywr\u00f3cony po ponownym przes\u0142aniu informacji potwierdzaj\u0105cych Twoj\u0105 to\u017csamo\u015b\u0107.<\/p>\n<p><img loading=\"lazy\" decoding=\"async\" class=\"alignnone size-full wp-image-1884\" src=\"https:\/\/thegamblerina.org\/wp-content\/uploads\/Gamblerina-Login.webp\" alt=\"Gamblerina Login\" width=\"1248\" height=\"536\" srcset=\"https:\/\/thegamblerina.org\/wp-content\/uploads\/Gamblerina-Login.webp 1248w, https:\/\/thegamblerina.org\/wp-content\/uploads\/Gamblerina-Login-300x129.webp 300w, https:\/\/thegamblerina.org\/wp-content\/uploads\/Gamblerina-Login-1024x440.webp 1024w, https:\/\/thegamblerina.org\/wp-content\/uploads\/Gamblerina-Login-768x330.webp 768w\" sizes=\"auto, (max-width: 1248px) 100vw, 1248px\" \/><\/p>\n<h2>Jak zadba\u0107 o bezpiecze\u0144stwo swojego konta<\/h2>\n<p>Zale\u017cy nam na tym, \u017ceby Tw\u00f3j profil by\u0142 bezpieczny. Je\u015bli chcesz mie\u0107 pewno\u015b\u0107, \u017ce czas sp\u0119dzony w kasynie Gamblerina b\u0119dzie zawsze bezpieczny, przygotowali\u015bmy dla Ciebie kilka wskaz\u00f3wek, kt\u00f3re znacznie zmniejsz\u0105 ryzyko, \u017ce hakerzy uzyskaj\u0105 dost\u0119p do Twojego konta:<\/p>\n<table>\n<tbody>\n<tr>\n<td>Wskaz\u00f3wka dotycz\u0105ca bezpiecze\u0144stwa<\/td>\n<td>Dlaczego to wa\u017cne<\/td>\n<\/tr>\n<tr>\n<td>U\u017cywaj unikalnego, silnego has\u0142a<\/td>\n<td>Zapobiega atakom typu brute force<\/td>\n<\/tr>\n<tr>\n<td>W\u0142\u0105cz uwierzytelnianie dwusk\u0142adnikowe<\/td>\n<td>Zapewnia dodatkow\u0105 ochron\u0119 podczas logowania<\/td>\n<\/tr>\n<tr>\n<td>Unikaj publicznych sieci Wi-Fi<\/td>\n<td>Zmniejsza ryzyko przechwycenia danych<\/td>\n<\/tr>\n<tr>\n<td>Nigdy nie udost\u0119pniaj swoich danych<\/td>\n<td>Tylko Ty powiniene\u015b mie\u0107 dost\u0119p do swojego panelu klienta<\/td>\n<\/tr>\n<\/tbody>\n<\/table>\n<p>Zalecamy korzystanie wy\u0142\u0105cznie z oficjalnej strony internetowej lub aplikacji Gamblerina, aby po\u0142\u0105czy\u0107 si\u0119 z nasz\u0105 platform\u0105.<\/p>\n<h2>Zarz\u0105dzanie sesjami<\/h2>\n<p>Narz\u0119dzia do zarz\u0105dzania sesjami znajdziesz w odpowiedniej zak\u0142adce swojego profilu osobistego. Pomog\u0105 ci one zadba\u0107 o zdrowe i odpowiedzialne granie. Dzi\u0119ki ograniczeniom czasowym mo\u017cesz okre\u015bli\u0107 maksymaln\u0105 d\u0142ugo\u015b\u0107 sesji dla ka\u017cdego logowania do Gamble Rina. Przypomnienia o przerwach b\u0119d\u0105 wysy\u0142a\u0107 ci automatyczne wiadomo\u015bci o wybranych przez ciebie porach. \u015aledzenie w czasie rzeczywistym pokazuje, jak d\u0142ugo ju\u017c grasz. Po d\u0142ugiej grze wymuszona przerwa na chwil\u0119 zablokuje twoje konto.<\/p>\n<h2>FAQ<\/h2>\n<h3>Czy mog\u0119 zalogowa\u0107 si\u0119 z wielu urz\u0105dze\u0144 jednocze\u015bnie?<\/h3>\n<p>Tak, to mo\u017cliwe, ale pod jednym warunkiem. Zostaniesz wylogowany z konta w kasynie Gamblerina, je\u015bli b\u0119dziesz gra\u0107 na wielu urz\u0105dzeniach jednocze\u015bnie. Ma to na celu zapobieganie b\u0142\u0119dom i nadu\u017cyciom systemu przez nieuczciwych u\u017cytkownik\u00f3w. Zalecamy wylogowanie si\u0119 z jednego urz\u0105dzenia przed rozpocz\u0119ciem gry na innym, aby unikn\u0105\u0107 przerw.<\/p>\n<h3>Jak wylogowa\u0107 si\u0119 z Gamble Rina na wszystkich urz\u0105dzeniach?<\/h3>\n<p>Aby to zrobi\u0107, po prostu przejd\u017a do zak\u0142adki \u201eBezpiecze\u0144stwo\u201d w swoim panelu u\u017cytkownika i kliknij \u201eWyloguj si\u0119 ze wszystkich urz\u0105dze\u0144\u201d. Spowoduje to zamkni\u0119cie wszystkich aktywnych sesji z wyj\u0105tkiem bie\u017c\u0105cej, a na wszystkich urz\u0105dzeniach b\u0119dziesz musia\u0142 ponownie przej\u015b\u0107 proces logowania do Gambleriny. Korzystaj\u0105c z tej funkcji, mo\u017cesz si\u0119 zabezpieczy\u0107, je\u015bli podejrzewasz, \u017ce Tw\u00f3j profil zosta\u0142 przej\u0119ty przez oszust\u00f3w.<\/p>\n<h3>Dlaczego musz\u0119 si\u0119 ponownie logowa\u0107 po zamkni\u0119ciu przegl\u0105darki?<\/h3>\n<p>Kiedy zamykasz przegl\u0105dark\u0119, ta funkcja bezpiecze\u0144stwa w Gamble Rina natychmiast przerywa Twoj\u0105 sesj\u0119. Zapobiega to dost\u0119powi os\u00f3b, kt\u00f3re nie powinny mie\u0107 do tego uprawnie\u0144, z komputer\u00f3w wsp\u00f3\u0142dzielonych lub publicznych. Nawet je\u015bli zapomnisz si\u0119 wylogowa\u0107, Twoje konto nadal jest bezpieczne. Mo\u017cesz pozosta\u0107 zalogowany d\u0142u\u017cej na urz\u0105dzeniach osobistych, w\u0142\u0105czaj\u0105c funkcj\u0119 \u201eZapami\u0119taj mnie\u201d.<\/p>\n<\/div><\/div><\/p>\n","protected":false},"excerpt":{"rendered":"<p>Logowanie do Gamblerina Ka\u017cdy gracz z Polski musi przej\u015b\u0107 przez proces Gamblerina login, aby m\u00f3c gra\u0107 na tej platformie. To ca\u0142kiem proste i nie zajmuje du\u017co czasu. Zaloguj si\u0119 na swoje konto, \u017ceby zobaczy\u0107 aktualne promocje i wszystkie funkcje strony. Je\u015bli jeszcze si\u0119 nie zarejestrowa\u0142e\u015b, mo\u017cesz to zrobi\u0107 w tym samym oknie, wpisuj\u0105c swoje dane [&hellip;]<\/p>\n","protected":false},"author":20,"featured_media":0,"parent":0,"menu_order":0,"comment_status":"closed","ping_status":"closed","template":"template-builder.php","meta":{"_acf_changed":false,"inline_featured_image":false,"footnotes":""},"class_list":["post-1444","page","type-page","status-publish","hentry"],"acf":[],"yoast_head":"<!-- This site is optimized with the Yoast SEO plugin v27.3 - https:\/\/yoast.com\/product\/yoast-seo-wordpress\/ -->\n<title>Gamblerina Casino Login \u2013 Zaloguj si\u0119 lub Zarejestruj | Bezpieczny Dost\u0119p<\/title>\n<meta name=\"description\" content=\"Gamblerina Casino Login \u2013 za\u0142\u00f3\u017c nowe konto w kilka sekund lub zaloguj si\u0119 ponownie z najnowocze\u015bniejszym szyfrowaniem i weryfikacj\u0105 biometryczn\u0105. Monitoruj swoj\u0105 aktywno\u015b\u0107 zak\u0142ad\u00f3w, odbieraj oczekuj\u0105ce nagrody i dostosuj narz\u0119dzia odpowiedzialnej gry z jednego panelu w Gamble Rina.\" \/>\n<meta name=\"robots\" content=\"index, follow, max-snippet:-1, max-image-preview:large, max-video-preview:-1\" \/>\n<link rel=\"canonical\" href=\"https:\/\/thegamblerina.org\/pl\/inicio-de-sesion-y-registro\/\" \/>\n<meta property=\"og:locale\" content=\"pl_PL\" \/>\n<meta property=\"og:type\" content=\"article\" \/>\n<meta property=\"og:title\" content=\"Gamblerina Casino Login \u2013 Zaloguj si\u0119 lub Zarejestruj | Bezpieczny Dost\u0119p\" \/>\n<meta property=\"og:description\" content=\"Gamblerina Casino Login \u2013 za\u0142\u00f3\u017c nowe konto w kilka sekund lub zaloguj si\u0119 ponownie z najnowocze\u015bniejszym szyfrowaniem i weryfikacj\u0105 biometryczn\u0105. Monitoruj swoj\u0105 aktywno\u015b\u0107 zak\u0142ad\u00f3w, odbieraj oczekuj\u0105ce nagrody i dostosuj narz\u0119dzia odpowiedzialnej gry z jednego panelu w Gamble Rina.\" \/>\n<meta property=\"og:url\" content=\"https:\/\/thegamblerina.org\/pl\/inicio-de-sesion-y-registro\/\" \/>\n<meta property=\"og:site_name\" content=\"gamblerina\" \/>\n<meta property=\"article:modified_time\" content=\"2026-04-24T13:46:22+00:00\" \/>\n<meta name=\"twitter:card\" content=\"summary_large_image\" \/>\n<meta name=\"twitter:label1\" content=\"Est. reading time\" \/>\n\t<meta name=\"twitter:data1\" content=\"1 minute\" \/>\n<script type=\"application\/ld+json\" class=\"yoast-schema-graph\">{\"@context\":\"https:\\\/\\\/schema.org\",\"@graph\":[{\"@type\":\"WebPage\",\"@id\":\"https:\\\/\\\/thegamblerina.org\\\/pl\\\/inicio-de-sesion-y-registro\\\/\",\"url\":\"https:\\\/\\\/thegamblerina.org\\\/pl\\\/inicio-de-sesion-y-registro\\\/\",\"name\":\"Gamblerina Casino Login \u2013 Zaloguj si\u0119 lub Zarejestruj | Bezpieczny Dost\u0119p\",\"isPartOf\":{\"@id\":\"https:\\\/\\\/thegamblerina.org\\\/pl\\\/#website\"},\"datePublished\":\"2026-04-23T14:16:20+00:00\",\"dateModified\":\"2026-04-24T13:46:22+00:00\",\"description\":\"Gamblerina Casino Login \u2013 za\u0142\u00f3\u017c nowe konto w kilka sekund lub zaloguj si\u0119 ponownie z najnowocze\u015bniejszym szyfrowaniem i weryfikacj\u0105 biometryczn\u0105. Monitoruj swoj\u0105 aktywno\u015b\u0107 zak\u0142ad\u00f3w, odbieraj oczekuj\u0105ce nagrody i dostosuj narz\u0119dzia odpowiedzialnej gry z jednego panelu w Gamble Rina.\",\"breadcrumb\":{\"@id\":\"https:\\\/\\\/thegamblerina.org\\\/pl\\\/inicio-de-sesion-y-registro\\\/#breadcrumb\"},\"inLanguage\":\"pl-PL\",\"potentialAction\":[{\"@type\":\"ReadAction\",\"target\":[\"https:\\\/\\\/thegamblerina.org\\\/pl\\\/inicio-de-sesion-y-registro\\\/\"]}]},{\"@type\":\"BreadcrumbList\",\"@id\":\"https:\\\/\\\/thegamblerina.org\\\/pl\\\/inicio-de-sesion-y-registro\\\/#breadcrumb\",\"itemListElement\":[{\"@type\":\"ListItem\",\"position\":1,\"name\":\"Gamblerina\",\"item\":\"https:\\\/\\\/thegamblerina.org\\\/pl\\\/\"},{\"@type\":\"ListItem\",\"position\":2,\"name\":\"Inicio de sesi\u00f3n y Registro\"}]},{\"@type\":\"WebSite\",\"@id\":\"https:\\\/\\\/thegamblerina.org\\\/pl\\\/#website\",\"url\":\"https:\\\/\\\/thegamblerina.org\\\/pl\\\/\",\"name\":\"Gamblerina\",\"description\":\"\",\"publisher\":{\"@id\":\"https:\\\/\\\/thegamblerina.org\\\/pl\\\/#organization\"},\"potentialAction\":[{\"@type\":\"SearchAction\",\"target\":{\"@type\":\"EntryPoint\",\"urlTemplate\":\"https:\\\/\\\/thegamblerina.org\\\/pl\\\/?s={search_term_string}\"},\"query-input\":{\"@type\":\"PropertyValueSpecification\",\"valueRequired\":true,\"valueName\":\"search_term_string\"}}],\"inLanguage\":\"pl-PL\"},{\"@type\":\"Organization\",\"@id\":\"https:\\\/\\\/thegamblerina.org\\\/pl\\\/#organization\",\"name\":\"Gamblerina\",\"url\":\"https:\\\/\\\/thegamblerina.org\\\/pl\\\/\",\"logo\":{\"@type\":\"ImageObject\",\"inLanguage\":\"pl-PL\",\"@id\":\"https:\\\/\\\/thegamblerina.org\\\/pl\\\/#\\\/schema\\\/logo\\\/image\\\/\",\"url\":\"https:\\\/\\\/thegamblerina.org\\\/wp-content\\\/uploads\\\/2026\\\/02\\\/Gamblerina-logo.svg\",\"contentUrl\":\"https:\\\/\\\/thegamblerina.org\\\/wp-content\\\/uploads\\\/2026\\\/02\\\/Gamblerina-logo.svg\",\"caption\":\"Gamblerina\"},\"image\":{\"@id\":\"https:\\\/\\\/thegamblerina.org\\\/pl\\\/#\\\/schema\\\/logo\\\/image\\\/\"}}]}<\/script>\n<!-- \/ Yoast SEO plugin. -->","yoast_head_json":{"title":"Gamblerina Casino Login \u2013 Zaloguj si\u0119 lub Zarejestruj | Bezpieczny Dost\u0119p","description":"Gamblerina Casino Login \u2013 za\u0142\u00f3\u017c nowe konto w kilka sekund lub zaloguj si\u0119 ponownie z najnowocze\u015bniejszym szyfrowaniem i weryfikacj\u0105 biometryczn\u0105. Monitoruj swoj\u0105 aktywno\u015b\u0107 zak\u0142ad\u00f3w, odbieraj oczekuj\u0105ce nagrody i dostosuj narz\u0119dzia odpowiedzialnej gry z jednego panelu w Gamble Rina.","robots":{"index":"index","follow":"follow","max-snippet":"max-snippet:-1","max-image-preview":"max-image-preview:large","max-video-preview":"max-video-preview:-1"},"canonical":"https:\/\/thegamblerina.org\/pl\/inicio-de-sesion-y-registro\/","og_locale":"pl_PL","og_type":"article","og_title":"Gamblerina Casino Login \u2013 Zaloguj si\u0119 lub Zarejestruj | Bezpieczny Dost\u0119p","og_description":"Gamblerina Casino Login \u2013 za\u0142\u00f3\u017c nowe konto w kilka sekund lub zaloguj si\u0119 ponownie z najnowocze\u015bniejszym szyfrowaniem i weryfikacj\u0105 biometryczn\u0105. Monitoruj swoj\u0105 aktywno\u015b\u0107 zak\u0142ad\u00f3w, odbieraj oczekuj\u0105ce nagrody i dostosuj narz\u0119dzia odpowiedzialnej gry z jednego panelu w Gamble Rina.","og_url":"https:\/\/thegamblerina.org\/pl\/inicio-de-sesion-y-registro\/","og_site_name":"gamblerina","article_modified_time":"2026-04-24T13:46:22+00:00","twitter_card":"summary_large_image","twitter_misc":{"Est. reading time":"1 minute"},"schema":{"@context":"https:\/\/schema.org","@graph":[{"@type":"WebPage","@id":"https:\/\/thegamblerina.org\/pl\/inicio-de-sesion-y-registro\/","url":"https:\/\/thegamblerina.org\/pl\/inicio-de-sesion-y-registro\/","name":"Gamblerina Casino Login \u2013 Zaloguj si\u0119 lub Zarejestruj | Bezpieczny Dost\u0119p","isPartOf":{"@id":"https:\/\/thegamblerina.org\/pl\/#website"},"datePublished":"2026-04-23T14:16:20+00:00","dateModified":"2026-04-24T13:46:22+00:00","description":"Gamblerina Casino Login \u2013 za\u0142\u00f3\u017c nowe konto w kilka sekund lub zaloguj si\u0119 ponownie z najnowocze\u015bniejszym szyfrowaniem i weryfikacj\u0105 biometryczn\u0105. Monitoruj swoj\u0105 aktywno\u015b\u0107 zak\u0142ad\u00f3w, odbieraj oczekuj\u0105ce nagrody i dostosuj narz\u0119dzia odpowiedzialnej gry z jednego panelu w Gamble Rina.","breadcrumb":{"@id":"https:\/\/thegamblerina.org\/pl\/inicio-de-sesion-y-registro\/#breadcrumb"},"inLanguage":"pl-PL","potentialAction":[{"@type":"ReadAction","target":["https:\/\/thegamblerina.org\/pl\/inicio-de-sesion-y-registro\/"]}]},{"@type":"BreadcrumbList","@id":"https:\/\/thegamblerina.org\/pl\/inicio-de-sesion-y-registro\/#breadcrumb","itemListElement":[{"@type":"ListItem","position":1,"name":"Gamblerina","item":"https:\/\/thegamblerina.org\/pl\/"},{"@type":"ListItem","position":2,"name":"Inicio de sesi\u00f3n y Registro"}]},{"@type":"WebSite","@id":"https:\/\/thegamblerina.org\/pl\/#website","url":"https:\/\/thegamblerina.org\/pl\/","name":"Gamblerina","description":"","publisher":{"@id":"https:\/\/thegamblerina.org\/pl\/#organization"},"potentialAction":[{"@type":"SearchAction","target":{"@type":"EntryPoint","urlTemplate":"https:\/\/thegamblerina.org\/pl\/?s={search_term_string}"},"query-input":{"@type":"PropertyValueSpecification","valueRequired":true,"valueName":"search_term_string"}}],"inLanguage":"pl-PL"},{"@type":"Organization","@id":"https:\/\/thegamblerina.org\/pl\/#organization","name":"Gamblerina","url":"https:\/\/thegamblerina.org\/pl\/","logo":{"@type":"ImageObject","inLanguage":"pl-PL","@id":"https:\/\/thegamblerina.org\/pl\/#\/schema\/logo\/image\/","url":"https:\/\/thegamblerina.org\/wp-content\/uploads\/2026\/02\/Gamblerina-logo.svg","contentUrl":"https:\/\/thegamblerina.org\/wp-content\/uploads\/2026\/02\/Gamblerina-logo.svg","caption":"Gamblerina"},"image":{"@id":"https:\/\/thegamblerina.org\/pl\/#\/schema\/logo\/image\/"}}]}},"_links":{"self":[{"href":"https:\/\/thegamblerina.org\/pl\/wp-json\/wp\/v2\/pages\/1444","targetHints":{"allow":["GET"]}}],"collection":[{"href":"https:\/\/thegamblerina.org\/pl\/wp-json\/wp\/v2\/pages"}],"about":[{"href":"https:\/\/thegamblerina.org\/pl\/wp-json\/wp\/v2\/types\/page"}],"author":[{"embeddable":true,"href":"https:\/\/thegamblerina.org\/pl\/wp-json\/wp\/v2\/users\/20"}],"replies":[{"embeddable":true,"href":"https:\/\/thegamblerina.org\/pl\/wp-json\/wp\/v2\/comments?post=1444"}],"version-history":[{"count":2,"href":"https:\/\/thegamblerina.org\/pl\/wp-json\/wp\/v2\/pages\/1444\/revisions"}],"predecessor-version":[{"id":1887,"href":"https:\/\/thegamblerina.org\/pl\/wp-json\/wp\/v2\/pages\/1444\/revisions\/1887"}],"wp:attachment":[{"href":"https:\/\/thegamblerina.org\/pl\/wp-json\/wp\/v2\/media?parent=1444"}],"curies":[{"name":"wp","href":"https:\/\/api.w.org\/{rel}","templated":true}]}}