{"id":1413,"date":"2026-04-23T15:11:42","date_gmt":"2026-04-23T14:11:42","guid":{"rendered":"https:\/\/thegamblerina.org\/aplicacion\/"},"modified":"2026-04-24T14:43:45","modified_gmt":"2026-04-24T13:43:45","slug":"aplikacja","status":"publish","type":"page","link":"https:\/\/thegamblerina.org\/pl\/aplikacja\/","title":{"rendered":"Aplikacja"},"content":{"rendered":"<h1>Aplikacja Gamblerina: mobilne kasyno<\/h1>\n<p>Gamblerina app poprawia Twoje wra\u017cenia z gry i pozwala z \u0142atwo\u015bci\u0105 gra\u0107 w podr\u00f3\u017cy. Przenie\u015bli\u015bmy wszystkie funkcje wersji internetowej, dbaj\u0105c jednocze\u015bnie o przyjazny dla u\u017cytkownika wygl\u0105d zoptymalizowany pod k\u0105tem smartfon\u00f3w. Nasze mobilne kasyno oferuje takie funkcje, jak tryb pe\u0142noekranowy, konfigurowalne powiadomienia push i wiele innych. Ka\u017cdy gracz z Polski ma dost\u0119p do ca\u0142ej naszej biblioteki gier, w tym do automat\u00f3w online, sekcji z krupierami na \u017cywo i wielu innych atrakcji. Aplikacj\u0119 mo\u017cna pobra\u0107 na urz\u0105dzenia mobilne z systemem iOS i Android, a tak\u017ce na komputery stacjonarne.<\/p>\n<div class=\"banner-wrap\" aria-label=\"Banner\"><img src=\"https:\/\/thegamblerina.org\/wp-content\/uploads\/Gamblerina-banner-carousel-800\u0445400.webp\" class=\"w-100 d-none d-lg-block img-pc main-banner-img\" alt=\"Gamblerina banner carousel\" fetchpriority=\"high\" decoding=\"async\"><img src=\"https:\/\/thegamblerina.org\/wp-content\/uploads\/gamblerina-banner-mobile.webp\" class=\"w-100 d-none d-md-block d-lg-none main-banner-img\" alt=\"gamblerina banner mobile\" fetchpriority=\"high\" decoding=\"async\"><img src=\"https:\/\/thegamblerina.org\/wp-content\/uploads\/gamblerina-banner-mobile.webp\" class=\"w-100 d-md-none\" alt=\"gamblerina banner mobile\" fetchpriority=\"high\" decoding=\"async\"><div class=\"banner-description\">\n<div class=\"banner-title\">Bonusy powitalne<\/div>\n<p class=\"banner-header-title\">1500 \u20ac<\/p>\n<div class=\"banner-header-AdditionalText\">+ 250 Darmowe spiny<\/div>\n<button data-item=\"homepage_banner_link\" class=\"goto m-button m-gradient-border m-button--primary m-button--large banner-button btn-orange\">\n            <div class=\"m-button-content\">\n                <span>Zarejestruj si\u0119 teraz<\/span>\n                <span><\/span>\n            <\/div>\n        <\/button>\n<\/div>\n<div class=\"WelcomePack\">\n<p><img loading=\"lazy\" decoding=\"async\" class=\"alignnone size-full wp-image-1554\" src=\"https:\/\/thegamblerina.org\/wp-content\/uploads\/welcome-crown.png\" alt=\"welcome-crown\" width=\"25\" height=\"26\" \/><\/p>\n<div class=\"WelcomePack-Info\">Cotygodniowy zwrot got\u00f3wki do 25%<\/div>\n<p><img loading=\"lazy\" decoding=\"async\" class=\"alignnone size-full wp-image-1554\" src=\"https:\/\/thegamblerina.org\/wp-content\/uploads\/welcome-crown.png\" alt=\"welcome-crown\" width=\"25\" height=\"26\" \/><\/p>\n<\/div>\n<\/div>\n<h2>Platforma mobilna Gamblerina<\/h2>\n<p>Naszym priorytetem jest przeniesienie wszystkich zalet wersji internetowej kasyna Gamblerina do aplikacji mobilnej bez utraty wygody i mobilno\u015bci. Wybrali\u015bmy progresywne aplikacje internetowe (PWA) z kilku powod\u00f3w. Po pierwsze, pobieraj\u0105 si\u0119 one bezpo\u015brednio ze strony, co pozwala unikn\u0105\u0107 korzystania z zasob\u00f3w stron trzecich. Po drugie, nasze oprogramowanie zajmuje niewiele miejsca na urz\u0105dzeniu, w przeciwie\u0144stwie do jego odpowiednik\u00f3w ze sklep\u00f3w z aplikacjami. I wreszcie, PWA aktualizuj\u0105 si\u0119 automatycznie i nie wymagaj\u0105 \u017cadnej interakcji ze strony u\u017cytkownika. Je\u015bli por\u00f3wnamy nasz\u0105 aplikacj\u0119 z wersj\u0105 przegl\u0105darkow\u0105, oto g\u0142\u00f3wne zalety, kt\u00f3re mo\u017cemy podkre\u015bli\u0107:<\/p>\n<table>\n<tbody>\n<tr>\n<td>Zaleta<\/td>\n<td>Opis<\/td>\n<\/tr>\n<tr>\n<td>Sterowanie dotykowe<\/td>\n<td>Przyciski i menu dostosowane do wygodnej nawigacji<\/td>\n<\/tr>\n<tr>\n<td>Zoptymalizowany wygl\u0105d mobilny<\/td>\n<td>Przejrzysty uk\u0142ad, bez konieczno\u015bci powi\u0119kszania lub przewijania w poziomie<\/td>\n<\/tr>\n<tr>\n<td>Powiadomienia push<\/td>\n<td>Aktualizacje w czasie rzeczywistym o promocjach i wydarzeniach<\/td>\n<\/tr>\n<tr>\n<td>Szybsze \u0142adowanie<\/td>\n<td>Zoptymalizowana wydajno\u015b\u0107 dla dost\u0119pu w podr\u00f3\u017cy<\/td>\n<\/tr>\n<\/tbody>\n<\/table>\n<h2>Wersje mobilne Gamblerina<\/h2>\n<p>Mobilne wersje naszej aplikacji Gamblerina dzia\u0142aj\u0105 p\u0142ynniej i s\u0105 dost\u0119pne do pobrania na iOS i Androida. Niekt\u00f3re kategorie gier, takie jak gry crash, sprawiaj\u0105 jeszcze wi\u0119cej frajdy dzi\u0119ki szybkim rundom. Proces logowania przebiega dok\u0142adnie tak samo jak w wersji przegl\u0105darkowej; nie musisz podawa\u0107 \u017cadnych dodatkowych informacji. Kroki pobierania r\u00f3\u017cni\u0105 si\u0119 nieco w zale\u017cno\u015bci od platformy, na kt\u00f3rej dzia\u0142a Tw\u00f3j smartfon. Po uruchomieniu program otwiera si\u0119 w trybie pe\u0142noekranowym i najlepiej sprawdza si\u0119 na ekranach dotykowych.<\/p>\n<p><div class=\"scrollable-content-wrap my-5\"><div class=\"scrollable-content-inner\"><h2>Instalacja aplikacji na iOS krok po kroku<\/h2>\n<p>Aby pobra\u0107 oprogramowanie kasyna Gamble Rina na swojego iPhone&#8217;a lub iPada, wystarczy wykona\u0107 kilka prostych krok\u00f3w:<\/p>\n<ol>\n<li>Otw\u00f3rz przegl\u0105dark\u0119 Safari i przejd\u017a na nasz\u0105 oficjaln\u0105 stron\u0119.<\/li>\n<li>Kliknij przycisk \u201eUdost\u0119pnij\u201d na dole ekranu.<\/li>\n<li>Nast\u0119pnie przewi\u0144 w d\u00f3\u0142 i dotknij \u201eDodaj do ekranu g\u0142\u00f3wnego\u201d.<\/li>\n<li>Wybierz nazw\u0119 dla aplikacji lub pozostaw j\u0105 bez zmian, a nast\u0119pnie dotknij \u201eDodaj\u201d w prawym g\u00f3rnym rogu.<\/li>\n<\/ol>\n<p>Poczekaj, a\u017c ikona pojawi si\u0119 na ekranie. Po zalogowaniu si\u0119 do programu zako\u0144cz proces weryfikacji, aby uzyska\u0107 dost\u0119p do wyp\u0142at z konta i innych funkcji. Je\u015bli napotkasz jakiekolwiek problemy z wykonaniem powy\u017cszych krok\u00f3w, skontaktuj si\u0119 z naszym zespo\u0142em pomocy technicznej poprzez czat na \u017cywo lub e-mail.<\/p>\n<p><img loading=\"lazy\" decoding=\"async\" src=\"https:\/\/thegamblerina.org\/wp-content\/uploads\/Gamblerina-iOS-App.webp\" alt=\"Gamblerina iOS App\" width=\"1248\" height=\"536\" \/><\/p>\n<\/div><\/div><div style=\"clear: both\"><\/div><div class=\"d-flex justify-content-center\"><button data-item=\"decouvrez_link\" data-group=\"website_links\" class=\"goto fw-bold rounded-pill btn btn-orange\" aria-label=\"Pobierz aplikacj\u0119 Gamblerina\" >Pobierz aplikacj\u0119 Gamblerina<\/button><\/div><div class=\"scrollable-content-wrap my-5\"><div class=\"scrollable-content-inner\"><h2>Pobieranie i korzystanie z aplikacji na Androida<\/h2>\n<p>U\u017cytkownicy Androida mog\u0105 skonfigurowa\u0107 aplikacj\u0119 Gamblerina w przegl\u0105darce, podobnie jak u\u017cytkownicy iOS, i nie musz\u0105 nawet wchodzi\u0107 do Google Play. Otw\u00f3rz nasz\u0105 stron\u0119 w przegl\u0105darce, kliknij menu z trzema kropkami, a nast\u0119pnie kliknij przycisk \u201eDodaj do ekranu g\u0142\u00f3wnego\u201d. Po potwierdzeniu konfiguracji odpowiednia ikona pojawi si\u0119 na Twoim ekranie g\u0142\u00f3wnym.<\/p>\n<p><img loading=\"lazy\" decoding=\"async\" src=\"https:\/\/thegamblerina.org\/wp-content\/uploads\/Gamblerina-Android-App.webp\" alt=\"Gamblerina Android App\" width=\"1248\" height=\"536\" \/><\/p>\n<\/div><\/div><div style=\"clear: both\"><\/div><div class=\"d-flex justify-content-center\"><button data-item=\"decouvrez_link\" data-group=\"website_links\" class=\"goto fw-bold rounded-pill btn btn-orange\" aria-label=\"Pobierz aplikacj\u0119 Gamblerina\" >Pobierz aplikacj\u0119 Gamblerina<\/button><\/div><div class=\"scrollable-content-wrap my-5\"><div class=\"scrollable-content-inner\"><h2>Aplikacja Gamblerina na Windows i macOS<\/h2>\n<p>Nasza aplikacja Gamblerina jest r\u00f3wnie\u017c dost\u0119pna do pobrania na systemy Windows i macOS. Wystarczy wej\u015b\u0107 na nasz\u0105 stron\u0119 i klikn\u0105\u0107 przycisk \u201eZainstaluj\u201d w pasku adresu, aby j\u0105 skonfigurowa\u0107. Po ostatnim potwierdzeniu ikona zostanie dodana do pulpitu, sk\u0105d b\u0119dziesz mie\u0107 do niej dost\u0119p w dowolnym momencie. Dzia\u0142a ona zauwa\u017calnie szybciej ni\u017c wersja internetowa i, podobnie jak na urz\u0105dzeniach mobilnych, obs\u0142uguje tryb pe\u0142noekranowy. Aplikacja pozwala te\u017c dostosowa\u0107 powiadomienia push, dzi\u0119ki czemu mo\u017cesz je otrzymywa\u0107 selektywnie wed\u0142ug kategorii lub rodzaju promocji.<\/p>\n<h2>Funkcje bezpiecze\u0144stwa aplikacji<\/h2>\n<p>Wszystkie dane przesy\u0142ane przez aplikacj\u0119 Gamblerina na smartfony s\u0105 szyfrowane protoko\u0142em TLS 1.3 i przesy\u0142ane przez HTTPS \u2013 to ten sam poziom ochrony, co na komputerach. Twoje dane osobowe nie b\u0119d\u0105 zbierane bez Twojej zgody, bo aplikacja wymaga tylko zwyk\u0142ego dost\u0119pu przez przegl\u0105dark\u0119. Dzi\u0119ki automatycznym aktualizacjom najnowsze poprawki bezpiecze\u0144stwa s\u0105 instalowane od razu, bez \u017cadnego wysi\u0142ku z Twojej strony. Na urz\u0105dzeniach, kt\u00f3re to obs\u0142uguj\u0105, uwierzytelnianie biometryczne zapewnia dodatkow\u0105 warstw\u0119 bezpiecze\u0144stwa konta zar\u00f3wno przy logowaniu, jak i potwierdzaniu transakcji.<\/p>\n<h2><img loading=\"lazy\" decoding=\"async\" src=\"https:\/\/thegamblerina.org\/wp-content\/uploads\/Gamblerina-Desktop.webp\" alt=\"Gamblerina Desktop\" width=\"1248\" height=\"536\" \/><\/h2>\n<\/div><\/div><div style=\"clear: both\"><\/div><div class=\"d-flex justify-content-center\"><button data-item=\"decouvrez_link\" data-group=\"website_links\" class=\"goto fw-bold rounded-pill btn btn-orange\" aria-label=\"Pobierz aplikacj\u0119 Gamblerina\" >Pobierz aplikacj\u0119 Gamblerina<\/button><\/div><div class=\"scrollable-content-wrap my-5\"><div class=\"scrollable-content-inner\"><h2>FAQ<\/h2>\n<h3>Czy aplikacj\u0119 Gamblerina mo\u017cna pobra\u0107 za darmo?<\/h3>\n<p>Tak, mo\u017cesz pobra\u0107 Gamble Rina za darmo i zainstalowa\u0107 j\u0105 na dowolnym urz\u0105dzeniu, kt\u00f3re to obs\u0142uguje. Dost\u0119p, pobranie lub uruchomienie samego programu nic nie kosztuje. Je\u015bli chcesz gra\u0107 na prawdziwe pieni\u0105dze, wystarczy wp\u0142aci\u0107 \u015brodki na swoje konto.<\/p>\n<h3>Czy oprogramowanie szybko wyczerpie bateri\u0119 mojego telefonu?<\/h3>\n<p>Aplikacja Gamblerina PWA zosta\u0142a stworzona tak, aby zu\u017cywa\u0107 znacznie mniej energii ni\u017c natywne programy kasynowe, poniewa\u017c jest zoptymalizowana pod k\u0105tem oszcz\u0119dno\u015bci energii. W przeciwie\u0144stwie do standardowego oprogramowania, kt\u00f3re uruchamia wiele proces\u00f3w w tle, nasza aplikacja PWA dzia\u0142a tylko wtedy, gdy jest aktywna. Dzi\u0119ki temu bateria d\u0142u\u017cej wytrzymuje, wi\u0119c mo\u017cesz gra\u0107 d\u0142u\u017cej, gdy jeste\u015b w drodze.<\/p>\n<h3>Czy mog\u0119 korzysta\u0107 z tego samego konta w aplikacji i na komputerze jednocze\u015bnie?<\/h3>\n<p>Tak, mo\u017cesz by\u0107 zalogowany do kasyna Gamblerina jednocze\u015bnie na telefonie i komputerze. Je\u015bli jednak rozpoczniesz gr\u0119 na jednym urz\u0105dzeniu, graj\u0105c jednocze\u015bnie na innym, pierwsza sesja zostanie przerwana. Zapobiega to nadu\u017cywaniu bonus\u00f3w i u\u0142atwia dost\u0119p z wielu urz\u0105dze\u0144.<\/p>\n<h3>Czy aplikacja obs\u0142uguje tryb offline w jakichkolwiek grach?<\/h3>\n<p>Aby gra\u0107 na prawdziwe pieni\u0105dze i zarz\u0105dza\u0107 kontem, program Gamble Rina Casino musi by\u0107 pod\u0142\u0105czony do internetu. Niekt\u00f3re wersje demo automat\u00f3w mo\u017cna uruchomi\u0107 bez internetu po pierwszym za\u0142adowaniu, ale \u017ceby korzysta\u0107 ze wszystkich funkcji, takich jak wp\u0142aty i wyp\u0142aty oraz gry z krupierem na \u017cywo, musisz mie\u0107 po\u0142\u0105czenie z sieci\u0105.<\/p>\n<\/div><\/div><\/p>\n","protected":false},"excerpt":{"rendered":"<p>Aplikacja Gamblerina: mobilne kasyno Gamblerina app poprawia Twoje wra\u017cenia z gry i pozwala z \u0142atwo\u015bci\u0105 gra\u0107 w podr\u00f3\u017cy. Przenie\u015bli\u015bmy wszystkie funkcje wersji internetowej, dbaj\u0105c jednocze\u015bnie o przyjazny dla u\u017cytkownika wygl\u0105d zoptymalizowany pod k\u0105tem smartfon\u00f3w. Nasze mobilne kasyno oferuje takie funkcje, jak tryb pe\u0142noekranowy, konfigurowalne powiadomienia push i wiele innych. Ka\u017cdy gracz z Polski ma dost\u0119p [&hellip;]<\/p>\n","protected":false},"author":20,"featured_media":0,"parent":0,"menu_order":0,"comment_status":"closed","ping_status":"closed","template":"template-builder.php","meta":{"_acf_changed":false,"inline_featured_image":false,"footnotes":""},"class_list":["post-1413","page","type-page","status-publish","hentry"],"acf":[],"yoast_head":"<!-- This site is optimized with the Yoast SEO plugin v27.3 - https:\/\/yoast.com\/product\/yoast-seo-wordpress\/ -->\n<title>Gamblerina Casino Web App | Mobile &amp; Desktop<\/title>\n<meta name=\"description\" content=\"Gamblerina Casino Web App \u2013 uruchom kasyno przegl\u0105darkowe natychmiast na ka\u017cdym urz\u0105dzeniu mobilnym lub desktopowym bez pobierania czegokolwiek. Ciesz si\u0119 pe\u0142nym dost\u0119pem do gier, bezpiecznymi logowaniami i synchronizacj\u0105 w czasie rzeczywistym na wszystkich ekranach w Gamble Rina.\" \/>\n<meta name=\"robots\" content=\"index, follow, max-snippet:-1, max-image-preview:large, max-video-preview:-1\" \/>\n<link rel=\"canonical\" href=\"https:\/\/thegamblerina.org\/pl\/aplikacja\/\" \/>\n<meta property=\"og:locale\" content=\"pl_PL\" \/>\n<meta property=\"og:type\" content=\"article\" \/>\n<meta property=\"og:title\" content=\"Gamblerina Casino Web App | Mobile &amp; Desktop\" \/>\n<meta property=\"og:description\" content=\"Gamblerina Casino Web App \u2013 uruchom kasyno przegl\u0105darkowe natychmiast na ka\u017cdym urz\u0105dzeniu mobilnym lub desktopowym bez pobierania czegokolwiek. Ciesz si\u0119 pe\u0142nym dost\u0119pem do gier, bezpiecznymi logowaniami i synchronizacj\u0105 w czasie rzeczywistym na wszystkich ekranach w Gamble Rina.\" \/>\n<meta property=\"og:url\" content=\"https:\/\/thegamblerina.org\/pl\/aplikacja\/\" \/>\n<meta property=\"og:site_name\" content=\"gamblerina\" \/>\n<meta property=\"article:modified_time\" content=\"2026-04-24T13:43:45+00:00\" \/>\n<meta name=\"twitter:card\" content=\"summary_large_image\" \/>\n<meta name=\"twitter:label1\" content=\"Est. reading time\" \/>\n\t<meta name=\"twitter:data1\" content=\"2 minutes\" \/>\n<script type=\"application\/ld+json\" class=\"yoast-schema-graph\">{\"@context\":\"https:\\\/\\\/schema.org\",\"@graph\":[{\"@type\":\"WebPage\",\"@id\":\"https:\\\/\\\/thegamblerina.org\\\/pl\\\/aplikacja\\\/\",\"url\":\"https:\\\/\\\/thegamblerina.org\\\/pl\\\/aplikacja\\\/\",\"name\":\"Gamblerina Casino Web App | Mobile & Desktop\",\"isPartOf\":{\"@id\":\"https:\\\/\\\/thegamblerina.org\\\/pl\\\/#website\"},\"datePublished\":\"2026-04-23T14:11:42+00:00\",\"dateModified\":\"2026-04-24T13:43:45+00:00\",\"description\":\"Gamblerina Casino Web App \u2013 uruchom kasyno przegl\u0105darkowe natychmiast na ka\u017cdym urz\u0105dzeniu mobilnym lub desktopowym bez pobierania czegokolwiek. Ciesz si\u0119 pe\u0142nym dost\u0119pem do gier, bezpiecznymi logowaniami i synchronizacj\u0105 w czasie rzeczywistym na wszystkich ekranach w Gamble Rina.\",\"breadcrumb\":{\"@id\":\"https:\\\/\\\/thegamblerina.org\\\/pl\\\/aplikacja\\\/#breadcrumb\"},\"inLanguage\":\"pl-PL\",\"potentialAction\":[{\"@type\":\"ReadAction\",\"target\":[\"https:\\\/\\\/thegamblerina.org\\\/pl\\\/aplikacja\\\/\"]}]},{\"@type\":\"BreadcrumbList\",\"@id\":\"https:\\\/\\\/thegamblerina.org\\\/pl\\\/aplikacja\\\/#breadcrumb\",\"itemListElement\":[{\"@type\":\"ListItem\",\"position\":1,\"name\":\"Gamblerina\",\"item\":\"https:\\\/\\\/thegamblerina.org\\\/pl\\\/\"},{\"@type\":\"ListItem\",\"position\":2,\"name\":\"Aplikacja\"}]},{\"@type\":\"WebSite\",\"@id\":\"https:\\\/\\\/thegamblerina.org\\\/pl\\\/#website\",\"url\":\"https:\\\/\\\/thegamblerina.org\\\/pl\\\/\",\"name\":\"Gamblerina\",\"description\":\"\",\"publisher\":{\"@id\":\"https:\\\/\\\/thegamblerina.org\\\/pl\\\/#organization\"},\"potentialAction\":[{\"@type\":\"SearchAction\",\"target\":{\"@type\":\"EntryPoint\",\"urlTemplate\":\"https:\\\/\\\/thegamblerina.org\\\/pl\\\/?s={search_term_string}\"},\"query-input\":{\"@type\":\"PropertyValueSpecification\",\"valueRequired\":true,\"valueName\":\"search_term_string\"}}],\"inLanguage\":\"pl-PL\"},{\"@type\":\"Organization\",\"@id\":\"https:\\\/\\\/thegamblerina.org\\\/pl\\\/#organization\",\"name\":\"Gamblerina\",\"url\":\"https:\\\/\\\/thegamblerina.org\\\/pl\\\/\",\"logo\":{\"@type\":\"ImageObject\",\"inLanguage\":\"pl-PL\",\"@id\":\"https:\\\/\\\/thegamblerina.org\\\/pl\\\/#\\\/schema\\\/logo\\\/image\\\/\",\"url\":\"https:\\\/\\\/thegamblerina.org\\\/wp-content\\\/uploads\\\/2026\\\/02\\\/Gamblerina-logo.svg\",\"contentUrl\":\"https:\\\/\\\/thegamblerina.org\\\/wp-content\\\/uploads\\\/2026\\\/02\\\/Gamblerina-logo.svg\",\"caption\":\"Gamblerina\"},\"image\":{\"@id\":\"https:\\\/\\\/thegamblerina.org\\\/pl\\\/#\\\/schema\\\/logo\\\/image\\\/\"}}]}<\/script>\n<!-- \/ Yoast SEO plugin. -->","yoast_head_json":{"title":"Gamblerina Casino Web App | Mobile & Desktop","description":"Gamblerina Casino Web App \u2013 uruchom kasyno przegl\u0105darkowe natychmiast na ka\u017cdym urz\u0105dzeniu mobilnym lub desktopowym bez pobierania czegokolwiek. Ciesz si\u0119 pe\u0142nym dost\u0119pem do gier, bezpiecznymi logowaniami i synchronizacj\u0105 w czasie rzeczywistym na wszystkich ekranach w Gamble Rina.","robots":{"index":"index","follow":"follow","max-snippet":"max-snippet:-1","max-image-preview":"max-image-preview:large","max-video-preview":"max-video-preview:-1"},"canonical":"https:\/\/thegamblerina.org\/pl\/aplikacja\/","og_locale":"pl_PL","og_type":"article","og_title":"Gamblerina Casino Web App | Mobile & Desktop","og_description":"Gamblerina Casino Web App \u2013 uruchom kasyno przegl\u0105darkowe natychmiast na ka\u017cdym urz\u0105dzeniu mobilnym lub desktopowym bez pobierania czegokolwiek. Ciesz si\u0119 pe\u0142nym dost\u0119pem do gier, bezpiecznymi logowaniami i synchronizacj\u0105 w czasie rzeczywistym na wszystkich ekranach w Gamble Rina.","og_url":"https:\/\/thegamblerina.org\/pl\/aplikacja\/","og_site_name":"gamblerina","article_modified_time":"2026-04-24T13:43:45+00:00","twitter_card":"summary_large_image","twitter_misc":{"Est. reading time":"2 minutes"},"schema":{"@context":"https:\/\/schema.org","@graph":[{"@type":"WebPage","@id":"https:\/\/thegamblerina.org\/pl\/aplikacja\/","url":"https:\/\/thegamblerina.org\/pl\/aplikacja\/","name":"Gamblerina Casino Web App | Mobile & Desktop","isPartOf":{"@id":"https:\/\/thegamblerina.org\/pl\/#website"},"datePublished":"2026-04-23T14:11:42+00:00","dateModified":"2026-04-24T13:43:45+00:00","description":"Gamblerina Casino Web App \u2013 uruchom kasyno przegl\u0105darkowe natychmiast na ka\u017cdym urz\u0105dzeniu mobilnym lub desktopowym bez pobierania czegokolwiek. Ciesz si\u0119 pe\u0142nym dost\u0119pem do gier, bezpiecznymi logowaniami i synchronizacj\u0105 w czasie rzeczywistym na wszystkich ekranach w Gamble Rina.","breadcrumb":{"@id":"https:\/\/thegamblerina.org\/pl\/aplikacja\/#breadcrumb"},"inLanguage":"pl-PL","potentialAction":[{"@type":"ReadAction","target":["https:\/\/thegamblerina.org\/pl\/aplikacja\/"]}]},{"@type":"BreadcrumbList","@id":"https:\/\/thegamblerina.org\/pl\/aplikacja\/#breadcrumb","itemListElement":[{"@type":"ListItem","position":1,"name":"Gamblerina","item":"https:\/\/thegamblerina.org\/pl\/"},{"@type":"ListItem","position":2,"name":"Aplikacja"}]},{"@type":"WebSite","@id":"https:\/\/thegamblerina.org\/pl\/#website","url":"https:\/\/thegamblerina.org\/pl\/","name":"Gamblerina","description":"","publisher":{"@id":"https:\/\/thegamblerina.org\/pl\/#organization"},"potentialAction":[{"@type":"SearchAction","target":{"@type":"EntryPoint","urlTemplate":"https:\/\/thegamblerina.org\/pl\/?s={search_term_string}"},"query-input":{"@type":"PropertyValueSpecification","valueRequired":true,"valueName":"search_term_string"}}],"inLanguage":"pl-PL"},{"@type":"Organization","@id":"https:\/\/thegamblerina.org\/pl\/#organization","name":"Gamblerina","url":"https:\/\/thegamblerina.org\/pl\/","logo":{"@type":"ImageObject","inLanguage":"pl-PL","@id":"https:\/\/thegamblerina.org\/pl\/#\/schema\/logo\/image\/","url":"https:\/\/thegamblerina.org\/wp-content\/uploads\/2026\/02\/Gamblerina-logo.svg","contentUrl":"https:\/\/thegamblerina.org\/wp-content\/uploads\/2026\/02\/Gamblerina-logo.svg","caption":"Gamblerina"},"image":{"@id":"https:\/\/thegamblerina.org\/pl\/#\/schema\/logo\/image\/"}}]}},"_links":{"self":[{"href":"https:\/\/thegamblerina.org\/pl\/wp-json\/wp\/v2\/pages\/1413","targetHints":{"allow":["GET"]}}],"collection":[{"href":"https:\/\/thegamblerina.org\/pl\/wp-json\/wp\/v2\/pages"}],"about":[{"href":"https:\/\/thegamblerina.org\/pl\/wp-json\/wp\/v2\/types\/page"}],"author":[{"embeddable":true,"href":"https:\/\/thegamblerina.org\/pl\/wp-json\/wp\/v2\/users\/20"}],"replies":[{"embeddable":true,"href":"https:\/\/thegamblerina.org\/pl\/wp-json\/wp\/v2\/comments?post=1413"}],"version-history":[{"count":2,"href":"https:\/\/thegamblerina.org\/pl\/wp-json\/wp\/v2\/pages\/1413\/revisions"}],"predecessor-version":[{"id":1885,"href":"https:\/\/thegamblerina.org\/pl\/wp-json\/wp\/v2\/pages\/1413\/revisions\/1885"}],"wp:attachment":[{"href":"https:\/\/thegamblerina.org\/pl\/wp-json\/wp\/v2\/media?parent=1413"}],"curies":[{"name":"wp","href":"https:\/\/api.w.org\/{rel}","templated":true}]}}