{"id":1443,"date":"2026-04-23T15:16:20","date_gmt":"2026-04-23T14:16:20","guid":{"rendered":"https:\/\/thegamblerina.org\/inicio-de-sesion-y-registro\/"},"modified":"2026-04-24T14:27:03","modified_gmt":"2026-04-24T13:27:03","slug":"accesso-e-registrazione","status":"publish","type":"page","link":"https:\/\/thegamblerina.org\/it\/accesso-e-registrazione\/","title":{"rendered":"Accesso e registrazione"},"content":{"rendered":"<h1>Accesso a Gamblerina<\/h1>\n<p>Ogni giocatore italiano deve completare la procedura di Gamblerina login per giocare sulla piattaforma. \u00c8 piuttosto semplice e non richiede molto tempo. Accedi al tuo account per visualizzare le promozioni in corso e tutte le funzionalit\u00e0 del sito web. Se non ti sei ancora registrato, puoi farlo nella stessa finestra inserendo i tuoi dati o cliccando sul pulsante \u00abGoogle\u00bb. Si prega di notare che l\u2019accesso \u00e8 disponibile solo per coloro che hanno raggiunto l\u2019et\u00e0 legale.<\/p>\n<p><div class=\"banner-wrap\" aria-label=\"Banner\"><img src=\"https:\/\/thegamblerina.org\/wp-content\/uploads\/Gamblerina-banner-carousel-800\u0445400.webp\" class=\"w-100 d-none d-lg-block img-pc main-banner-img\" alt=\"Gamblerina banner carousel\" fetchpriority=\"high\" decoding=\"async\"><img src=\"https:\/\/thegamblerina.org\/wp-content\/uploads\/gamblerina-banner-mobile.webp\" class=\"w-100 d-none d-md-block d-lg-none main-banner-img\" alt=\"gamblerina banner mobile\" fetchpriority=\"high\" decoding=\"async\"><img src=\"https:\/\/thegamblerina.org\/wp-content\/uploads\/gamblerina-banner-mobile.webp\" class=\"w-100 d-md-none\" alt=\"gamblerina banner mobile\" fetchpriority=\"high\" decoding=\"async\"><div class=\"banner-description\">\n<div class=\"banner-title\">Bonus di benvenuto<\/div>\n<p class=\"banner-header-title\">1500 \u20ac<\/p>\n<div class=\"banner-header-AdditionalText\">+ 250 Giri gratuiti<\/div>\n<button data-item=\"homepage_banner_link\" class=\"goto m-button m-gradient-border m-button--primary m-button--large banner-button btn-orange\">\n            <div class=\"m-button-content\">\n                <span>Iscriviti ora<\/span>\n                <span><\/span>\n            <\/div>\n        <\/button>\n<\/div>\n<div class=\"WelcomePack\">\n<p><img loading=\"lazy\" decoding=\"async\" class=\"alignnone size-full wp-image-1553\" src=\"https:\/\/thegamblerina.org\/wp-content\/uploads\/welcome-crown.png\" alt=\"welcome-crown\" width=\"25\" height=\"26\" \/><\/p>\n<div class=\"WelcomePack-Info\">Cashback settimanale fino al 25%<\/div>\n<p><img loading=\"lazy\" decoding=\"async\" class=\"alignnone size-full wp-image-1553\" src=\"https:\/\/thegamblerina.org\/wp-content\/uploads\/welcome-crown.png\" alt=\"welcome-crown\" width=\"25\" height=\"26\" \/><\/p>\n<\/div>\n<\/div><div class=\"scrollable-content-wrap my-5\"><div class=\"scrollable-content-inner\"><h2>Procedura di registrazione a Gamblerina<\/h2>\n<p>La registrazione \u00e8 il primo passo del tuo percorso su Gamblerina Casino. Una volta effettuata la registrazione, avrai accesso al tuo profilo personale, dove potrai impostare strumenti per il gioco responsabile, personalizzare le notifiche push e molto altro ancora.<\/p>\n<p>Per iniziare sulla piattaforma, cerca il pulsante \u00abRegistrati\u00bb sulla home page. Quindi inserisci il tuo indirizzo e-mail e una password sicura, oppure utilizza l\u2019opzione Google. Non dimenticare di inserire un codice promozionale se ne possiedi uno. Leggi attentamente i termini di utilizzo della piattaforma e premi nuovamente il pulsante se accetti. Il nostro Pacchetto di Benvenuto sar\u00e0 a tua disposizione una volta completata la registrazione. Se dovessi incontrare difficolt\u00e0 con questa procedura, il nostro staff di assistenza multilingue sar\u00e0 lieto di aiutarti.<\/p>\n<h2>Procedura di accesso a Gamblerina<\/h2>\n<p>Una volta completata la procedura di registrazione, potrai accedere alla procedura di accesso su Gamblerina. Ci vuole ancora meno tempo rispetto alla precedente. Per accedere al tuo account, segui questi passaggi:<\/p>\n<ol>\n<li>Premi il pulsante \u00abAccedi\u00bb nell\u2019angolo in alto a destra della pagina<\/li>\n<li>Inserisci i dati che hai usato per registrarti o clicca sul pulsante \u00abGoogle\u00bb<\/li>\n<li>Dopo aver controllato tutto, premi nuovamente il link per confermare.<\/li>\n<\/ol>\n<p>Una volta effettuato l\u2019accesso a Gamble Rina Casino, potrai gestire la tua area clienti. Utilizza i nostri strumenti per il gioco responsabile per garantire che la tua esperienza rimanga sicura e sana. Il processo di verifica \u00e8 necessario per accedere a determinate funzionalit\u00e0 del sito web, come il prelievo di fondi.<\/p>\n<h3>Hai dimenticato la password?<\/h3>\n<p>Puoi cliccare sul pulsante \u00abHai dimenticato la password?\u00bb se hai difficolt\u00e0 con l\u2019accesso a Gamblerina. Un link per reimpostare la password verr\u00e0 inviato all\u2019indirizzo e-mail che hai fornito durante la registrazione. Tuttavia, questo non funziona in tutte le situazioni. Se hai perso la tua e-mail o riscontri altri problemi con i passaggi sopra indicati, il team di assistenza clienti \u00e8 disponibile tramite live chat 24 ore su 24, 7 giorni su 7. L\u2019accesso completo al tuo profilo verr\u00e0 ripristinato una volta che avrai inviato nuovamente le informazioni che confermano la tua identit\u00e0.<\/p>\n<h2>Come proteggere il tuo account<\/h2>\n<p>Per noi \u00e8 importante che il tuo profilo rimanga sicuro. Se vuoi assicurarti che la tua esperienza su Gamblerina Casino sia sempre sicura, abbiamo preparato alcuni consigli per ridurre significativamente le possibilit\u00e0 che gli hacker abbiano accesso al tuo account:<\/p>\n<table>\n<tbody>\n<tr>\n<td>Consiglio di sicurezza<\/td>\n<td>Perch\u00e9 \u00e8 importante<\/td>\n<\/tr>\n<tr>\n<td>Utilizza una password unica e complessa<\/td>\n<td>Previene gli attacchi di forza bruta<\/td>\n<\/tr>\n<tr>\n<td>Abilita l\u2019autenticazione a due fattori<\/td>\n<td>Aggiunge una protezione extra all\u2019accesso<\/td>\n<\/tr>\n<tr>\n<td>Evita il Wi-Fi pubblico<\/td>\n<td>Riduce i rischi di intercettazione dei dati<\/td>\n<\/tr>\n<tr>\n<td>Non condividere mai i tuoi dati<\/td>\n<td>Solo tu dovresti poter accedere alla tua area clienti<\/td>\n<\/tr>\n<\/tbody>\n<\/table>\n<p>Ti consigliamo di utilizzare esclusivamente il sito web ufficiale o l\u2019app Gamblerina per collegarti alla nostra piattaforma.<\/p>\n<p><img loading=\"lazy\" decoding=\"async\" class=\"alignnone size-full wp-image-1820\" src=\"https:\/\/thegamblerina.org\/wp-content\/uploads\/Gamblerina-Login.webp\" alt=\"Gamblerina Login\" width=\"1248\" height=\"536\" srcset=\"https:\/\/thegamblerina.org\/wp-content\/uploads\/Gamblerina-Login.webp 1248w, https:\/\/thegamblerina.org\/wp-content\/uploads\/Gamblerina-Login-300x129.webp 300w, https:\/\/thegamblerina.org\/wp-content\/uploads\/Gamblerina-Login-1024x440.webp 1024w, https:\/\/thegamblerina.org\/wp-content\/uploads\/Gamblerina-Login-768x330.webp 768w\" sizes=\"auto, (max-width: 1248px) 100vw, 1248px\" \/><\/p>\n<h2>Gestione delle sessioni<\/h2>\n<p>Puoi trovare gli strumenti di gestione delle sessioni nella scheda corrispondente del tuo profilo personale. Ti aiutano a mantenere la tua esperienza di gioco sana e responsabile. Con i limiti di tempo, puoi specificare una durata massima della sessione per ogni accesso a Gamble Rina. I promemoria di pausa ti invieranno messaggi automatici agli orari che scegli. Il monitoraggio in tempo reale mostra da quanto tempo stai giocando. Dopo una lunga partita, un periodo di pausa forzato blocca brevemente il tuo account.<\/p>\n<h2>Domande frequenti<\/h2>\n<h3>Posso effettuare l\u2019accesso da pi\u00f9 dispositivi contemporaneamente?<\/h3>\n<p>S\u00ec, \u00e8 possibile, ma c\u2019\u00e8 una condizione. Verrai disconnesso dal tuo account Gamblerina Casino se giochi su pi\u00f9 dispositivi contemporaneamente. Questo viene fatto per prevenire errori e abusi del sistema da parte di utenti senza scrupoli. Ti consigliamo di disconnetterti da un dispositivo prima di iniziare a giocare su un altro per evitare interruzioni.<\/p>\n<h3>Come faccio a disconnettermi da Gamble Rina su tutti i dispositivi?<\/h3>\n<p>Per farlo, basta andare alla scheda \u00abSicurezza\u00bb nella tua area clienti e cliccare su \u00abEsci da tutti i dispositivi\u00bb. In questo modo verranno chiuse tutte le sessioni attive tranne quella corrente e dovrai effettuare nuovamente l\u2019accesso a Gamblerina su tutti i dispositivi. Utilizzando questa funzione, potrai proteggerti nel caso in cui sospetti che il tuo profilo sia stato compromesso da truffatori.<\/p>\n<h3>Perch\u00e9 devo effettuare nuovamente l\u2019accesso dopo aver chiuso il browser?<\/h3>\n<p>Quando chiudi il browser, questa funzione di sicurezza di Gamble Rina interrompe immediatamente la tua sessione. Impedisce a persone che non dovrebbero accedervi di utilizzare computer condivisi o pubblici. Anche se dimentichi di disconnetterti, il tuo account \u00e8 comunque al sicuro. Puoi rimanere connesso pi\u00f9 a lungo sui dispositivi personali attivando la funzione \u00abRicordami\u00bb.<\/p>\n<\/div><\/div><\/p>\n","protected":false},"excerpt":{"rendered":"<p>Accesso a Gamblerina Ogni giocatore italiano deve completare la procedura di Gamblerina login per giocare sulla piattaforma. \u00c8 piuttosto semplice e non richiede molto tempo. Accedi al tuo account per visualizzare le promozioni in corso e tutte le funzionalit\u00e0 del sito web. Se non ti sei ancora registrato, puoi farlo nella stessa finestra inserendo i [&hellip;]<\/p>\n","protected":false},"author":20,"featured_media":0,"parent":0,"menu_order":0,"comment_status":"closed","ping_status":"closed","template":"template-builder.php","meta":{"_acf_changed":false,"inline_featured_image":false,"footnotes":""},"class_list":["post-1443","page","type-page","status-publish","hentry"],"acf":[],"yoast_head":"<!-- This site is optimized with the Yoast SEO plugin v27.3 - https:\/\/yoast.com\/product\/yoast-seo-wordpress\/ -->\n<title>Gamblerina Casino Login \u2013 Accedi o Registrati | Accesso Sicuro<\/title>\n<meta name=\"description\" content=\"Gamblerina Casino Login \u2013 configura un nuovo account in pochi secondi o accedi nuovamente con crittografia all&#039;avanguardia e verifica biometrica. Monitora la tua attivit\u00e0 di scommessa, richiedi ricompense in sospeso e regola gli strumenti di gioco responsabile da un&#039;unica dashboard su Gamble Rina.\" \/>\n<meta name=\"robots\" content=\"index, follow, max-snippet:-1, max-image-preview:large, max-video-preview:-1\" \/>\n<link rel=\"canonical\" href=\"https:\/\/thegamblerina.org\/it\/accesso-e-registrazione\/\" \/>\n<meta property=\"og:locale\" content=\"it_IT\" \/>\n<meta property=\"og:type\" content=\"article\" \/>\n<meta property=\"og:title\" content=\"Gamblerina Casino Login \u2013 Accedi o Registrati | Accesso Sicuro\" \/>\n<meta property=\"og:description\" content=\"Gamblerina Casino Login \u2013 configura un nuovo account in pochi secondi o accedi nuovamente con crittografia all&#039;avanguardia e verifica biometrica. Monitora la tua attivit\u00e0 di scommessa, richiedi ricompense in sospeso e regola gli strumenti di gioco responsabile da un&#039;unica dashboard su Gamble Rina.\" \/>\n<meta property=\"og:url\" content=\"https:\/\/thegamblerina.org\/it\/accesso-e-registrazione\/\" \/>\n<meta property=\"og:site_name\" content=\"gamblerina\" \/>\n<meta property=\"article:modified_time\" content=\"2026-04-24T13:27:03+00:00\" \/>\n<meta name=\"twitter:card\" content=\"summary_large_image\" \/>\n<meta name=\"twitter:label1\" content=\"Est. reading time\" \/>\n\t<meta name=\"twitter:data1\" content=\"1 minute\" \/>\n<script type=\"application\/ld+json\" class=\"yoast-schema-graph\">{\"@context\":\"https:\\\/\\\/schema.org\",\"@graph\":[{\"@type\":\"WebPage\",\"@id\":\"https:\\\/\\\/thegamblerina.org\\\/it\\\/accesso-e-registrazione\\\/\",\"url\":\"https:\\\/\\\/thegamblerina.org\\\/it\\\/accesso-e-registrazione\\\/\",\"name\":\"Gamblerina Casino Login \u2013 Accedi o Registrati | Accesso Sicuro\",\"isPartOf\":{\"@id\":\"https:\\\/\\\/thegamblerina.org\\\/it\\\/#website\"},\"datePublished\":\"2026-04-23T14:16:20+00:00\",\"dateModified\":\"2026-04-24T13:27:03+00:00\",\"description\":\"Gamblerina Casino Login \u2013 configura un nuovo account in pochi secondi o accedi nuovamente con crittografia all'avanguardia e verifica biometrica. Monitora la tua attivit\u00e0 di scommessa, richiedi ricompense in sospeso e regola gli strumenti di gioco responsabile da un'unica dashboard su Gamble Rina.\",\"breadcrumb\":{\"@id\":\"https:\\\/\\\/thegamblerina.org\\\/it\\\/accesso-e-registrazione\\\/#breadcrumb\"},\"inLanguage\":\"it-IT\",\"potentialAction\":[{\"@type\":\"ReadAction\",\"target\":[\"https:\\\/\\\/thegamblerina.org\\\/it\\\/accesso-e-registrazione\\\/\"]}]},{\"@type\":\"BreadcrumbList\",\"@id\":\"https:\\\/\\\/thegamblerina.org\\\/it\\\/accesso-e-registrazione\\\/#breadcrumb\",\"itemListElement\":[{\"@type\":\"ListItem\",\"position\":1,\"name\":\"Gamblerina\",\"item\":\"https:\\\/\\\/thegamblerina.org\\\/it\\\/\"},{\"@type\":\"ListItem\",\"position\":2,\"name\":\"Accesso e registrazione\"}]},{\"@type\":\"WebSite\",\"@id\":\"https:\\\/\\\/thegamblerina.org\\\/it\\\/#website\",\"url\":\"https:\\\/\\\/thegamblerina.org\\\/it\\\/\",\"name\":\"Gamblerina\",\"description\":\"\",\"publisher\":{\"@id\":\"https:\\\/\\\/thegamblerina.org\\\/it\\\/#organization\"},\"potentialAction\":[{\"@type\":\"SearchAction\",\"target\":{\"@type\":\"EntryPoint\",\"urlTemplate\":\"https:\\\/\\\/thegamblerina.org\\\/it\\\/?s={search_term_string}\"},\"query-input\":{\"@type\":\"PropertyValueSpecification\",\"valueRequired\":true,\"valueName\":\"search_term_string\"}}],\"inLanguage\":\"it-IT\"},{\"@type\":\"Organization\",\"@id\":\"https:\\\/\\\/thegamblerina.org\\\/it\\\/#organization\",\"name\":\"Gamblerina\",\"url\":\"https:\\\/\\\/thegamblerina.org\\\/it\\\/\",\"logo\":{\"@type\":\"ImageObject\",\"inLanguage\":\"it-IT\",\"@id\":\"https:\\\/\\\/thegamblerina.org\\\/it\\\/#\\\/schema\\\/logo\\\/image\\\/\",\"url\":\"https:\\\/\\\/thegamblerina.org\\\/wp-content\\\/uploads\\\/2026\\\/02\\\/Gamblerina-logo.svg\",\"contentUrl\":\"https:\\\/\\\/thegamblerina.org\\\/wp-content\\\/uploads\\\/2026\\\/02\\\/Gamblerina-logo.svg\",\"caption\":\"Gamblerina\"},\"image\":{\"@id\":\"https:\\\/\\\/thegamblerina.org\\\/it\\\/#\\\/schema\\\/logo\\\/image\\\/\"}}]}<\/script>\n<!-- \/ Yoast SEO plugin. -->","yoast_head_json":{"title":"Gamblerina Casino Login \u2013 Accedi o Registrati | Accesso Sicuro","description":"Gamblerina Casino Login \u2013 configura un nuovo account in pochi secondi o accedi nuovamente con crittografia all'avanguardia e verifica biometrica. Monitora la tua attivit\u00e0 di scommessa, richiedi ricompense in sospeso e regola gli strumenti di gioco responsabile da un'unica dashboard su Gamble Rina.","robots":{"index":"index","follow":"follow","max-snippet":"max-snippet:-1","max-image-preview":"max-image-preview:large","max-video-preview":"max-video-preview:-1"},"canonical":"https:\/\/thegamblerina.org\/it\/accesso-e-registrazione\/","og_locale":"it_IT","og_type":"article","og_title":"Gamblerina Casino Login \u2013 Accedi o Registrati | Accesso Sicuro","og_description":"Gamblerina Casino Login \u2013 configura un nuovo account in pochi secondi o accedi nuovamente con crittografia all'avanguardia e verifica biometrica. Monitora la tua attivit\u00e0 di scommessa, richiedi ricompense in sospeso e regola gli strumenti di gioco responsabile da un'unica dashboard su Gamble Rina.","og_url":"https:\/\/thegamblerina.org\/it\/accesso-e-registrazione\/","og_site_name":"gamblerina","article_modified_time":"2026-04-24T13:27:03+00:00","twitter_card":"summary_large_image","twitter_misc":{"Est. reading time":"1 minute"},"schema":{"@context":"https:\/\/schema.org","@graph":[{"@type":"WebPage","@id":"https:\/\/thegamblerina.org\/it\/accesso-e-registrazione\/","url":"https:\/\/thegamblerina.org\/it\/accesso-e-registrazione\/","name":"Gamblerina Casino Login \u2013 Accedi o Registrati | Accesso Sicuro","isPartOf":{"@id":"https:\/\/thegamblerina.org\/it\/#website"},"datePublished":"2026-04-23T14:16:20+00:00","dateModified":"2026-04-24T13:27:03+00:00","description":"Gamblerina Casino Login \u2013 configura un nuovo account in pochi secondi o accedi nuovamente con crittografia all'avanguardia e verifica biometrica. Monitora la tua attivit\u00e0 di scommessa, richiedi ricompense in sospeso e regola gli strumenti di gioco responsabile da un'unica dashboard su Gamble Rina.","breadcrumb":{"@id":"https:\/\/thegamblerina.org\/it\/accesso-e-registrazione\/#breadcrumb"},"inLanguage":"it-IT","potentialAction":[{"@type":"ReadAction","target":["https:\/\/thegamblerina.org\/it\/accesso-e-registrazione\/"]}]},{"@type":"BreadcrumbList","@id":"https:\/\/thegamblerina.org\/it\/accesso-e-registrazione\/#breadcrumb","itemListElement":[{"@type":"ListItem","position":1,"name":"Gamblerina","item":"https:\/\/thegamblerina.org\/it\/"},{"@type":"ListItem","position":2,"name":"Accesso e registrazione"}]},{"@type":"WebSite","@id":"https:\/\/thegamblerina.org\/it\/#website","url":"https:\/\/thegamblerina.org\/it\/","name":"Gamblerina","description":"","publisher":{"@id":"https:\/\/thegamblerina.org\/it\/#organization"},"potentialAction":[{"@type":"SearchAction","target":{"@type":"EntryPoint","urlTemplate":"https:\/\/thegamblerina.org\/it\/?s={search_term_string}"},"query-input":{"@type":"PropertyValueSpecification","valueRequired":true,"valueName":"search_term_string"}}],"inLanguage":"it-IT"},{"@type":"Organization","@id":"https:\/\/thegamblerina.org\/it\/#organization","name":"Gamblerina","url":"https:\/\/thegamblerina.org\/it\/","logo":{"@type":"ImageObject","inLanguage":"it-IT","@id":"https:\/\/thegamblerina.org\/it\/#\/schema\/logo\/image\/","url":"https:\/\/thegamblerina.org\/wp-content\/uploads\/2026\/02\/Gamblerina-logo.svg","contentUrl":"https:\/\/thegamblerina.org\/wp-content\/uploads\/2026\/02\/Gamblerina-logo.svg","caption":"Gamblerina"},"image":{"@id":"https:\/\/thegamblerina.org\/it\/#\/schema\/logo\/image\/"}}]}},"_links":{"self":[{"href":"https:\/\/thegamblerina.org\/it\/wp-json\/wp\/v2\/pages\/1443","targetHints":{"allow":["GET"]}}],"collection":[{"href":"https:\/\/thegamblerina.org\/it\/wp-json\/wp\/v2\/pages"}],"about":[{"href":"https:\/\/thegamblerina.org\/it\/wp-json\/wp\/v2\/types\/page"}],"author":[{"embeddable":true,"href":"https:\/\/thegamblerina.org\/it\/wp-json\/wp\/v2\/users\/20"}],"replies":[{"embeddable":true,"href":"https:\/\/thegamblerina.org\/it\/wp-json\/wp\/v2\/comments?post=1443"}],"version-history":[{"count":2,"href":"https:\/\/thegamblerina.org\/it\/wp-json\/wp\/v2\/pages\/1443\/revisions"}],"predecessor-version":[{"id":1831,"href":"https:\/\/thegamblerina.org\/it\/wp-json\/wp\/v2\/pages\/1443\/revisions\/1831"}],"wp:attachment":[{"href":"https:\/\/thegamblerina.org\/it\/wp-json\/wp\/v2\/media?parent=1443"}],"curies":[{"name":"wp","href":"https:\/\/api.w.org\/{rel}","templated":true}]}}