{"id":1411,"date":"2026-04-23T15:11:42","date_gmt":"2026-04-23T14:11:42","guid":{"rendered":"https:\/\/thegamblerina.org\/aplicacion\/"},"modified":"2026-04-24T14:20:44","modified_gmt":"2026-04-24T13:20:44","slug":"applicazione","status":"publish","type":"page","link":"https:\/\/thegamblerina.org\/it\/applicazione\/","title":{"rendered":"Applicazione"},"content":{"rendered":"<h1>App Gamblerina: giochi da casin\u00f2 su dispositivi mobili<\/h1>\n<p>Gamblerina app migliora la tua esperienza di gioco e ti permette di giocare ovunque ti trovi con facilit\u00e0. Abbiamo trasferito tutte le funzionalit\u00e0 della versione web, garantendo al contempo un design intuitivo ottimizzato per gli smartphone. Il nostro casin\u00f2 mobile offre funzionalit\u00e0 quali la modalit\u00e0 a schermo intero, notifiche push personalizzabili e altro ancora. Ogni giocatore italiano pu\u00f2 accedere alla nostra intera libreria di giochi, compresi le slot online, una sezione con croupier dal vivo e molto altro. L\u2019applicazione \u00e8 disponibile per il download su dispositivi mobili iOS e Android, nonch\u00e9 su computer desktop.<\/p>\n<div class=\"banner-wrap\" aria-label=\"Banner\"><img src=\"https:\/\/thegamblerina.org\/wp-content\/uploads\/Gamblerina-banner-carousel-800\u0445400.webp\" class=\"w-100 d-none d-lg-block img-pc main-banner-img\" alt=\"Gamblerina banner carousel\" fetchpriority=\"high\" decoding=\"async\"><img src=\"https:\/\/thegamblerina.org\/wp-content\/uploads\/gamblerina-banner-mobile.webp\" class=\"w-100 d-none d-md-block d-lg-none main-banner-img\" alt=\"gamblerina banner mobile\" fetchpriority=\"high\" decoding=\"async\"><img src=\"https:\/\/thegamblerina.org\/wp-content\/uploads\/gamblerina-banner-mobile.webp\" class=\"w-100 d-md-none\" alt=\"gamblerina banner mobile\" fetchpriority=\"high\" decoding=\"async\"><div class=\"banner-description\">\n<div class=\"banner-title\">Bonus di benvenuto<\/div>\n<p class=\"banner-header-title\">1500 \u20ac<\/p>\n<div class=\"banner-header-AdditionalText\">+ 250 Giri gratuiti<\/div>\n<button data-item=\"homepage_banner_link\" class=\"goto m-button m-gradient-border m-button--primary m-button--large banner-button btn-orange\">\n            <div class=\"m-button-content\">\n                <span>Iscriviti ora<\/span>\n                <span><\/span>\n            <\/div>\n        <\/button>\n<\/div>\n<div class=\"WelcomePack\">\n<p><img loading=\"lazy\" decoding=\"async\" class=\"alignnone size-full wp-image-1553\" src=\"https:\/\/thegamblerina.org\/wp-content\/uploads\/welcome-crown.png\" alt=\"welcome-crown\" width=\"25\" height=\"26\" \/><\/p>\n<div class=\"WelcomePack-Info\">Cashback settimanale fino al 25%<\/div>\n<p><img loading=\"lazy\" decoding=\"async\" class=\"alignnone size-full wp-image-1553\" src=\"https:\/\/thegamblerina.org\/wp-content\/uploads\/welcome-crown.png\" alt=\"welcome-crown\" width=\"25\" height=\"26\" \/><\/p>\n<\/div>\n<\/div>\n<h2>Piattaforma mobile Gamblerina<\/h2>\n<p>La nostra priorit\u00e0 assoluta \u00e8 quella di trasferire tutti i vantaggi della versione web del sito Gamblerina Casino sull\u2019applicazione mobile, senza rinunciare alla praticit\u00e0 o alla portabilit\u00e0. Abbiamo scelto le Progressive Web Applications (PWA) per diversi motivi. Innanzitutto, si scaricano direttamente dal sito web, evitando l\u2019interazione con risorse di terze parti. In secondo luogo, il nostro software occupa poco spazio sul dispositivo, a differenza delle sue controparti presenti nell\u2019app store. Infine, le PWA si aggiornano automaticamente e non richiedono alcuna interazione da parte dell\u2019utente. Se confrontiamo la nostra applicazione con la versione browser, ecco i principali vantaggi che possiamo evidenziare:<\/p>\n<table>\n<tbody>\n<tr>\n<td>Vantaggio<\/td>\n<td>Descrizione<\/td>\n<\/tr>\n<tr>\n<td>Comandi touch<\/td>\n<td>Pulsanti e menu dimensionati per una navigazione confortevole<\/td>\n<\/tr>\n<tr>\n<td>Design ottimizzato per dispositivi mobili<\/td>\n<td>Layout pulito che non richiede lo zoom o lo scorrimento orizzontale<\/td>\n<\/tr>\n<tr>\n<td>Notifiche push<\/td>\n<td>Aggiornamenti in tempo reale su promozioni ed eventi<\/td>\n<\/tr>\n<tr>\n<td>Caricamento pi\u00f9 veloce<\/td>\n<td>Prestazioni ottimizzate per l\u2019accesso in movimento<\/td>\n<\/tr>\n<\/tbody>\n<\/table>\n<h2>Versioni mobili di Gamblerina<\/h2>\n<p>Le versioni mobili della nostra app Gamblerina funzionano in modo pi\u00f9 fluido e sono disponibili per il download su iOS e Android. Alcune categorie di giochi, come i giochi crash, risultano ancora pi\u00f9 coinvolgenti grazie ai loro round frenetici. La procedura di accesso \u00e8 esattamente la stessa della versione browser; non \u00e8 necessario inserire alcuna informazione aggiuntiva. I passaggi per il download variano leggermente a seconda della piattaforma su cui gira il tuo smartphone. Quando avvii il programma, si apre in modalit\u00e0 a schermo intero ed \u00e8 ideale per i touchscreen.<\/p>\n<p><div class=\"scrollable-content-wrap my-5\"><div class=\"scrollable-content-inner\"><h2>Installazione passo passo dell\u2019app per iOS<\/h2>\n<p>Per scaricare il software di Gamble Rina Casino sul tuo iPhone o iPad, basta seguire alcuni semplici passaggi:<\/p>\n<ol>\n<li>Apri il browser Safari e vai sul nostro sito ufficiale.<\/li>\n<li>Clicca sul pulsante \u00abCondividi\u00bb nella parte inferiore dello schermo.<\/li>\n<li>Quindi, scorri verso il basso e tocca \u00abAggiungi alla schermata Home\u00bb.<\/li>\n<li>Scegli un nome per l\u2019app o lasciala cos\u00ec com\u2019\u00e8, quindi tocca \u00abAggiungi\u00bb nell\u2019angolo in alto a destra.<\/li>\n<\/ol>\n<p>Attendi che l\u2019icona appaia sullo schermo. Una volta effettuato l\u2019accesso al programma, completa la procedura di verifica per accedere ai prelievi dal conto e ad altre funzionalit\u00e0. Se riscontri problemi con i passaggi sopra descritti, contatta il nostro team di assistenza tramite live chat o e-mail.<\/p>\n<p><img loading=\"lazy\" decoding=\"async\" src=\"https:\/\/thegamblerina.org\/wp-content\/uploads\/Gamblerina-iOS-App.webp\" alt=\"Gamblerina iOS App\" width=\"1248\" height=\"536\" \/><\/p>\n<\/div><\/div><div style=\"clear: both\"><\/div><div class=\"d-flex justify-content-center\"><button data-item=\"decouvrez_link\" data-group=\"website_links\" class=\"goto fw-bold rounded-pill btn btn-orange\" aria-label=\"Scarica l&#039;app Gamblerina\" >Scarica l&#039;app Gamblerina<\/button><\/div><div class=\"scrollable-content-wrap my-5\"><div class=\"scrollable-content-inner\"><h2>Scaricare e utilizzare l\u2019app su Android<\/h2>\n<p>Gli utenti Android possono configurare l\u2019app Gamblerina nel proprio browser, proprio come gli utenti iOS, e non devono nemmeno andare su Google Play. Apri il nostro sito sul tuo browser, clicca sul menu con i tre puntini, quindi clicca sul pulsante \u00abAggiungi alla schermata Home\u00bb. Quando confermi la configurazione, l\u2019icona corrispondente apparir\u00e0 sulla tua schermata Home.<\/p>\n<p><img loading=\"lazy\" decoding=\"async\" src=\"https:\/\/thegamblerina.org\/wp-content\/uploads\/Gamblerina-Android-App.webp\" alt=\"Gamblerina Android App\" width=\"1248\" height=\"536\" \/><\/p>\n<\/div><\/div><div style=\"clear: both\"><\/div><div class=\"d-flex justify-content-center\"><button data-item=\"decouvrez_link\" data-group=\"website_links\" class=\"goto fw-bold rounded-pill btn btn-orange\" aria-label=\"Scarica l&#039;app Gamblerina\" >Scarica l&#039;app Gamblerina<\/button><\/div><div class=\"scrollable-content-wrap my-5\"><div class=\"scrollable-content-inner\"><h2>App Gamblerina per Windows e macOS<\/h2>\n<p>La nostra app Gamblerina \u00e8 disponibile per il download anche su Windows e macOS. Per configurarla basta andare sul nostro sito web e cliccare sul pulsante \u00abInstalla\u00bb nella barra degli indirizzi. Con un\u2019ultima conferma, l\u2019icona verr\u00e0 aggiunta al desktop, da dove potrai accedervi in qualsiasi momento. Funziona in modo notevolmente pi\u00f9 veloce rispetto alla versione web e, proprio come sui dispositivi mobili, supporta la modalit\u00e0 a schermo intero. L\u2019applicazione ti consente inoltre di personalizzare le notifiche push in modo da poterle ricevere in modo selettivo per categoria o tipo di promozione.<\/p>\n<h2>Funzionalit\u00e0 di sicurezza e protezione dell\u2019app<\/h2>\n<p>Tutti i dati inviati tramite l\u2019applicazione per smartphone Gamblerina sono crittografati con TLS 1.3 e trasmessi tramite HTTPS, lo stesso livello di protezione utilizzato sui computer. Le tue informazioni personali non verranno raccolte senza il tuo permesso, poich\u00e9 il software richiede solo il normale accesso al browser. Grazie agli aggiornamenti automatici, le patch di sicurezza pi\u00f9 recenti vengono applicate immediatamente, senza che l\u2019utente debba fare nulla. Sui dispositivi che lo supportano, l\u2019autenticazione biometrica aggiunge un ulteriore livello di sicurezza dell\u2019account sia per l\u2019accesso che per la conferma delle transazioni.<\/p>\n<p><img loading=\"lazy\" decoding=\"async\" src=\"https:\/\/thegamblerina.org\/wp-content\/uploads\/Gamblerina-Desktop.webp\" alt=\"Gamblerina Desktop\" width=\"1248\" height=\"536\" \/><\/p>\n<\/div><\/div><div style=\"clear: both\"><\/div><div class=\"d-flex justify-content-center\"><button data-item=\"decouvrez_link\" data-group=\"website_links\" class=\"goto fw-bold rounded-pill btn btn-orange\" aria-label=\"Scarica l&#039;app Gamblerina\" >Scarica l&#039;app Gamblerina<\/button><\/div><div class=\"scrollable-content-wrap my-5\"><div class=\"scrollable-content-inner\"><h2>Domande frequenti<\/h2>\n<h3>L\u2019applicazione Gamblerina \u00e8 scaricabile gratuitamente?<\/h3>\n<p>S\u00ec, puoi scaricare Gamble Rina gratuitamente e installarla su qualsiasi dispositivo che la supporti. L\u2019accesso, il download o l\u2019avvio del programma non comportano alcun costo. Quando gli utenti desiderano giocare con denaro reale, devono solo depositare denaro sui propri conti.<\/p>\n<h3>Il software scaricher\u00e0 rapidamente la batteria del mio telefono?<\/h3>\n<p>La PWA di Gamblerina \u00e8 stata creata per consumare molta meno batteria rispetto ai programmi di casin\u00f2 nativi, poich\u00e9 \u00e8 ottimizzata per l\u2019efficienza energetica. A differenza del software standard che esegue pi\u00f9 processi in background, la nostra PWA funziona solo quando \u00e8 attiva. Questo preserva la batteria, consentendoti di giocare pi\u00f9 a lungo mentre sei in movimento.<\/p>\n<h3>Posso utilizzare lo stesso account nell\u2019applicazione e sul desktop contemporaneamente?<\/h3>\n<p>S\u00ec, puoi accedere a Gamblerina Casino contemporaneamente sia dal tuo telefono che dal tuo computer. Tuttavia, se avvii una partita su un dispositivo mentre stai giocando su un altro, la prima sessione verr\u00e0 interrotta. Questo impedisce agli utenti di abusare dei bonus e facilita l\u2019accesso da pi\u00f9 dispositivi.<\/p>\n<h3>L\u2019app supporta la modalit\u00e0 offline per qualche gioco?<\/h3>\n<p>Per tutti i giochi con soldi veri e la gestione dell\u2019account, il programma di Gamble Rina Casino deve essere connesso a Internet. Alcune versioni demo dei giochi di slot possono essere giocate senza Internet dopo il caricamento iniziale, ma per utilizzare tutti i vantaggi, come effettuare depositi e prelievi e giocare ai giochi con croupier dal vivo, \u00e8 necessario essere connessi.<\/p>\n<\/div><\/div><\/p>\n","protected":false},"excerpt":{"rendered":"<p>App Gamblerina: giochi da casin\u00f2 su dispositivi mobili Gamblerina app migliora la tua esperienza di gioco e ti permette di giocare ovunque ti trovi con facilit\u00e0. Abbiamo trasferito tutte le funzionalit\u00e0 della versione web, garantendo al contempo un design intuitivo ottimizzato per gli smartphone. Il nostro casin\u00f2 mobile offre funzionalit\u00e0 quali la modalit\u00e0 a schermo [&hellip;]<\/p>\n","protected":false},"author":20,"featured_media":0,"parent":0,"menu_order":0,"comment_status":"closed","ping_status":"closed","template":"template-builder.php","meta":{"_acf_changed":false,"inline_featured_image":false,"footnotes":""},"class_list":["post-1411","page","type-page","status-publish","hentry"],"acf":[],"yoast_head":"<!-- This site is optimized with the Yoast SEO plugin v27.3 - https:\/\/yoast.com\/product\/yoast-seo-wordpress\/ -->\n<title>Gamblerina Casino Web App | Mobile &amp; Desktop<\/title>\n<meta name=\"description\" content=\"Gamblerina Casino Web App \u2013 avvia il casin\u00f2 basato su browser istantaneamente su qualsiasi dispositivo mobile o desktop senza scaricare nulla. Goditi accesso completo ai giochi, login sicuri e sincronizzazione in tempo reale su tutti i tuoi schermi su Gamble Rina.\" \/>\n<meta name=\"robots\" content=\"index, follow, max-snippet:-1, max-image-preview:large, max-video-preview:-1\" \/>\n<link rel=\"canonical\" href=\"https:\/\/thegamblerina.org\/it\/applicazione\/\" \/>\n<meta property=\"og:locale\" content=\"it_IT\" \/>\n<meta property=\"og:type\" content=\"article\" \/>\n<meta property=\"og:title\" content=\"Gamblerina Casino Web App | Mobile &amp; Desktop\" \/>\n<meta property=\"og:description\" content=\"Gamblerina Casino Web App \u2013 avvia il casin\u00f2 basato su browser istantaneamente su qualsiasi dispositivo mobile o desktop senza scaricare nulla. Goditi accesso completo ai giochi, login sicuri e sincronizzazione in tempo reale su tutti i tuoi schermi su Gamble Rina.\" \/>\n<meta property=\"og:url\" content=\"https:\/\/thegamblerina.org\/it\/applicazione\/\" \/>\n<meta property=\"og:site_name\" content=\"gamblerina\" \/>\n<meta property=\"article:modified_time\" content=\"2026-04-24T13:20:44+00:00\" \/>\n<meta name=\"twitter:card\" content=\"summary_large_image\" \/>\n<meta name=\"twitter:label1\" content=\"Est. reading time\" \/>\n\t<meta name=\"twitter:data1\" content=\"2 minutes\" \/>\n<script type=\"application\/ld+json\" class=\"yoast-schema-graph\">{\"@context\":\"https:\\\/\\\/schema.org\",\"@graph\":[{\"@type\":\"WebPage\",\"@id\":\"https:\\\/\\\/thegamblerina.org\\\/it\\\/applicazione\\\/\",\"url\":\"https:\\\/\\\/thegamblerina.org\\\/it\\\/applicazione\\\/\",\"name\":\"Gamblerina Casino Web App | Mobile & Desktop\",\"isPartOf\":{\"@id\":\"https:\\\/\\\/thegamblerina.org\\\/it\\\/#website\"},\"datePublished\":\"2026-04-23T14:11:42+00:00\",\"dateModified\":\"2026-04-24T13:20:44+00:00\",\"description\":\"Gamblerina Casino Web App \u2013 avvia il casin\u00f2 basato su browser istantaneamente su qualsiasi dispositivo mobile o desktop senza scaricare nulla. Goditi accesso completo ai giochi, login sicuri e sincronizzazione in tempo reale su tutti i tuoi schermi su Gamble Rina.\",\"breadcrumb\":{\"@id\":\"https:\\\/\\\/thegamblerina.org\\\/it\\\/applicazione\\\/#breadcrumb\"},\"inLanguage\":\"it-IT\",\"potentialAction\":[{\"@type\":\"ReadAction\",\"target\":[\"https:\\\/\\\/thegamblerina.org\\\/it\\\/applicazione\\\/\"]}]},{\"@type\":\"BreadcrumbList\",\"@id\":\"https:\\\/\\\/thegamblerina.org\\\/it\\\/applicazione\\\/#breadcrumb\",\"itemListElement\":[{\"@type\":\"ListItem\",\"position\":1,\"name\":\"Gamblerina\",\"item\":\"https:\\\/\\\/thegamblerina.org\\\/it\\\/\"},{\"@type\":\"ListItem\",\"position\":2,\"name\":\"Applicazione\"}]},{\"@type\":\"WebSite\",\"@id\":\"https:\\\/\\\/thegamblerina.org\\\/it\\\/#website\",\"url\":\"https:\\\/\\\/thegamblerina.org\\\/it\\\/\",\"name\":\"Gamblerina\",\"description\":\"\",\"publisher\":{\"@id\":\"https:\\\/\\\/thegamblerina.org\\\/it\\\/#organization\"},\"potentialAction\":[{\"@type\":\"SearchAction\",\"target\":{\"@type\":\"EntryPoint\",\"urlTemplate\":\"https:\\\/\\\/thegamblerina.org\\\/it\\\/?s={search_term_string}\"},\"query-input\":{\"@type\":\"PropertyValueSpecification\",\"valueRequired\":true,\"valueName\":\"search_term_string\"}}],\"inLanguage\":\"it-IT\"},{\"@type\":\"Organization\",\"@id\":\"https:\\\/\\\/thegamblerina.org\\\/it\\\/#organization\",\"name\":\"Gamblerina\",\"url\":\"https:\\\/\\\/thegamblerina.org\\\/it\\\/\",\"logo\":{\"@type\":\"ImageObject\",\"inLanguage\":\"it-IT\",\"@id\":\"https:\\\/\\\/thegamblerina.org\\\/it\\\/#\\\/schema\\\/logo\\\/image\\\/\",\"url\":\"https:\\\/\\\/thegamblerina.org\\\/wp-content\\\/uploads\\\/2026\\\/02\\\/Gamblerina-logo.svg\",\"contentUrl\":\"https:\\\/\\\/thegamblerina.org\\\/wp-content\\\/uploads\\\/2026\\\/02\\\/Gamblerina-logo.svg\",\"caption\":\"Gamblerina\"},\"image\":{\"@id\":\"https:\\\/\\\/thegamblerina.org\\\/it\\\/#\\\/schema\\\/logo\\\/image\\\/\"}}]}<\/script>\n<!-- \/ Yoast SEO plugin. -->","yoast_head_json":{"title":"Gamblerina Casino Web App | Mobile & Desktop","description":"Gamblerina Casino Web App \u2013 avvia il casin\u00f2 basato su browser istantaneamente su qualsiasi dispositivo mobile o desktop senza scaricare nulla. Goditi accesso completo ai giochi, login sicuri e sincronizzazione in tempo reale su tutti i tuoi schermi su Gamble Rina.","robots":{"index":"index","follow":"follow","max-snippet":"max-snippet:-1","max-image-preview":"max-image-preview:large","max-video-preview":"max-video-preview:-1"},"canonical":"https:\/\/thegamblerina.org\/it\/applicazione\/","og_locale":"it_IT","og_type":"article","og_title":"Gamblerina Casino Web App | Mobile & Desktop","og_description":"Gamblerina Casino Web App \u2013 avvia il casin\u00f2 basato su browser istantaneamente su qualsiasi dispositivo mobile o desktop senza scaricare nulla. Goditi accesso completo ai giochi, login sicuri e sincronizzazione in tempo reale su tutti i tuoi schermi su Gamble Rina.","og_url":"https:\/\/thegamblerina.org\/it\/applicazione\/","og_site_name":"gamblerina","article_modified_time":"2026-04-24T13:20:44+00:00","twitter_card":"summary_large_image","twitter_misc":{"Est. reading time":"2 minutes"},"schema":{"@context":"https:\/\/schema.org","@graph":[{"@type":"WebPage","@id":"https:\/\/thegamblerina.org\/it\/applicazione\/","url":"https:\/\/thegamblerina.org\/it\/applicazione\/","name":"Gamblerina Casino Web App | Mobile & Desktop","isPartOf":{"@id":"https:\/\/thegamblerina.org\/it\/#website"},"datePublished":"2026-04-23T14:11:42+00:00","dateModified":"2026-04-24T13:20:44+00:00","description":"Gamblerina Casino Web App \u2013 avvia il casin\u00f2 basato su browser istantaneamente su qualsiasi dispositivo mobile o desktop senza scaricare nulla. Goditi accesso completo ai giochi, login sicuri e sincronizzazione in tempo reale su tutti i tuoi schermi su Gamble Rina.","breadcrumb":{"@id":"https:\/\/thegamblerina.org\/it\/applicazione\/#breadcrumb"},"inLanguage":"it-IT","potentialAction":[{"@type":"ReadAction","target":["https:\/\/thegamblerina.org\/it\/applicazione\/"]}]},{"@type":"BreadcrumbList","@id":"https:\/\/thegamblerina.org\/it\/applicazione\/#breadcrumb","itemListElement":[{"@type":"ListItem","position":1,"name":"Gamblerina","item":"https:\/\/thegamblerina.org\/it\/"},{"@type":"ListItem","position":2,"name":"Applicazione"}]},{"@type":"WebSite","@id":"https:\/\/thegamblerina.org\/it\/#website","url":"https:\/\/thegamblerina.org\/it\/","name":"Gamblerina","description":"","publisher":{"@id":"https:\/\/thegamblerina.org\/it\/#organization"},"potentialAction":[{"@type":"SearchAction","target":{"@type":"EntryPoint","urlTemplate":"https:\/\/thegamblerina.org\/it\/?s={search_term_string}"},"query-input":{"@type":"PropertyValueSpecification","valueRequired":true,"valueName":"search_term_string"}}],"inLanguage":"it-IT"},{"@type":"Organization","@id":"https:\/\/thegamblerina.org\/it\/#organization","name":"Gamblerina","url":"https:\/\/thegamblerina.org\/it\/","logo":{"@type":"ImageObject","inLanguage":"it-IT","@id":"https:\/\/thegamblerina.org\/it\/#\/schema\/logo\/image\/","url":"https:\/\/thegamblerina.org\/wp-content\/uploads\/2026\/02\/Gamblerina-logo.svg","contentUrl":"https:\/\/thegamblerina.org\/wp-content\/uploads\/2026\/02\/Gamblerina-logo.svg","caption":"Gamblerina"},"image":{"@id":"https:\/\/thegamblerina.org\/it\/#\/schema\/logo\/image\/"}}]}},"_links":{"self":[{"href":"https:\/\/thegamblerina.org\/it\/wp-json\/wp\/v2\/pages\/1411","targetHints":{"allow":["GET"]}}],"collection":[{"href":"https:\/\/thegamblerina.org\/it\/wp-json\/wp\/v2\/pages"}],"about":[{"href":"https:\/\/thegamblerina.org\/it\/wp-json\/wp\/v2\/types\/page"}],"author":[{"embeddable":true,"href":"https:\/\/thegamblerina.org\/it\/wp-json\/wp\/v2\/users\/20"}],"replies":[{"embeddable":true,"href":"https:\/\/thegamblerina.org\/it\/wp-json\/wp\/v2\/comments?post=1411"}],"version-history":[{"count":2,"href":"https:\/\/thegamblerina.org\/it\/wp-json\/wp\/v2\/pages\/1411\/revisions"}],"predecessor-version":[{"id":1821,"href":"https:\/\/thegamblerina.org\/it\/wp-json\/wp\/v2\/pages\/1411\/revisions\/1821"}],"wp:attachment":[{"href":"https:\/\/thegamblerina.org\/it\/wp-json\/wp\/v2\/media?parent=1411"}],"curies":[{"name":"wp","href":"https:\/\/api.w.org\/{rel}","templated":true}]}}