{"id":1440,"date":"2026-04-23T15:16:20","date_gmt":"2026-04-23T14:16:20","guid":{"rendered":"https:\/\/thegamblerina.org\/inicio-de-sesion-y-registro\/"},"modified":"2026-04-24T13:17:41","modified_gmt":"2026-04-24T12:17:41","slug":"connexion-et-inscription","status":"publish","type":"page","link":"https:\/\/thegamblerina.org\/fr\/connexion-et-inscription\/","title":{"rendered":"Connexion et inscription"},"content":{"rendered":"<h1>Connexion \u00e0 Gamblerina<\/h1>\n<p>Vous devez suivre la proc\u00e9dure de Gamblerina login pour jouer sur la plateforme. C&rsquo;est tr\u00e8s simple et cela ne prend pas beaucoup de temps. Connectez-vous \u00e0 votre compte pour consulter les promotions en cours et toutes les fonctionnalit\u00e9s du site. Si vous n&rsquo;\u00eates pas encore inscrit, vous pouvez le faire dans la m\u00eame fen\u00eatre en saisissant vos informations ou en cliquant sur le bouton \u00ab Google \u00bb. Veuillez noter que la connexion n&rsquo;est accessible qu&rsquo;aux personnes ayant l&rsquo;\u00e2ge l\u00e9gal.<\/p>\n<p><div class=\"banner-wrap\" aria-label=\"Banner\"><img src=\"https:\/\/thegamblerina.org\/wp-content\/uploads\/Gamblerina-banner-carousel-800\u0445400.webp\" class=\"w-100 d-none d-lg-block img-pc main-banner-img\" alt=\"Gamblerina banner carousel\" fetchpriority=\"high\" decoding=\"async\"><img src=\"https:\/\/thegamblerina.org\/wp-content\/uploads\/gamblerina-banner-mobile.webp\" class=\"w-100 d-none d-md-block d-lg-none main-banner-img\" alt=\"gamblerina banner mobile\" fetchpriority=\"high\" decoding=\"async\"><img src=\"https:\/\/thegamblerina.org\/wp-content\/uploads\/gamblerina-banner-mobile.webp\" class=\"w-100 d-md-none\" alt=\"gamblerina banner mobile\" fetchpriority=\"high\" decoding=\"async\"><div class=\"banner-description\">\n<div class=\"banner-title\">Bonus de bienvenue<\/div>\n<p class=\"banner-header-title\">1500 \u20ac<\/p>\n<div class=\"banner-header-AdditionalText\">+ 250 Tours gratuits<\/div>\n<button data-item=\"homepage_banner_link\" class=\"goto m-button m-gradient-border m-button--primary m-button--large banner-button btn-orange\">\n            <div class=\"m-button-content\">\n                <span>Inscrivez-vous d\u00e8s maintenant<\/span>\n                <span><\/span>\n            <\/div>\n        <\/button>\n<\/div>\n<div class=\"WelcomePack\">\n<p><img loading=\"lazy\" decoding=\"async\" class=\"alignnone size-full wp-image-1550\" src=\"https:\/\/thegamblerina.org\/wp-content\/uploads\/welcome-crown.png\" alt=\"welcome-crown\" width=\"25\" height=\"26\" \/><\/p>\n<div class=\"WelcomePack-Info\">Cashback hebdomadaire jusqu&rsquo;\u00e0 25 %<\/div>\n<p><img loading=\"lazy\" decoding=\"async\" class=\"alignnone size-full wp-image-1550\" src=\"https:\/\/thegamblerina.org\/wp-content\/uploads\/welcome-crown.png\" alt=\"welcome-crown\" width=\"25\" height=\"26\" \/><\/p>\n<\/div>\n<\/div><div class=\"scrollable-content-wrap my-5\"><div class=\"scrollable-content-inner\"><h2>Proc\u00e9dure d&rsquo;inscription sur Gamblerina<\/h2>\n<p>L&rsquo;inscription est la premi\u00e8re \u00e9tape de votre aventure sur Gamblerina Casino. Une fois inscrit, vous aurez acc\u00e8s \u00e0 votre profil personnel, o\u00f9 vous pourrez configurer des outils de jeu responsable, personnaliser les notifications push et bien plus encore.<\/p>\n<p>Pour commencer sur la plateforme, rep\u00e9rez le bouton \u00ab S&rsquo;inscrire \u00bb sur la page d&rsquo;accueil. Saisissez ensuite votre adresse e-mail et un mot de passe fort, ou utilisez l&rsquo;option Google. N&rsquo;oubliez pas de saisir un code promotionnel si vous en avez un. Lisez attentivement les conditions d&rsquo;utilisation de la plateforme et cliquez \u00e0 nouveau sur le bouton si vous les acceptez. Notre offre de bienvenue sera \u00e0 votre disposition une fois votre inscription termin\u00e9e. Si vous rencontrez des difficult\u00e9s au cours de ce processus, notre \u00e9quipe d&rsquo;assistance multilingue se fera un plaisir de vous aider.<\/p>\n<h2>Proc\u00e9dure de connexion \u00e0 Gamblerina<\/h2>\n<p>Une fois la proc\u00e9dure d&rsquo;inscription termin\u00e9e, vous pourrez acc\u00e9der \u00e0 la proc\u00e9dure de connexion \u00e0 Gamblerina. Elle prend encore moins de temps que la pr\u00e9c\u00e9dente. Pour vous connecter \u00e0 votre compte, suivez ces \u00e9tapes :<\/p>\n<ol>\n<li>Cliquez sur le bouton \u00ab Connexion \u00bb situ\u00e9 dans le coin sup\u00e9rieur droit de la page<\/li>\n<li>Saisissez les informations que vous avez utilis\u00e9es pour vous inscrire ou cliquez sur le bouton \u00ab Google \u00bb<\/li>\n<li>Une fois que tout est v\u00e9rifi\u00e9, cliquez \u00e0 nouveau sur le lien pour confirmer.<\/li>\n<\/ol>\n<p>Vous pouvez g\u00e9rer votre espace client une fois connect\u00e9 au casino Gamblerina. Utilisez nos outils de jeu responsable pour vous assurer que votre exp\u00e9rience reste s\u00fbre et saine. Le processus de v\u00e9rification est obligatoire pour acc\u00e9der \u00e0 certaines fonctionnalit\u00e9s du site, telles que le retrait de fonds.<\/p>\n<h3>Mot de passe oubli\u00e9 ?<\/h3>\n<p>Vous pouvez cliquer sur le bouton \u00ab Mot de passe oubli\u00e9 ? \u00bb si vous rencontrez des difficult\u00e9s pour vous connecter \u00e0 Gamblerina. Un lien pour r\u00e9initialiser votre mot de passe sera envoy\u00e9 \u00e0 l&rsquo;adresse e-mail que vous avez fournie lors de votre inscription. Mais cela ne fonctionne pas dans tous les cas. Si vous ne retrouvez plus votre e-mail ou rencontrez d&rsquo;autres probl\u00e8mes avec les \u00e9tapes ci-dessus, l&rsquo;\u00e9quipe du service client est disponible via le chat en direct 24 h\/24, 7 j\/7. L&rsquo;acc\u00e8s complet \u00e0 votre profil sera r\u00e9tabli une fois que vous aurez renvoy\u00e9 les informations confirmant votre identit\u00e9.<\/p>\n<p><img loading=\"lazy\" decoding=\"async\" class=\"alignnone size-full wp-image-1669\" src=\"https:\/\/thegamblerina.org\/wp-content\/uploads\/Gamblerina-Login.webp\" alt=\"Gamblerina Login\" width=\"1248\" height=\"536\" srcset=\"https:\/\/thegamblerina.org\/wp-content\/uploads\/Gamblerina-Login.webp 1248w, https:\/\/thegamblerina.org\/wp-content\/uploads\/Gamblerina-Login-300x129.webp 300w, https:\/\/thegamblerina.org\/wp-content\/uploads\/Gamblerina-Login-1024x440.webp 1024w, https:\/\/thegamblerina.org\/wp-content\/uploads\/Gamblerina-Login-768x330.webp 768w\" sizes=\"auto, (max-width: 1248px) 100vw, 1248px\" \/><\/p>\n<h2>Comment s\u00e9curiser votre compte<\/h2>\n<p>Il est important pour nous que votre profil reste s\u00e9curis\u00e9. Si vous souhaitez vous assurer que votre exp\u00e9rience sur Gamblerina Casino est toujours s\u00e9curis\u00e9e, nous avons pr\u00e9par\u00e9 nos recommandations pour r\u00e9duire consid\u00e9rablement les risques que des pirates informatiques acc\u00e8dent \u00e0 votre compte :<\/p>\n<table>\n<tbody>\n<tr>\n<td>Conseil de s\u00e9curit\u00e9<\/td>\n<td>Pourquoi c&rsquo;est important<\/td>\n<\/tr>\n<tr>\n<td>Utilisez un mot de passe unique et fort<\/td>\n<td>Emp\u00eache les attaques par force brute<\/td>\n<\/tr>\n<tr>\n<td>Activez l&rsquo;authentification \u00e0 deux facteurs<\/td>\n<td>Ajoute une protection suppl\u00e9mentaire lors de la connexion<\/td>\n<\/tr>\n<tr>\n<td>\u00c9vitez les r\u00e9seaux Wi-Fi publics<\/td>\n<td>R\u00e9duit les risques d&rsquo;interception de donn\u00e9es<\/td>\n<\/tr>\n<tr>\n<td>Ne partagez jamais vos informations personnelles<\/td>\n<td>Vous seul devez pouvoir acc\u00e9der \u00e0 votre espace client<\/td>\n<\/tr>\n<\/tbody>\n<\/table>\n<p>Nous vous recommandons d&rsquo;utiliser uniquement le site web officiel ou l&rsquo;application Gamblerina pour vous connecter \u00e0 notre plateforme.<\/p>\n<h2>Gestion des sessions<\/h2>\n<p>Vous trouverez des outils de gestion de session dans l&rsquo;onglet correspondant de votre profil personnel. Ils vous aident \u00e0 maintenir une exp\u00e9rience de jeu saine et responsable. Gr\u00e2ce aux limites de temps, vous pouvez d\u00e9finir une dur\u00e9e maximale de session pour chaque connexion \u00e0 Gamble Rina. Les rappels de pause vous enverront des messages automatiques aux heures que vous aurez choisies. Le suivi en temps r\u00e9el vous indique depuis combien de temps vous jouez. Apr\u00e8s une longue partie, un temps de pause obligatoire verrouille bri\u00e8vement votre compte.<\/p>\n<h2>FAQ<\/h2>\n<h3>Puis-je me connecter depuis plusieurs appareils \u00e0 la fois ?<\/h3>\n<p>Oui, c&rsquo;est possible, mais \u00e0 une condition. Vous serez d\u00e9connect\u00e9 de votre compte Gamblerina Casino si vous jouez sur plusieurs appareils \u00e0 la fois. Cette mesure vise \u00e0 pr\u00e9venir les erreurs et les abus du syst\u00e8me par des utilisateurs malveillants. Nous vous recommandons de vous d\u00e9connecter d&rsquo;un appareil avant de commencer \u00e0 jouer sur un autre afin d&rsquo;\u00e9viter toute interruption.<\/p>\n<h3>Comment puis-je me d\u00e9connecter de Gamble Rina sur tous les appareils ?<\/h3>\n<p>Pour ce faire, il vous suffit de vous rendre dans l&rsquo;onglet \u00ab S\u00e9curit\u00e9 \u00bb de votre espace client et de cliquer sur \u00ab Se d\u00e9connecter de tous les appareils \u00bb. Cela mettra fin \u00e0 toutes les sessions actives, \u00e0 l&rsquo;exception de celle en cours, et vous devrez alors vous reconnecter \u00e0 Gamblerina sur tous vos appareils. En utilisant cette fonctionnalit\u00e9, vous pouvez vous prot\u00e9ger si vous soup\u00e7onnez que votre profil a \u00e9t\u00e9 pirat\u00e9 par des escrocs.<\/p>\n<h3>Pourquoi dois-je me reconnecter apr\u00e8s avoir ferm\u00e9 le navigateur ?<\/h3>\n<h2>Lorsque vous fermez votre navigateur, cette fonctionnalit\u00e9 de s\u00e9curit\u00e9 de Gamble Rina met instantan\u00e9ment fin \u00e0 votre session. Elle emp\u00eache les personnes non autoris\u00e9es d&rsquo;acc\u00e9der \u00e0 votre compte depuis des ordinateurs partag\u00e9s ou publics. M\u00eame si vous oubliez de vous d\u00e9connecter, votre compte reste s\u00e9curis\u00e9. Vous pouvez rester connect\u00e9 plus longtemps sur vos appareils personnels en activant la fonction \u00ab Se souvenir de moi \u00bb.<\/h2>\n<\/div><\/div><\/p>\n","protected":false},"excerpt":{"rendered":"<p>Connexion \u00e0 Gamblerina Vous devez suivre la proc\u00e9dure de Gamblerina login pour jouer sur la plateforme. C&rsquo;est tr\u00e8s simple et cela ne prend pas beaucoup de temps. Connectez-vous \u00e0 votre compte pour consulter les promotions en cours et toutes les fonctionnalit\u00e9s du site. Si vous n&rsquo;\u00eates pas encore inscrit, vous pouvez le faire dans la [&hellip;]<\/p>\n","protected":false},"author":20,"featured_media":0,"parent":0,"menu_order":0,"comment_status":"closed","ping_status":"closed","template":"template-builder.php","meta":{"_acf_changed":false,"inline_featured_image":false,"footnotes":""},"class_list":["post-1440","page","type-page","status-publish","hentry"],"acf":[],"yoast_head":"<!-- This site is optimized with the Yoast SEO plugin v27.3 - https:\/\/yoast.com\/product\/yoast-seo-wordpress\/ -->\n<title>Gamblerina Casino Login \u2013 Se Connecter ou S&#039;inscrire | Acc\u00e8s S\u00e9curis\u00e9<\/title>\n<meta name=\"description\" content=\"Gamblerina Casino Login \u2013 cr\u00e9ez un nouveau compte en quelques secondes ou reconnectez-vous avec un cryptage de pointe et une v\u00e9rification biom\u00e9trique. Surveillez votre activit\u00e9 de mise, r\u00e9clamez vos r\u00e9compenses en attente et ajustez les outils de jeu responsable depuis un tableau de bord chez Gamble Rina.\" \/>\n<meta name=\"robots\" content=\"index, follow, max-snippet:-1, max-image-preview:large, max-video-preview:-1\" \/>\n<link rel=\"canonical\" href=\"https:\/\/thegamblerina.org\/fr\/connexion-et-inscription\/\" \/>\n<meta property=\"og:locale\" content=\"fr_FR\" \/>\n<meta property=\"og:type\" content=\"article\" \/>\n<meta property=\"og:title\" content=\"Gamblerina Casino Login \u2013 Se Connecter ou S&#039;inscrire | Acc\u00e8s S\u00e9curis\u00e9\" \/>\n<meta property=\"og:description\" content=\"Gamblerina Casino Login \u2013 cr\u00e9ez un nouveau compte en quelques secondes ou reconnectez-vous avec un cryptage de pointe et une v\u00e9rification biom\u00e9trique. Surveillez votre activit\u00e9 de mise, r\u00e9clamez vos r\u00e9compenses en attente et ajustez les outils de jeu responsable depuis un tableau de bord chez Gamble Rina.\" \/>\n<meta property=\"og:url\" content=\"https:\/\/thegamblerina.org\/fr\/connexion-et-inscription\/\" \/>\n<meta property=\"og:site_name\" content=\"gamblerina\" \/>\n<meta property=\"article:modified_time\" content=\"2026-04-24T12:17:41+00:00\" \/>\n<meta name=\"twitter:card\" content=\"summary_large_image\" \/>\n<meta name=\"twitter:label1\" content=\"Dur\u00e9e de lecture estim\u00e9e\" \/>\n\t<meta name=\"twitter:data1\" content=\"1 minute\" \/>\n<script type=\"application\/ld+json\" class=\"yoast-schema-graph\">{\"@context\":\"https:\\\/\\\/schema.org\",\"@graph\":[{\"@type\":\"WebPage\",\"@id\":\"https:\\\/\\\/thegamblerina.org\\\/fr\\\/connexion-et-inscription\\\/\",\"url\":\"https:\\\/\\\/thegamblerina.org\\\/fr\\\/connexion-et-inscription\\\/\",\"name\":\"Gamblerina Casino Login \u2013 Se Connecter ou S'inscrire | Acc\u00e8s S\u00e9curis\u00e9\",\"isPartOf\":{\"@id\":\"https:\\\/\\\/thegamblerina.org\\\/fr\\\/#website\"},\"datePublished\":\"2026-04-23T14:16:20+00:00\",\"dateModified\":\"2026-04-24T12:17:41+00:00\",\"description\":\"Gamblerina Casino Login \u2013 cr\u00e9ez un nouveau compte en quelques secondes ou reconnectez-vous avec un cryptage de pointe et une v\u00e9rification biom\u00e9trique. Surveillez votre activit\u00e9 de mise, r\u00e9clamez vos r\u00e9compenses en attente et ajustez les outils de jeu responsable depuis un tableau de bord chez Gamble Rina.\",\"breadcrumb\":{\"@id\":\"https:\\\/\\\/thegamblerina.org\\\/fr\\\/connexion-et-inscription\\\/#breadcrumb\"},\"inLanguage\":\"fr-FR\",\"potentialAction\":[{\"@type\":\"ReadAction\",\"target\":[\"https:\\\/\\\/thegamblerina.org\\\/fr\\\/connexion-et-inscription\\\/\"]}]},{\"@type\":\"BreadcrumbList\",\"@id\":\"https:\\\/\\\/thegamblerina.org\\\/fr\\\/connexion-et-inscription\\\/#breadcrumb\",\"itemListElement\":[{\"@type\":\"ListItem\",\"position\":1,\"name\":\"Gamblerina\",\"item\":\"https:\\\/\\\/thegamblerina.org\\\/fr\\\/\"},{\"@type\":\"ListItem\",\"position\":2,\"name\":\"Connexion et inscription\"}]},{\"@type\":\"WebSite\",\"@id\":\"https:\\\/\\\/thegamblerina.org\\\/fr\\\/#website\",\"url\":\"https:\\\/\\\/thegamblerina.org\\\/fr\\\/\",\"name\":\"Gamblerina\",\"description\":\"\",\"publisher\":{\"@id\":\"https:\\\/\\\/thegamblerina.org\\\/fr\\\/#organization\"},\"potentialAction\":[{\"@type\":\"SearchAction\",\"target\":{\"@type\":\"EntryPoint\",\"urlTemplate\":\"https:\\\/\\\/thegamblerina.org\\\/fr\\\/?s={search_term_string}\"},\"query-input\":{\"@type\":\"PropertyValueSpecification\",\"valueRequired\":true,\"valueName\":\"search_term_string\"}}],\"inLanguage\":\"fr-FR\"},{\"@type\":\"Organization\",\"@id\":\"https:\\\/\\\/thegamblerina.org\\\/fr\\\/#organization\",\"name\":\"Gamblerina\",\"url\":\"https:\\\/\\\/thegamblerina.org\\\/fr\\\/\",\"logo\":{\"@type\":\"ImageObject\",\"inLanguage\":\"fr-FR\",\"@id\":\"https:\\\/\\\/thegamblerina.org\\\/fr\\\/#\\\/schema\\\/logo\\\/image\\\/\",\"url\":\"https:\\\/\\\/thegamblerina.org\\\/wp-content\\\/uploads\\\/2026\\\/02\\\/Gamblerina-logo.svg\",\"contentUrl\":\"https:\\\/\\\/thegamblerina.org\\\/wp-content\\\/uploads\\\/2026\\\/02\\\/Gamblerina-logo.svg\",\"caption\":\"Gamblerina\"},\"image\":{\"@id\":\"https:\\\/\\\/thegamblerina.org\\\/fr\\\/#\\\/schema\\\/logo\\\/image\\\/\"}}]}<\/script>\n<!-- \/ Yoast SEO plugin. -->","yoast_head_json":{"title":"Gamblerina Casino Login \u2013 Se Connecter ou S'inscrire | Acc\u00e8s S\u00e9curis\u00e9","description":"Gamblerina Casino Login \u2013 cr\u00e9ez un nouveau compte en quelques secondes ou reconnectez-vous avec un cryptage de pointe et une v\u00e9rification biom\u00e9trique. Surveillez votre activit\u00e9 de mise, r\u00e9clamez vos r\u00e9compenses en attente et ajustez les outils de jeu responsable depuis un tableau de bord chez Gamble Rina.","robots":{"index":"index","follow":"follow","max-snippet":"max-snippet:-1","max-image-preview":"max-image-preview:large","max-video-preview":"max-video-preview:-1"},"canonical":"https:\/\/thegamblerina.org\/fr\/connexion-et-inscription\/","og_locale":"fr_FR","og_type":"article","og_title":"Gamblerina Casino Login \u2013 Se Connecter ou S'inscrire | Acc\u00e8s S\u00e9curis\u00e9","og_description":"Gamblerina Casino Login \u2013 cr\u00e9ez un nouveau compte en quelques secondes ou reconnectez-vous avec un cryptage de pointe et une v\u00e9rification biom\u00e9trique. Surveillez votre activit\u00e9 de mise, r\u00e9clamez vos r\u00e9compenses en attente et ajustez les outils de jeu responsable depuis un tableau de bord chez Gamble Rina.","og_url":"https:\/\/thegamblerina.org\/fr\/connexion-et-inscription\/","og_site_name":"gamblerina","article_modified_time":"2026-04-24T12:17:41+00:00","twitter_card":"summary_large_image","twitter_misc":{"Dur\u00e9e de lecture estim\u00e9e":"1 minute"},"schema":{"@context":"https:\/\/schema.org","@graph":[{"@type":"WebPage","@id":"https:\/\/thegamblerina.org\/fr\/connexion-et-inscription\/","url":"https:\/\/thegamblerina.org\/fr\/connexion-et-inscription\/","name":"Gamblerina Casino Login \u2013 Se Connecter ou S'inscrire | Acc\u00e8s S\u00e9curis\u00e9","isPartOf":{"@id":"https:\/\/thegamblerina.org\/fr\/#website"},"datePublished":"2026-04-23T14:16:20+00:00","dateModified":"2026-04-24T12:17:41+00:00","description":"Gamblerina Casino Login \u2013 cr\u00e9ez un nouveau compte en quelques secondes ou reconnectez-vous avec un cryptage de pointe et une v\u00e9rification biom\u00e9trique. Surveillez votre activit\u00e9 de mise, r\u00e9clamez vos r\u00e9compenses en attente et ajustez les outils de jeu responsable depuis un tableau de bord chez Gamble Rina.","breadcrumb":{"@id":"https:\/\/thegamblerina.org\/fr\/connexion-et-inscription\/#breadcrumb"},"inLanguage":"fr-FR","potentialAction":[{"@type":"ReadAction","target":["https:\/\/thegamblerina.org\/fr\/connexion-et-inscription\/"]}]},{"@type":"BreadcrumbList","@id":"https:\/\/thegamblerina.org\/fr\/connexion-et-inscription\/#breadcrumb","itemListElement":[{"@type":"ListItem","position":1,"name":"Gamblerina","item":"https:\/\/thegamblerina.org\/fr\/"},{"@type":"ListItem","position":2,"name":"Connexion et inscription"}]},{"@type":"WebSite","@id":"https:\/\/thegamblerina.org\/fr\/#website","url":"https:\/\/thegamblerina.org\/fr\/","name":"Gamblerina","description":"","publisher":{"@id":"https:\/\/thegamblerina.org\/fr\/#organization"},"potentialAction":[{"@type":"SearchAction","target":{"@type":"EntryPoint","urlTemplate":"https:\/\/thegamblerina.org\/fr\/?s={search_term_string}"},"query-input":{"@type":"PropertyValueSpecification","valueRequired":true,"valueName":"search_term_string"}}],"inLanguage":"fr-FR"},{"@type":"Organization","@id":"https:\/\/thegamblerina.org\/fr\/#organization","name":"Gamblerina","url":"https:\/\/thegamblerina.org\/fr\/","logo":{"@type":"ImageObject","inLanguage":"fr-FR","@id":"https:\/\/thegamblerina.org\/fr\/#\/schema\/logo\/image\/","url":"https:\/\/thegamblerina.org\/wp-content\/uploads\/2026\/02\/Gamblerina-logo.svg","contentUrl":"https:\/\/thegamblerina.org\/wp-content\/uploads\/2026\/02\/Gamblerina-logo.svg","caption":"Gamblerina"},"image":{"@id":"https:\/\/thegamblerina.org\/fr\/#\/schema\/logo\/image\/"}}]}},"_links":{"self":[{"href":"https:\/\/thegamblerina.org\/fr\/wp-json\/wp\/v2\/pages\/1440","targetHints":{"allow":["GET"]}}],"collection":[{"href":"https:\/\/thegamblerina.org\/fr\/wp-json\/wp\/v2\/pages"}],"about":[{"href":"https:\/\/thegamblerina.org\/fr\/wp-json\/wp\/v2\/types\/page"}],"author":[{"embeddable":true,"href":"https:\/\/thegamblerina.org\/fr\/wp-json\/wp\/v2\/users\/20"}],"replies":[{"embeddable":true,"href":"https:\/\/thegamblerina.org\/fr\/wp-json\/wp\/v2\/comments?post=1440"}],"version-history":[{"count":3,"href":"https:\/\/thegamblerina.org\/fr\/wp-json\/wp\/v2\/pages\/1440\/revisions"}],"predecessor-version":[{"id":1673,"href":"https:\/\/thegamblerina.org\/fr\/wp-json\/wp\/v2\/pages\/1440\/revisions\/1673"}],"wp:attachment":[{"href":"https:\/\/thegamblerina.org\/fr\/wp-json\/wp\/v2\/media?parent=1440"}],"curies":[{"name":"wp","href":"https:\/\/api.w.org\/{rel}","templated":true}]}}