{"id":1405,"date":"2026-04-23T15:11:42","date_gmt":"2026-04-23T14:11:42","guid":{"rendered":"https:\/\/thegamblerina.org\/aplicacion\/"},"modified":"2026-04-24T12:59:38","modified_gmt":"2026-04-24T11:59:38","slug":"app","status":"publish","type":"page","link":"https:\/\/thegamblerina.org\/fr\/app\/","title":{"rendered":"App"},"content":{"rendered":"<h1>Application Gamblerina : jeux de casino sur mobile<\/h1>\n<p>Gamblerina app am\u00e9liore votre exp\u00e9rience de jeu et vous permet de jouer facilement o\u00f9 que vous soyez. Nous avons transpos\u00e9 toutes les fonctionnalit\u00e9s de la version web tout en garantissant un design convivial et optimis\u00e9 pour les smartphones. Notre casino mobile offre des fonctionnalit\u00e9s telles que le mode plein \u00e9cran, des notifications push personnalisables, et bien plus encore. Vous pouvez acc\u00e9der \u00e0 l&rsquo;int\u00e9gralit\u00e9 de notre biblioth\u00e8que de jeux, y compris les machines \u00e0 sous en ligne, une section avec croupiers en direct, et bien plus encore. L&rsquo;application est disponible au t\u00e9l\u00e9chargement sur les appareils mobiles iOS et Android ainsi que sur les ordinateurs de bureau.<\/p>\n<div class=\"banner-wrap\" aria-label=\"Banner\"><img src=\"https:\/\/thegamblerina.org\/wp-content\/uploads\/Gamblerina-banner-carousel-800\u0445400.webp\" class=\"w-100 d-none d-lg-block img-pc main-banner-img\" alt=\"Gamblerina banner carousel\" fetchpriority=\"high\" decoding=\"async\"><img src=\"https:\/\/thegamblerina.org\/wp-content\/uploads\/gamblerina-banner-mobile.webp\" class=\"w-100 d-none d-md-block d-lg-none main-banner-img\" alt=\"gamblerina banner mobile\" fetchpriority=\"high\" decoding=\"async\"><img src=\"https:\/\/thegamblerina.org\/wp-content\/uploads\/gamblerina-banner-mobile.webp\" class=\"w-100 d-md-none\" alt=\"gamblerina banner mobile\" fetchpriority=\"high\" decoding=\"async\"><div class=\"banner-description\">\n<div class=\"banner-title\">Bonus de bienvenue<\/div>\n<p class=\"banner-header-title\">1500 \u20ac<\/p>\n<div class=\"banner-header-AdditionalText\">+ 250 Tours gratuits<\/div>\n<button data-item=\"homepage_banner_link\" class=\"goto m-button m-gradient-border m-button--primary m-button--large banner-button btn-orange\">\n            <div class=\"m-button-content\">\n                <span>Inscrivez-vous d\u00e8s maintenant<\/span>\n                <span><\/span>\n            <\/div>\n        <\/button>\n<\/div>\n<div class=\"WelcomePack\">\n<p><img loading=\"lazy\" decoding=\"async\" class=\"alignnone size-full wp-image-1550\" src=\"https:\/\/thegamblerina.org\/wp-content\/uploads\/welcome-crown.png\" alt=\"welcome-crown\" width=\"25\" height=\"26\" \/><\/p>\n<div class=\"WelcomePack-Info\">Cashback hebdomadaire jusqu&rsquo;\u00e0 25 %<\/div>\n<p><img loading=\"lazy\" decoding=\"async\" class=\"alignnone size-full wp-image-1550\" src=\"https:\/\/thegamblerina.org\/wp-content\/uploads\/welcome-crown.png\" alt=\"welcome-crown\" width=\"25\" height=\"26\" \/><\/p>\n<\/div>\n<\/div>\n<h2>Plateforme mobile Gamblerina<\/h2>\n<p>Notre priorit\u00e9 absolue est de transposer tous les avantages de la version web du site Gamblerina Casino vers l&rsquo;application mobile, sans faire de compromis sur la commodit\u00e9 ou la portabilit\u00e9. Nous avons choisi les applications web progressives (PWA) pour plusieurs raisons. Tout d&rsquo;abord, elles se t\u00e9l\u00e9chargent directement depuis le site web, ce qui \u00e9vite toute interaction avec des ressources tierces. Ensuite, notre logiciel occupe peu d&rsquo;espace sur l&rsquo;appareil, contrairement \u00e0 ses homologues disponibles sur l&rsquo;App Store. Enfin, les PWA se mettent \u00e0 jour automatiquement et ne n\u00e9cessitent aucune intervention de l&rsquo;utilisateur. Si l&rsquo;on compare notre application \u00e0 la version navigateur, voici les principaux avantages que nous pouvons mettre en avant :<\/p>\n<table>\n<tbody>\n<tr>\n<td>Avantage<\/td>\n<td>Description<\/td>\n<\/tr>\n<tr>\n<td>Commandes tactiles<\/td>\n<td>Boutons et menus dimensionn\u00e9s pour une navigation confortable<\/td>\n<\/tr>\n<tr>\n<td>Conception mobile optimis\u00e9e<\/td>\n<td>Mise en page \u00e9pur\u00e9e ne n\u00e9cessitant ni zoom ni d\u00e9filement horizontal<\/td>\n<\/tr>\n<tr>\n<td>Notifications push<\/td>\n<td>Mises \u00e0 jour en temps r\u00e9el sur les promotions et les \u00e9v\u00e9nements<\/td>\n<\/tr>\n<tr>\n<td>Chargement plus rapide<\/td>\n<td>Performances optimis\u00e9es pour un acc\u00e8s en d\u00e9placement<\/td>\n<\/tr>\n<\/tbody>\n<\/table>\n<h2>Versions mobiles de Gamblerina<\/h2>\n<p>Les versions mobiles de notre application Gamblerina fonctionnent de mani\u00e8re plus fluide et sont disponibles au t\u00e9l\u00e9chargement sur iOS et Android. Certaines cat\u00e9gories de jeux, comme les jeux crash, offrent une exp\u00e9rience encore plus agr\u00e9able gr\u00e2ce \u00e0 leurs parties au rythme effr\u00e9n\u00e9. La proc\u00e9dure de connexion est exactement la m\u00eame que dans la version navigateur ; vous n&rsquo;avez pas besoin de saisir d&rsquo;informations suppl\u00e9mentaires. Les \u00e9tapes de t\u00e9l\u00e9chargement varient l\u00e9g\u00e8rement en fonction de la plateforme sur laquelle fonctionne votre smartphone. Lorsque vous lancez le programme, il s&rsquo;ouvre en mode plein \u00e9cran et est optimis\u00e9 pour les \u00e9crans tactiles.<\/p>\n<p><div class=\"scrollable-content-wrap my-5\"><div class=\"scrollable-content-inner\"><h2>Installation \u00e9tape par \u00e9tape de l&rsquo;application iOS<\/h2>\n<p>Pour t\u00e9l\u00e9charger le logiciel Gamble Rina Casino sur votre iPhone ou iPad, il suffit de suivre quelques \u00e9tapes simples :<\/p>\n<ol>\n<li>Ouvrez le navigateur Safari et rendez-vous sur notre site officiel.<\/li>\n<li>Cliquez sur le bouton \u00ab Partager \u00bb en bas de l&rsquo;\u00e9cran.<\/li>\n<li>Faites ensuite d\u00e9filer vers le bas et appuyez sur \u00ab Ajouter \u00e0 l&rsquo;\u00e9cran d&rsquo;accueil \u00bb.<\/li>\n<li>Choisissez un nom pour l&rsquo;application ou laissez-le tel quel, puis appuyez sur \u00ab Ajouter \u00bb dans le coin sup\u00e9rieur droit.<\/li>\n<\/ol>\n<p>Attendez que l&rsquo;ic\u00f4ne apparaisse sur votre \u00e9cran. Une fois connect\u00e9 au programme, terminez le processus de v\u00e9rification pour acc\u00e9der aux retraits de votre compte et \u00e0 d&rsquo;autres fonctionnalit\u00e9s. Si vous rencontrez des difficult\u00e9s avec les \u00e9tapes d\u00e9crites ci-dessus, veuillez contacter notre \u00e9quipe d&rsquo;assistance via le chat en direct ou par e-mail.<\/p>\n<p><img loading=\"lazy\" decoding=\"async\" src=\"https:\/\/thegamblerina.org\/wp-content\/uploads\/Gamblerina-iOS-App.webp\" alt=\"Gamblerina iOS App\" width=\"1248\" height=\"536\" \/><\/p>\n<\/div><\/div><div style=\"clear: both\"><\/div><div class=\"d-flex justify-content-center\"><button data-item=\"decouvrez_link\" data-group=\"website_links\" class=\"goto fw-bold rounded-pill btn btn-orange\" aria-label=\"T\u00e9l\u00e9chargez l&#039;application Gamblerina\" >T\u00e9l\u00e9chargez l&#039;application Gamblerina<\/button><\/div><div class=\"scrollable-content-wrap my-5\"><div class=\"scrollable-content-inner\"><h2>T\u00e9l\u00e9chargement et utilisation de l&rsquo;application sur Android<\/h2>\n<p>Les utilisateurs d&rsquo;Android peuvent configurer l&rsquo;application Gamblerina dans leur navigateur, tout comme les utilisateurs d&rsquo;iOS, sans m\u00eame avoir \u00e0 se rendre sur Google Play. Ouvrez notre site dans votre navigateur, cliquez sur le menu \u00e0 trois points, puis sur le bouton \u00ab Ajouter \u00e0 l&rsquo;\u00e9cran d&rsquo;accueil \u00bb. Une fois la configuration confirm\u00e9e, l&rsquo;ic\u00f4ne correspondante appara\u00eetra sur votre \u00e9cran d&rsquo;accueil.<\/p>\n<p><img loading=\"lazy\" decoding=\"async\" src=\"https:\/\/thegamblerina.org\/wp-content\/uploads\/Gamblerina-Android-App.webp\" alt=\"Gamblerina Android App\" width=\"1248\" height=\"536\" \/><\/p>\n<\/div><\/div><div style=\"clear: both\"><\/div><div class=\"d-flex justify-content-center\"><button data-item=\"decouvrez_link\" data-group=\"website_links\" class=\"goto fw-bold rounded-pill btn btn-orange\" aria-label=\"T\u00e9l\u00e9chargez l&#039;application Gamblerina\" >T\u00e9l\u00e9chargez l&#039;application Gamblerina<\/button><\/div><div class=\"scrollable-content-wrap my-5\"><div class=\"scrollable-content-inner\"><h2>Application Gamblerina pour Windows et macOS<\/h2>\n<p>Notre application Gamblerina est \u00e9galement disponible au t\u00e9l\u00e9chargement sur Windows et macOS. Il suffit de vous rendre sur notre site web et de cliquer sur le bouton \u00ab Installer \u00bb dans la barre d&rsquo;adresse pour l&rsquo;installer. Apr\u00e8s une derni\u00e8re confirmation, l&rsquo;ic\u00f4ne sera ajout\u00e9e \u00e0 votre bureau, o\u00f9 vous pourrez y acc\u00e9der \u00e0 tout moment. Elle fonctionne nettement plus rapidement que la version web et, tout comme sur les appareils mobiles, prend en charge le mode plein \u00e9cran. L&rsquo;application vous permet \u00e9galement de personnaliser les notifications push afin de les recevoir de mani\u00e8re s\u00e9lective par cat\u00e9gorie ou par type de promotion.<\/p>\n<h2>Fonctionnalit\u00e9s de s\u00e9curit\u00e9 et de s\u00fbret\u00e9 de l&rsquo;application<\/h2>\n<p>Toutes les donn\u00e9es envoy\u00e9es via l&rsquo;application mobile Gamblerina sont chiffr\u00e9es avec TLS 1.3 et transmises via HTTPS, soit le m\u00eame niveau de protection que celui utilis\u00e9 sur les ordinateurs. Vos informations personnelles ne seront pas collect\u00e9es sans votre autorisation, car le logiciel ne n\u00e9cessite qu&rsquo;un acc\u00e8s normal au navigateur. Gr\u00e2ce aux mises \u00e0 jour automatiques, les derniers correctifs de s\u00e9curit\u00e9 sont appliqu\u00e9s imm\u00e9diatement, sans que l&rsquo;utilisateur n&rsquo;ait rien \u00e0 faire. Sur les appareils qui le prennent en charge, l&rsquo;authentification biom\u00e9trique ajoute une couche suppl\u00e9mentaire de s\u00e9curit\u00e9 au compte, tant pour la connexion que pour la confirmation des transactions.<\/p>\n<p><img loading=\"lazy\" decoding=\"async\" src=\"https:\/\/thegamblerina.org\/wp-content\/uploads\/Gamblerina-Desktop.webp\" alt=\"Gamblerina Desktop\" width=\"1248\" height=\"536\" \/><\/p>\n<\/div><\/div><div style=\"clear: both\"><\/div><div class=\"d-flex justify-content-center\"><button data-item=\"decouvrez_link\" data-group=\"website_links\" class=\"goto fw-bold rounded-pill btn btn-orange\" aria-label=\"T\u00e9l\u00e9chargez l&#039;application Gamblerina\" >T\u00e9l\u00e9chargez l&#039;application Gamblerina<\/button><\/div><div class=\"scrollable-content-wrap my-5\"><div class=\"scrollable-content-inner\"><h2>FAQ<\/h2>\n<h3>Le t\u00e9l\u00e9chargement de l&rsquo;application Gamblerina est-il gratuit ?<\/h3>\n<p>Oui, vous pouvez obtenir Gamble Rina gratuitement et l&rsquo;installer sur n&rsquo;importe quel appareil compatible. L&rsquo;acc\u00e8s, le t\u00e9l\u00e9chargement ou le lancement du programme en lui-m\u00eame ne co\u00fbtent rien. Lorsque les utilisateurs souhaitent jouer avec de l&rsquo;argent r\u00e9el, ils doivent simplement d\u00e9poser de l&rsquo;argent sur leur compte.<\/p>\n<h3>Le logiciel va-t-il vider rapidement la batterie de mon t\u00e9l\u00e9phone ?<\/h3>\n<p>L&rsquo;application PWA Gamblerina a \u00e9t\u00e9 con\u00e7ue pour consommer beaucoup moins d&rsquo;\u00e9nergie que les applications de casino natives, car elle est optimis\u00e9e pour l&rsquo;efficacit\u00e9 \u00e9nerg\u00e9tique. Contrairement aux logiciels standard qui ex\u00e9cutent plusieurs processus en arri\u00e8re-plan, notre application PWA ne fonctionne que lorsqu&rsquo;elle est active. Cela permet de pr\u00e9server la batterie afin que vous puissiez jouer plus longtemps lorsque vous \u00eates en d\u00e9placement.<\/p>\n<h3>Puis-je utiliser le m\u00eame compte sur l&rsquo;application et sur l&rsquo;ordinateur en m\u00eame temps ?<\/h3>\n<p>Oui, vous pouvez \u00eatre connect\u00e9 \u00e0 Gamblerina Casino simultan\u00e9ment sur votre t\u00e9l\u00e9phone et votre ordinateur. Cependant, si vous lancez une partie sur un appareil alors que vous jouez sur un autre, la premi\u00e8re session sera interrompue. Cela emp\u00eache les abus de bonus et facilite l&rsquo;acc\u00e8s depuis plusieurs appareils.<\/p>\n<h3>L&rsquo;application permet-elle de jouer hors ligne \u00e0 certains jeux ?<\/h3>\n<p>Pour tous les jeux en argent r\u00e9el et la gestion de compte, le programme Gamble Rina Casino doit \u00eatre connect\u00e9 \u00e0 Internet. Certaines versions de d\u00e9monstration des machines \u00e0 sous peuvent \u00eatre jou\u00e9es sans connexion Internet apr\u00e8s le chargement initial, mais pour profiter de tous les avantages, comme effectuer des d\u00e9p\u00f4ts et des retraits ou jouer \u00e0 des jeux avec croupier en direct, vous devez \u00eatre connect\u00e9.<\/p>\n<\/div><\/div><\/p>\n","protected":false},"excerpt":{"rendered":"<p>Application Gamblerina : jeux de casino sur mobile Gamblerina app am\u00e9liore votre exp\u00e9rience de jeu et vous permet de jouer facilement o\u00f9 que vous soyez. Nous avons transpos\u00e9 toutes les fonctionnalit\u00e9s de la version web tout en garantissant un design convivial et optimis\u00e9 pour les smartphones. Notre casino mobile offre des fonctionnalit\u00e9s telles que le [&hellip;]<\/p>\n","protected":false},"author":20,"featured_media":0,"parent":0,"menu_order":0,"comment_status":"closed","ping_status":"closed","template":"template-builder.php","meta":{"_acf_changed":false,"inline_featured_image":false,"footnotes":""},"class_list":["post-1405","page","type-page","status-publish","hentry"],"acf":[],"yoast_head":"<!-- This site is optimized with the Yoast SEO plugin v27.3 - https:\/\/yoast.com\/product\/yoast-seo-wordpress\/ -->\n<title>Gamblerina Casino Web App | Mobile &amp; Bureau<\/title>\n<meta name=\"description\" content=\"Gamblerina Casino Web App \u2013 lancez le casino bas\u00e9 sur navigateur instantan\u00e9ment sur n&#039;importe quel appareil mobile ou de bureau sans rien t\u00e9l\u00e9charger. Profitez d&#039;un acc\u00e8s complet aux jeux, connexions s\u00e9curis\u00e9es et synchronisation en temps r\u00e9el sur tous vos \u00e9crans chez Gamble Rina.\" \/>\n<meta name=\"robots\" content=\"index, follow, max-snippet:-1, max-image-preview:large, max-video-preview:-1\" \/>\n<link rel=\"canonical\" href=\"https:\/\/thegamblerina.org\/fr\/app\/\" \/>\n<meta property=\"og:locale\" content=\"fr_FR\" \/>\n<meta property=\"og:type\" content=\"article\" \/>\n<meta property=\"og:title\" content=\"Gamblerina Casino Web App | Mobile &amp; Bureau\" \/>\n<meta property=\"og:description\" content=\"Gamblerina Casino Web App \u2013 lancez le casino bas\u00e9 sur navigateur instantan\u00e9ment sur n&#039;importe quel appareil mobile ou de bureau sans rien t\u00e9l\u00e9charger. Profitez d&#039;un acc\u00e8s complet aux jeux, connexions s\u00e9curis\u00e9es et synchronisation en temps r\u00e9el sur tous vos \u00e9crans chez Gamble Rina.\" \/>\n<meta property=\"og:url\" content=\"https:\/\/thegamblerina.org\/fr\/app\/\" \/>\n<meta property=\"og:site_name\" content=\"gamblerina\" \/>\n<meta property=\"article:modified_time\" content=\"2026-04-24T11:59:38+00:00\" \/>\n<meta name=\"twitter:card\" content=\"summary_large_image\" \/>\n<meta name=\"twitter:label1\" content=\"Dur\u00e9e de lecture estim\u00e9e\" \/>\n\t<meta name=\"twitter:data1\" content=\"2 minutes\" \/>\n<script type=\"application\/ld+json\" class=\"yoast-schema-graph\">{\"@context\":\"https:\\\/\\\/schema.org\",\"@graph\":[{\"@type\":\"WebPage\",\"@id\":\"https:\\\/\\\/thegamblerina.org\\\/fr\\\/app\\\/\",\"url\":\"https:\\\/\\\/thegamblerina.org\\\/fr\\\/app\\\/\",\"name\":\"Gamblerina Casino Web App | Mobile & Bureau\",\"isPartOf\":{\"@id\":\"https:\\\/\\\/thegamblerina.org\\\/fr\\\/#website\"},\"datePublished\":\"2026-04-23T14:11:42+00:00\",\"dateModified\":\"2026-04-24T11:59:38+00:00\",\"description\":\"Gamblerina Casino Web App \u2013 lancez le casino bas\u00e9 sur navigateur instantan\u00e9ment sur n'importe quel appareil mobile ou de bureau sans rien t\u00e9l\u00e9charger. Profitez d'un acc\u00e8s complet aux jeux, connexions s\u00e9curis\u00e9es et synchronisation en temps r\u00e9el sur tous vos \u00e9crans chez Gamble Rina.\",\"breadcrumb\":{\"@id\":\"https:\\\/\\\/thegamblerina.org\\\/fr\\\/app\\\/#breadcrumb\"},\"inLanguage\":\"fr-FR\",\"potentialAction\":[{\"@type\":\"ReadAction\",\"target\":[\"https:\\\/\\\/thegamblerina.org\\\/fr\\\/app\\\/\"]}]},{\"@type\":\"BreadcrumbList\",\"@id\":\"https:\\\/\\\/thegamblerina.org\\\/fr\\\/app\\\/#breadcrumb\",\"itemListElement\":[{\"@type\":\"ListItem\",\"position\":1,\"name\":\"Gamblerina\",\"item\":\"https:\\\/\\\/thegamblerina.org\\\/fr\\\/\"},{\"@type\":\"ListItem\",\"position\":2,\"name\":\"App\"}]},{\"@type\":\"WebSite\",\"@id\":\"https:\\\/\\\/thegamblerina.org\\\/fr\\\/#website\",\"url\":\"https:\\\/\\\/thegamblerina.org\\\/fr\\\/\",\"name\":\"Gamblerina\",\"description\":\"\",\"publisher\":{\"@id\":\"https:\\\/\\\/thegamblerina.org\\\/fr\\\/#organization\"},\"potentialAction\":[{\"@type\":\"SearchAction\",\"target\":{\"@type\":\"EntryPoint\",\"urlTemplate\":\"https:\\\/\\\/thegamblerina.org\\\/fr\\\/?s={search_term_string}\"},\"query-input\":{\"@type\":\"PropertyValueSpecification\",\"valueRequired\":true,\"valueName\":\"search_term_string\"}}],\"inLanguage\":\"fr-FR\"},{\"@type\":\"Organization\",\"@id\":\"https:\\\/\\\/thegamblerina.org\\\/fr\\\/#organization\",\"name\":\"Gamblerina\",\"url\":\"https:\\\/\\\/thegamblerina.org\\\/fr\\\/\",\"logo\":{\"@type\":\"ImageObject\",\"inLanguage\":\"fr-FR\",\"@id\":\"https:\\\/\\\/thegamblerina.org\\\/fr\\\/#\\\/schema\\\/logo\\\/image\\\/\",\"url\":\"https:\\\/\\\/thegamblerina.org\\\/wp-content\\\/uploads\\\/2026\\\/02\\\/Gamblerina-logo.svg\",\"contentUrl\":\"https:\\\/\\\/thegamblerina.org\\\/wp-content\\\/uploads\\\/2026\\\/02\\\/Gamblerina-logo.svg\",\"caption\":\"Gamblerina\"},\"image\":{\"@id\":\"https:\\\/\\\/thegamblerina.org\\\/fr\\\/#\\\/schema\\\/logo\\\/image\\\/\"}}]}<\/script>\n<!-- \/ Yoast SEO plugin. -->","yoast_head_json":{"title":"Gamblerina Casino Web App | Mobile & Bureau","description":"Gamblerina Casino Web App \u2013 lancez le casino bas\u00e9 sur navigateur instantan\u00e9ment sur n'importe quel appareil mobile ou de bureau sans rien t\u00e9l\u00e9charger. Profitez d'un acc\u00e8s complet aux jeux, connexions s\u00e9curis\u00e9es et synchronisation en temps r\u00e9el sur tous vos \u00e9crans chez Gamble Rina.","robots":{"index":"index","follow":"follow","max-snippet":"max-snippet:-1","max-image-preview":"max-image-preview:large","max-video-preview":"max-video-preview:-1"},"canonical":"https:\/\/thegamblerina.org\/fr\/app\/","og_locale":"fr_FR","og_type":"article","og_title":"Gamblerina Casino Web App | Mobile & Bureau","og_description":"Gamblerina Casino Web App \u2013 lancez le casino bas\u00e9 sur navigateur instantan\u00e9ment sur n'importe quel appareil mobile ou de bureau sans rien t\u00e9l\u00e9charger. Profitez d'un acc\u00e8s complet aux jeux, connexions s\u00e9curis\u00e9es et synchronisation en temps r\u00e9el sur tous vos \u00e9crans chez Gamble Rina.","og_url":"https:\/\/thegamblerina.org\/fr\/app\/","og_site_name":"gamblerina","article_modified_time":"2026-04-24T11:59:38+00:00","twitter_card":"summary_large_image","twitter_misc":{"Dur\u00e9e de lecture estim\u00e9e":"2 minutes"},"schema":{"@context":"https:\/\/schema.org","@graph":[{"@type":"WebPage","@id":"https:\/\/thegamblerina.org\/fr\/app\/","url":"https:\/\/thegamblerina.org\/fr\/app\/","name":"Gamblerina Casino Web App | Mobile & Bureau","isPartOf":{"@id":"https:\/\/thegamblerina.org\/fr\/#website"},"datePublished":"2026-04-23T14:11:42+00:00","dateModified":"2026-04-24T11:59:38+00:00","description":"Gamblerina Casino Web App \u2013 lancez le casino bas\u00e9 sur navigateur instantan\u00e9ment sur n'importe quel appareil mobile ou de bureau sans rien t\u00e9l\u00e9charger. Profitez d'un acc\u00e8s complet aux jeux, connexions s\u00e9curis\u00e9es et synchronisation en temps r\u00e9el sur tous vos \u00e9crans chez Gamble Rina.","breadcrumb":{"@id":"https:\/\/thegamblerina.org\/fr\/app\/#breadcrumb"},"inLanguage":"fr-FR","potentialAction":[{"@type":"ReadAction","target":["https:\/\/thegamblerina.org\/fr\/app\/"]}]},{"@type":"BreadcrumbList","@id":"https:\/\/thegamblerina.org\/fr\/app\/#breadcrumb","itemListElement":[{"@type":"ListItem","position":1,"name":"Gamblerina","item":"https:\/\/thegamblerina.org\/fr\/"},{"@type":"ListItem","position":2,"name":"App"}]},{"@type":"WebSite","@id":"https:\/\/thegamblerina.org\/fr\/#website","url":"https:\/\/thegamblerina.org\/fr\/","name":"Gamblerina","description":"","publisher":{"@id":"https:\/\/thegamblerina.org\/fr\/#organization"},"potentialAction":[{"@type":"SearchAction","target":{"@type":"EntryPoint","urlTemplate":"https:\/\/thegamblerina.org\/fr\/?s={search_term_string}"},"query-input":{"@type":"PropertyValueSpecification","valueRequired":true,"valueName":"search_term_string"}}],"inLanguage":"fr-FR"},{"@type":"Organization","@id":"https:\/\/thegamblerina.org\/fr\/#organization","name":"Gamblerina","url":"https:\/\/thegamblerina.org\/fr\/","logo":{"@type":"ImageObject","inLanguage":"fr-FR","@id":"https:\/\/thegamblerina.org\/fr\/#\/schema\/logo\/image\/","url":"https:\/\/thegamblerina.org\/wp-content\/uploads\/2026\/02\/Gamblerina-logo.svg","contentUrl":"https:\/\/thegamblerina.org\/wp-content\/uploads\/2026\/02\/Gamblerina-logo.svg","caption":"Gamblerina"},"image":{"@id":"https:\/\/thegamblerina.org\/fr\/#\/schema\/logo\/image\/"}}]}},"_links":{"self":[{"href":"https:\/\/thegamblerina.org\/fr\/wp-json\/wp\/v2\/pages\/1405","targetHints":{"allow":["GET"]}}],"collection":[{"href":"https:\/\/thegamblerina.org\/fr\/wp-json\/wp\/v2\/pages"}],"about":[{"href":"https:\/\/thegamblerina.org\/fr\/wp-json\/wp\/v2\/types\/page"}],"author":[{"embeddable":true,"href":"https:\/\/thegamblerina.org\/fr\/wp-json\/wp\/v2\/users\/20"}],"replies":[{"embeddable":true,"href":"https:\/\/thegamblerina.org\/fr\/wp-json\/wp\/v2\/comments?post=1405"}],"version-history":[{"count":2,"href":"https:\/\/thegamblerina.org\/fr\/wp-json\/wp\/v2\/pages\/1405\/revisions"}],"predecessor-version":[{"id":1670,"href":"https:\/\/thegamblerina.org\/fr\/wp-json\/wp\/v2\/pages\/1405\/revisions\/1670"}],"wp:attachment":[{"href":"https:\/\/thegamblerina.org\/fr\/wp-json\/wp\/v2\/media?parent=1405"}],"curies":[{"name":"wp","href":"https:\/\/api.w.org\/{rel}","templated":true}]}}