{"id":1390,"date":"2026-04-23T15:16:20","date_gmt":"2026-04-23T14:16:20","guid":{"rendered":"https:\/\/thegamblerina.org\/?page_id=1390"},"modified":"2026-04-23T15:16:20","modified_gmt":"2026-04-23T14:16:20","slug":"inicio-de-sesion-y-registro","status":"publish","type":"page","link":"https:\/\/thegamblerina.org\/es\/inicio-de-sesion-y-registro\/","title":{"rendered":"Inicio de sesi\u00f3n y Registro"},"content":{"rendered":"<h1>Inicio de sesi\u00f3n en Gamblerina<\/h1>\n<p>Todos los jugadores espa\u00f1oles deben completar el proceso de Gamblerina login para poder jugar en la plataforma. Es bastante sencillo y no lleva mucho tiempo. Inicia sesi\u00f3n en tu cuenta para ver las promociones actuales y todas las funciones del sitio web. Si a\u00fan no te has registrado, puedes hacerlo en la misma ventana introduciendo tus datos o haciendo clic en el bot\u00f3n \u00abGoogle\u00bb. Ten en cuenta que el inicio de sesi\u00f3n s\u00f3lo est\u00e1 disponible para mayores de edad.<\/p>\n<p><div class=\"banner-wrap\" aria-label=\"Banner\"><img src=\"https:\/\/thegamblerina.org\/wp-content\/uploads\/Gamblerina-banner-carousel-800\u0445400.webp\" class=\"w-100 d-none d-lg-block img-pc main-banner-img\" alt=\"Gamblerina banner carousel\" fetchpriority=\"high\" decoding=\"async\"><img src=\"https:\/\/thegamblerina.org\/wp-content\/uploads\/gamblerina-banner-mobile.webp\" class=\"w-100 d-none d-md-block d-lg-none main-banner-img\" alt=\"gamblerina banner mobile\" fetchpriority=\"high\" decoding=\"async\"><img src=\"https:\/\/thegamblerina.org\/wp-content\/uploads\/gamblerina-banner-mobile.webp\" class=\"w-100 d-md-none\" alt=\"gamblerina banner mobile\" fetchpriority=\"high\" decoding=\"async\"><div class=\"banner-description\">\n<div class=\"banner-title\">Bonos de bienvenida<\/div>\n<p class=\"banner-header-title\">1500 \u20ac<\/p>\n<div class=\"banner-header-AdditionalText\">+ 250 Tiradas gratis<\/div>\n<button data-item=\"homepage_banner_link\" class=\"goto m-button m-gradient-border m-button--primary m-button--large banner-button btn-orange\">\n            <div class=\"m-button-content\">\n                <span>Reg\u00edstrate ahora<\/span>\n                <span><\/span>\n            <\/div>\n        <\/button>\n<\/div>\n<div class=\"WelcomePack\">\n<p><img loading=\"lazy\" decoding=\"async\" class=\"alignnone size-full wp-image-1349\" src=\"https:\/\/thegamblerina.org\/wp-content\/uploads\/2026\/02\/welcome-crown.png\" alt=\"welcome crown\" width=\"25\" height=\"26\" \/><\/p>\n<div class=\"WelcomePack-Info\">Reembolso semanal de hasta el 25 %<\/div>\n<p><img loading=\"lazy\" decoding=\"async\" class=\"alignnone size-full wp-image-1349\" src=\"https:\/\/thegamblerina.org\/wp-content\/uploads\/2026\/02\/welcome-crown.png\" alt=\"welcome crown\" width=\"25\" height=\"26\" \/><\/p>\n<\/div>\n<\/div><div class=\"scrollable-content-wrap my-5\"><div class=\"scrollable-content-inner\"><h2>Procedimiento de registro en Gamblerina<\/h2>\n<p>El registro es el primer paso en tu aventura en Gamblerina Casino. Una vez te hayas registrado, tendr\u00e1s acceso a tu perfil personal, donde podr\u00e1s configurar herramientas de juego responsable, personalizar las notificaciones push y mucho m\u00e1s.<\/p>\n<p>Para empezar en la plataforma, busca el bot\u00f3n \u00abReg\u00edstrate\u00bb en la p\u00e1gina de inicio. A continuaci\u00f3n, introduce tu direcci\u00f3n de correo electr\u00f3nico y una contrase\u00f1a segura, o utiliza la opci\u00f3n de Google. No olvides introducir un c\u00f3digo promocional si tienes uno. Lee atentamente las condiciones de uso de la plataforma y vuelve a pulsar el bot\u00f3n si est\u00e1s de acuerdo. Nuestro Paquete de Bienvenida estar\u00e1 disponible para ti una vez que completes el registro. Si tienes alg\u00fan problema con este proceso, nuestro equipo de atenci\u00f3n al cliente multiling\u00fce estar\u00e1 encantado de ayudarte.<\/p>\n<h2>Procedimiento de inicio de sesi\u00f3n en Gamblerina<\/h2>\n<p>Una vez que hayas completado el proceso de registro, podr\u00e1s acceder al procedimiento de inicio de sesi\u00f3n en Gamblerina. Tarda incluso menos tiempo que el anterior. Para conectarte a tu cuenta, sigue estos pasos:<\/p>\n<ol>\n<li>Pulsa el bot\u00f3n \u00abIniciar sesi\u00f3n\u00bb en la esquina superior derecha de la p\u00e1gina<\/li>\n<li>Introduce los datos que utilizaste para registrarte o haz clic en el bot\u00f3n \u00abGoogle\u00bb<\/li>\n<li>Una vez comprobado todo, vuelve a pulsar el enlace para confirmar.<\/li>\n<\/ol>\n<p>Podr\u00e1s gestionar tu \u00e1rea de cliente una vez que hayas iniciado sesi\u00f3n en Gamble Rina Casino. Utiliza nuestras herramientas de juego responsable para garantizar que tu experiencia sea segura y saludable. El proceso de verificaci\u00f3n es necesario para acceder a ciertas funciones del sitio web, como retirar fondos.<\/p>\n<h3>\u00bfHas olvidado tu contrase\u00f1a?<\/h3>\n<p>Puedes hacer clic en el bot\u00f3n \u00ab\u00bfHas olvidado tu contrase\u00f1a?\u00bb si tienes problemas para iniciar sesi\u00f3n en Gamblerina. Se enviar\u00e1 un enlace para restablecer tu contrase\u00f1a a la direcci\u00f3n de correo electr\u00f3nico que proporcionaste durante el registro. Pero esto no funciona en todas las situaciones. Si pierdes tu correo electr\u00f3nico o tienes cualquier otro problema con los pasos anteriores, el equipo de atenci\u00f3n al cliente est\u00e1 disponible a trav\u00e9s del chat en vivo las 24 horas del d\u00eda, los 7 d\u00edas de la semana. Se restablecer\u00e1 el acceso completo a tu perfil una vez que vuelvas a enviar la informaci\u00f3n que confirme tu identidad.<\/p>\n<h2>C\u00f3mo mantener tu cuenta segura<\/h2>\n<p>Para nosotros es importante que tu perfil permanezca seguro. Si quieres asegurarte de que tu experiencia en Gamblerina Casino sea siempre segura, hemos preparado nuestras recomendaciones para reducir significativamente las posibilidades de que los hackers accedan a tu cuenta:<\/p>\n<table>\n<tbody>\n<tr>\n<td>Consejo de seguridad<\/td>\n<td>Por qu\u00e9 es importante<\/td>\n<\/tr>\n<tr>\n<td>Usa una contrase\u00f1a \u00fanica y segura<\/td>\n<td>Evita los ataques de fuerza bruta<\/td>\n<\/tr>\n<tr>\n<td>Activa la autenticaci\u00f3n de dos factores<\/td>\n<td>A\u00f1ade una protecci\u00f3n extra al iniciar sesi\u00f3n<\/td>\n<\/tr>\n<tr>\n<td>Evita las redes Wi-Fi p\u00fablicas<\/td>\n<td>Reduce el riesgo de que te roben los datos<\/td>\n<\/tr>\n<tr>\n<td>Nunca compartas tus datos<\/td>\n<td>S\u00f3lo t\u00fa deber\u00edas poder acceder a tu \u00e1rea de cliente<\/td>\n<\/tr>\n<\/tbody>\n<\/table>\n<p>Te recomendamos que utilices \u00fanicamente la p\u00e1gina web oficial o la aplicaci\u00f3n de Gamblerina para conectarte a nuestra plataforma.<\/p>\n<p><img loading=\"lazy\" decoding=\"async\" class=\"alignnone wp-image-1388 size-full\" src=\"https:\/\/thegamblerina.org\/wp-content\/uploads\/Gamblerina-Login.webp\" alt=\"Gamblerina Login\" width=\"1248\" height=\"536\" srcset=\"https:\/\/thegamblerina.org\/wp-content\/uploads\/Gamblerina-Login.webp 1248w, https:\/\/thegamblerina.org\/wp-content\/uploads\/Gamblerina-Login-300x129.webp 300w, https:\/\/thegamblerina.org\/wp-content\/uploads\/Gamblerina-Login-1024x440.webp 1024w, https:\/\/thegamblerina.org\/wp-content\/uploads\/Gamblerina-Login-768x330.webp 768w\" sizes=\"auto, (max-width: 1248px) 100vw, 1248px\" \/><\/p>\n<h2>Gesti\u00f3n de sesiones<\/h2>\n<p>Encontrar\u00e1s herramientas de gesti\u00f3n de sesiones en la pesta\u00f1a correspondiente de tu perfil personal. Te ayudan a mantener una experiencia de juego sana y responsable. Con los l\u00edmites de tiempo, puedes especificar una duraci\u00f3n m\u00e1xima de sesi\u00f3n para cada inicio de sesi\u00f3n en Gamble Rina. Los recordatorios de descanso te enviar\u00e1n mensajes autom\u00e1ticos a las horas que elijas. El seguimiento en tiempo real te muestra cu\u00e1nto tiempo llevas jugando. Tras una partida larga, un tiempo de espera obligatorio bloquea tu cuenta brevemente.<\/p>\n<h2>Preguntas frecuentes<\/h2>\n<h3>\u00bfPuedo iniciar sesi\u00f3n desde varios dispositivos a la vez?<\/h3>\n<p>S\u00ed, es posible, pero hay una condici\u00f3n. Se te desconectar\u00e1 de tu cuenta de Gamblerina Casino si juegas en varios dispositivos a la vez. Esto se hace para evitar errores y el abuso del sistema por parte de usuarios sin escr\u00fapulos. Te recomendamos que cierres sesi\u00f3n en un dispositivo antes de empezar a jugar en otro para evitar interrupciones.<\/p>\n<h3>\u00bfC\u00f3mo cierro sesi\u00f3n en Gamble Rina en todos los dispositivos?<\/h3>\n<p>Para ello, s\u00f3lo tienes que ir a la pesta\u00f1a \u00abSeguridad\u00bb de tu \u00e1rea de usuario y hacer clic en \u00abCerrar sesi\u00f3n en todos los dispositivos\u00bb. Esto cerrar\u00e1 todas las sesiones activas, excepto la actual, y tendr\u00e1s que volver a iniciar sesi\u00f3n en Gamblerina en todos los dispositivos. Al usar esta funci\u00f3n, puedes protegerte si sospechas que tu perfil ha sido comprometido por estafadores.<\/p>\n<h3>\u00bfPor qu\u00e9 tengo que volver a iniciar sesi\u00f3n despu\u00e9s de cerrar el navegador?<\/h3>\n<p>Cuando cierras el navegador, esta funci\u00f3n de seguridad de Gamblerina detiene tu sesi\u00f3n al instante. Impide que personas que no deber\u00edan tener acceso puedan entrar desde ordenadores compartidos o p\u00fablicos. Incluso si te olvidas de cerrar sesi\u00f3n, tu cuenta sigue estando a salvo. Puedes mantenerte conectado m\u00e1s tiempo en dispositivos personales activando la funci\u00f3n \u00abRecordarme\u00bb.<\/p>\n<\/div><\/div><\/p>\n","protected":false},"excerpt":{"rendered":"<p>Inicio de sesi\u00f3n en Gamblerina Todos los jugadores espa\u00f1oles deben completar el proceso de Gamblerina login para poder jugar en la plataforma. Es bastante sencillo y no lleva mucho tiempo. Inicia sesi\u00f3n en tu cuenta para ver las promociones actuales y todas las funciones del sitio web. Si a\u00fan no te has registrado, puedes hacerlo [&hellip;]<\/p>\n","protected":false},"author":20,"featured_media":0,"parent":0,"menu_order":0,"comment_status":"closed","ping_status":"closed","template":"template-builder.php","meta":{"_acf_changed":false,"inline_featured_image":false,"footnotes":""},"class_list":["post-1390","page","type-page","status-publish","hentry"],"acf":[],"yoast_head":"<!-- This site is optimized with the Yoast SEO plugin v27.3 - https:\/\/yoast.com\/product\/yoast-seo-wordpress\/ -->\n<title>Gamblerina Casino Login \u2013 Iniciar Sesi\u00f3n o Registrarse | Acceso Seguro<\/title>\n<meta name=\"description\" content=\"Gamblerina Casino Login \u2013 configura una nueva cuenta en segundos o inicia sesi\u00f3n de nuevo con encriptaci\u00f3n de \u00faltima generaci\u00f3n y verificaci\u00f3n biom\u00e9trica. Monitorea tu actividad de apuestas, reclama recompensas pendientes y ajusta herramientas de juego responsable desde un panel en Gamble Rina.\" \/>\n<meta name=\"robots\" content=\"index, follow, max-snippet:-1, max-image-preview:large, max-video-preview:-1\" \/>\n<link rel=\"canonical\" href=\"https:\/\/thegamblerina.org\/es\/inicio-de-sesion-y-registro\/\" \/>\n<meta property=\"og:locale\" content=\"es_ES\" \/>\n<meta property=\"og:type\" content=\"article\" \/>\n<meta property=\"og:title\" content=\"Gamblerina Casino Login \u2013 Iniciar Sesi\u00f3n o Registrarse | Acceso Seguro\" \/>\n<meta property=\"og:description\" content=\"Gamblerina Casino Login \u2013 configura una nueva cuenta en segundos o inicia sesi\u00f3n de nuevo con encriptaci\u00f3n de \u00faltima generaci\u00f3n y verificaci\u00f3n biom\u00e9trica. Monitorea tu actividad de apuestas, reclama recompensas pendientes y ajusta herramientas de juego responsable desde un panel en Gamble Rina.\" \/>\n<meta property=\"og:url\" content=\"https:\/\/thegamblerina.org\/es\/inicio-de-sesion-y-registro\/\" \/>\n<meta property=\"og:site_name\" content=\"gamblerina\" \/>\n<meta name=\"twitter:card\" content=\"summary_large_image\" \/>\n<meta name=\"twitter:label1\" content=\"Est. reading time\" \/>\n\t<meta name=\"twitter:data1\" content=\"1 minuto\" \/>\n<script type=\"application\/ld+json\" class=\"yoast-schema-graph\">{\"@context\":\"https:\\\/\\\/schema.org\",\"@graph\":[{\"@type\":\"WebPage\",\"@id\":\"https:\\\/\\\/thegamblerina.org\\\/es\\\/inicio-de-sesion-y-registro\\\/\",\"url\":\"https:\\\/\\\/thegamblerina.org\\\/es\\\/inicio-de-sesion-y-registro\\\/\",\"name\":\"Gamblerina Casino Login \u2013 Iniciar Sesi\u00f3n o Registrarse | Acceso Seguro\",\"isPartOf\":{\"@id\":\"https:\\\/\\\/thegamblerina.org\\\/es\\\/#website\"},\"datePublished\":\"2026-04-23T14:16:20+00:00\",\"description\":\"Gamblerina Casino Login \u2013 configura una nueva cuenta en segundos o inicia sesi\u00f3n de nuevo con encriptaci\u00f3n de \u00faltima generaci\u00f3n y verificaci\u00f3n biom\u00e9trica. Monitorea tu actividad de apuestas, reclama recompensas pendientes y ajusta herramientas de juego responsable desde un panel en Gamble Rina.\",\"breadcrumb\":{\"@id\":\"https:\\\/\\\/thegamblerina.org\\\/es\\\/inicio-de-sesion-y-registro\\\/#breadcrumb\"},\"inLanguage\":\"es\",\"potentialAction\":[{\"@type\":\"ReadAction\",\"target\":[\"https:\\\/\\\/thegamblerina.org\\\/es\\\/inicio-de-sesion-y-registro\\\/\"]}]},{\"@type\":\"BreadcrumbList\",\"@id\":\"https:\\\/\\\/thegamblerina.org\\\/es\\\/inicio-de-sesion-y-registro\\\/#breadcrumb\",\"itemListElement\":[{\"@type\":\"ListItem\",\"position\":1,\"name\":\"Gamblerina\",\"item\":\"https:\\\/\\\/thegamblerina.org\\\/es\\\/\"},{\"@type\":\"ListItem\",\"position\":2,\"name\":\"Inicio de sesi\u00f3n y Registro\"}]},{\"@type\":\"WebSite\",\"@id\":\"https:\\\/\\\/thegamblerina.org\\\/es\\\/#website\",\"url\":\"https:\\\/\\\/thegamblerina.org\\\/es\\\/\",\"name\":\"Gamblerina\",\"description\":\"\",\"publisher\":{\"@id\":\"https:\\\/\\\/thegamblerina.org\\\/es\\\/#organization\"},\"potentialAction\":[{\"@type\":\"SearchAction\",\"target\":{\"@type\":\"EntryPoint\",\"urlTemplate\":\"https:\\\/\\\/thegamblerina.org\\\/es\\\/?s={search_term_string}\"},\"query-input\":{\"@type\":\"PropertyValueSpecification\",\"valueRequired\":true,\"valueName\":\"search_term_string\"}}],\"inLanguage\":\"es\"},{\"@type\":\"Organization\",\"@id\":\"https:\\\/\\\/thegamblerina.org\\\/es\\\/#organization\",\"name\":\"Gamblerina\",\"url\":\"https:\\\/\\\/thegamblerina.org\\\/es\\\/\",\"logo\":{\"@type\":\"ImageObject\",\"inLanguage\":\"es\",\"@id\":\"https:\\\/\\\/thegamblerina.org\\\/es\\\/#\\\/schema\\\/logo\\\/image\\\/\",\"url\":\"https:\\\/\\\/thegamblerina.org\\\/wp-content\\\/uploads\\\/2026\\\/02\\\/Gamblerina-logo.svg\",\"contentUrl\":\"https:\\\/\\\/thegamblerina.org\\\/wp-content\\\/uploads\\\/2026\\\/02\\\/Gamblerina-logo.svg\",\"caption\":\"Gamblerina\"},\"image\":{\"@id\":\"https:\\\/\\\/thegamblerina.org\\\/es\\\/#\\\/schema\\\/logo\\\/image\\\/\"}}]}<\/script>\n<!-- \/ Yoast SEO plugin. -->","yoast_head_json":{"title":"Gamblerina Casino Login \u2013 Iniciar Sesi\u00f3n o Registrarse | Acceso Seguro","description":"Gamblerina Casino Login \u2013 configura una nueva cuenta en segundos o inicia sesi\u00f3n de nuevo con encriptaci\u00f3n de \u00faltima generaci\u00f3n y verificaci\u00f3n biom\u00e9trica. Monitorea tu actividad de apuestas, reclama recompensas pendientes y ajusta herramientas de juego responsable desde un panel en Gamble Rina.","robots":{"index":"index","follow":"follow","max-snippet":"max-snippet:-1","max-image-preview":"max-image-preview:large","max-video-preview":"max-video-preview:-1"},"canonical":"https:\/\/thegamblerina.org\/es\/inicio-de-sesion-y-registro\/","og_locale":"es_ES","og_type":"article","og_title":"Gamblerina Casino Login \u2013 Iniciar Sesi\u00f3n o Registrarse | Acceso Seguro","og_description":"Gamblerina Casino Login \u2013 configura una nueva cuenta en segundos o inicia sesi\u00f3n de nuevo con encriptaci\u00f3n de \u00faltima generaci\u00f3n y verificaci\u00f3n biom\u00e9trica. Monitorea tu actividad de apuestas, reclama recompensas pendientes y ajusta herramientas de juego responsable desde un panel en Gamble Rina.","og_url":"https:\/\/thegamblerina.org\/es\/inicio-de-sesion-y-registro\/","og_site_name":"gamblerina","twitter_card":"summary_large_image","twitter_misc":{"Est. reading time":"1 minuto"},"schema":{"@context":"https:\/\/schema.org","@graph":[{"@type":"WebPage","@id":"https:\/\/thegamblerina.org\/es\/inicio-de-sesion-y-registro\/","url":"https:\/\/thegamblerina.org\/es\/inicio-de-sesion-y-registro\/","name":"Gamblerina Casino Login \u2013 Iniciar Sesi\u00f3n o Registrarse | Acceso Seguro","isPartOf":{"@id":"https:\/\/thegamblerina.org\/es\/#website"},"datePublished":"2026-04-23T14:16:20+00:00","description":"Gamblerina Casino Login \u2013 configura una nueva cuenta en segundos o inicia sesi\u00f3n de nuevo con encriptaci\u00f3n de \u00faltima generaci\u00f3n y verificaci\u00f3n biom\u00e9trica. Monitorea tu actividad de apuestas, reclama recompensas pendientes y ajusta herramientas de juego responsable desde un panel en Gamble Rina.","breadcrumb":{"@id":"https:\/\/thegamblerina.org\/es\/inicio-de-sesion-y-registro\/#breadcrumb"},"inLanguage":"es","potentialAction":[{"@type":"ReadAction","target":["https:\/\/thegamblerina.org\/es\/inicio-de-sesion-y-registro\/"]}]},{"@type":"BreadcrumbList","@id":"https:\/\/thegamblerina.org\/es\/inicio-de-sesion-y-registro\/#breadcrumb","itemListElement":[{"@type":"ListItem","position":1,"name":"Gamblerina","item":"https:\/\/thegamblerina.org\/es\/"},{"@type":"ListItem","position":2,"name":"Inicio de sesi\u00f3n y Registro"}]},{"@type":"WebSite","@id":"https:\/\/thegamblerina.org\/es\/#website","url":"https:\/\/thegamblerina.org\/es\/","name":"Gamblerina","description":"","publisher":{"@id":"https:\/\/thegamblerina.org\/es\/#organization"},"potentialAction":[{"@type":"SearchAction","target":{"@type":"EntryPoint","urlTemplate":"https:\/\/thegamblerina.org\/es\/?s={search_term_string}"},"query-input":{"@type":"PropertyValueSpecification","valueRequired":true,"valueName":"search_term_string"}}],"inLanguage":"es"},{"@type":"Organization","@id":"https:\/\/thegamblerina.org\/es\/#organization","name":"Gamblerina","url":"https:\/\/thegamblerina.org\/es\/","logo":{"@type":"ImageObject","inLanguage":"es","@id":"https:\/\/thegamblerina.org\/es\/#\/schema\/logo\/image\/","url":"https:\/\/thegamblerina.org\/wp-content\/uploads\/2026\/02\/Gamblerina-logo.svg","contentUrl":"https:\/\/thegamblerina.org\/wp-content\/uploads\/2026\/02\/Gamblerina-logo.svg","caption":"Gamblerina"},"image":{"@id":"https:\/\/thegamblerina.org\/es\/#\/schema\/logo\/image\/"}}]}},"_links":{"self":[{"href":"https:\/\/thegamblerina.org\/es\/wp-json\/wp\/v2\/pages\/1390","targetHints":{"allow":["GET"]}}],"collection":[{"href":"https:\/\/thegamblerina.org\/es\/wp-json\/wp\/v2\/pages"}],"about":[{"href":"https:\/\/thegamblerina.org\/es\/wp-json\/wp\/v2\/types\/page"}],"author":[{"embeddable":true,"href":"https:\/\/thegamblerina.org\/es\/wp-json\/wp\/v2\/users\/20"}],"replies":[{"embeddable":true,"href":"https:\/\/thegamblerina.org\/es\/wp-json\/wp\/v2\/comments?post=1390"}],"version-history":[{"count":1,"href":"https:\/\/thegamblerina.org\/es\/wp-json\/wp\/v2\/pages\/1390\/revisions"}],"predecessor-version":[{"id":1391,"href":"https:\/\/thegamblerina.org\/es\/wp-json\/wp\/v2\/pages\/1390\/revisions\/1391"}],"wp:attachment":[{"href":"https:\/\/thegamblerina.org\/es\/wp-json\/wp\/v2\/media?parent=1390"}],"curies":[{"name":"wp","href":"https:\/\/api.w.org\/{rel}","templated":true}]}}