{"id":1381,"date":"2026-04-23T15:11:42","date_gmt":"2026-04-23T14:11:42","guid":{"rendered":"https:\/\/thegamblerina.org\/?page_id=1381"},"modified":"2026-04-23T15:11:43","modified_gmt":"2026-04-23T14:11:43","slug":"aplicacion","status":"publish","type":"page","link":"https:\/\/thegamblerina.org\/es\/aplicacion\/","title":{"rendered":"Aplicaci\u00f3n"},"content":{"rendered":"<h1>Aplicaci\u00f3n Gamblerina: juegos de casino para m\u00f3vil<\/h1>\n<p>La Gamblerina app mejora tu experiencia de juego y te permite jugar sobre la marcha con facilidad. Hemos trasladado toda la funcionalidad de la versi\u00f3n web, garantizando al mismo tiempo un dise\u00f1o intuitivo y optimizado para smartphones. Nuestro casino m\u00f3vil ofrece funciones como el modo de pantalla completa, notificaciones push personalizables y mucho m\u00e1s. Todos los jugadores espa\u00f1oles pueden acceder a toda nuestra biblioteca de juegos, que incluye tragaperras online, una secci\u00f3n con crupieres en vivo y mucho m\u00e1s. La aplicaci\u00f3n est\u00e1 disponible para descargar en dispositivos m\u00f3viles iOS y Android, as\u00ed como en ordenadores de sobremesa.<\/p>\n<div class=\"banner-wrap\" aria-label=\"Banner\"><img src=\"https:\/\/thegamblerina.org\/wp-content\/uploads\/Gamblerina-banner-carousel-800\u0445400.webp\" class=\"w-100 d-none d-lg-block img-pc main-banner-img\" alt=\"Gamblerina banner carousel\" fetchpriority=\"high\" decoding=\"async\"><img src=\"https:\/\/thegamblerina.org\/wp-content\/uploads\/gamblerina-banner-mobile.webp\" class=\"w-100 d-none d-md-block d-lg-none main-banner-img\" alt=\"gamblerina banner mobile\" fetchpriority=\"high\" decoding=\"async\"><img src=\"https:\/\/thegamblerina.org\/wp-content\/uploads\/gamblerina-banner-mobile.webp\" class=\"w-100 d-md-none\" alt=\"gamblerina banner mobile\" fetchpriority=\"high\" decoding=\"async\"><div class=\"banner-description\">\n<div class=\"banner-title\">Bonos de bienvenida<\/div>\n<p class=\"banner-header-title\">1500 \u20ac<\/p>\n<div class=\"banner-header-AdditionalText\">+ 250 Tiradas gratis<\/div>\n<button data-item=\"homepage_banner_link\" class=\"goto m-button m-gradient-border m-button--primary m-button--large banner-button btn-orange\">\n            <div class=\"m-button-content\">\n                <span>Reg\u00edstrate ahora<\/span>\n                <span><\/span>\n            <\/div>\n        <\/button>\n<\/div>\n<div class=\"WelcomePack\">\n<p><img loading=\"lazy\" decoding=\"async\" class=\"alignnone size-full wp-image-1349\" src=\"https:\/\/thegamblerina.org\/wp-content\/uploads\/2026\/02\/welcome-crown.png\" alt=\"welcome crown\" width=\"25\" height=\"26\" \/><\/p>\n<div class=\"WelcomePack-Info\">Reembolso semanal de hasta el 25 %<\/div>\n<p><img loading=\"lazy\" decoding=\"async\" class=\"alignnone size-full wp-image-1349\" src=\"https:\/\/thegamblerina.org\/wp-content\/uploads\/2026\/02\/welcome-crown.png\" alt=\"welcome crown\" width=\"25\" height=\"26\" \/><\/p>\n<\/div>\n<\/div>\n<h2>Plataforma m\u00f3vil de Gamblerina<\/h2>\n<p>Nuestra prioridad principal es llevar todas las ventajas de la versi\u00f3n web de Gamblerina Casino a la aplicaci\u00f3n m\u00f3vil sin sacrificar la comodidad ni la portabilidad. Elegimos las aplicaciones web progresivas (PWA) por varias razones. En primer lugar, se descargan directamente desde el sitio web, lo que evita la interacci\u00f3n con recursos de terceros. En segundo lugar, nuestro software ocupa poco espacio en el dispositivo, a diferencia de sus hom\u00f3logos de la tienda de aplicaciones. Y, por \u00faltimo, las PWA se actualizan autom\u00e1ticamente y no requieren la intervenci\u00f3n del usuario. Si comparamos nuestra aplicaci\u00f3n con la versi\u00f3n para navegador, estas son las principales ventajas que podemos destacar:<\/p>\n<table>\n<tbody>\n<tr>\n<td>Ventaja<\/td>\n<td>Descripci\u00f3n<\/td>\n<\/tr>\n<tr>\n<td>Controles t\u00e1ctiles<\/td>\n<td>Botones y men\u00fas con un tama\u00f1o que facilita la navegaci\u00f3n<\/td>\n<\/tr>\n<tr>\n<td>Dise\u00f1o m\u00f3vil optimizado<\/td>\n<td>Dise\u00f1o limpio que no requiere ampliar ni desplazarse horizontalmente<\/td>\n<\/tr>\n<tr>\n<td>Notificaciones push<\/td>\n<td>Actualizaciones en tiempo real sobre promociones y eventos<\/td>\n<\/tr>\n<tr>\n<td>Carga m\u00e1s r\u00e1pida<\/td>\n<td>Rendimiento optimizado para acceder desde cualquier lugar<\/td>\n<\/tr>\n<\/tbody>\n<\/table>\n<h2>Versiones m\u00f3viles de Gamblerina<\/h2>\n<p>Las versiones m\u00f3viles de nuestra app Gamblerina funcionan con mayor fluidez y est\u00e1n disponibles para descargar en iOS y Android. Algunas categor\u00edas de juegos, como los juegos de tipo crash, se disfrutan a\u00fan m\u00e1s gracias a sus rondas de ritmo trepidante. El proceso de inicio de sesi\u00f3n es exactamente igual que en la versi\u00f3n para navegador; no necesitas introducir ninguna informaci\u00f3n adicional. Los pasos para la descarga var\u00edan ligeramente dependiendo de la plataforma en la que funcione tu smartphone. Cuando inicias el programa, se abre en modo de pantalla completa y es ideal para pantallas t\u00e1ctiles.<\/p>\n<p><div class=\"scrollable-content-wrap my-5\"><div class=\"scrollable-content-inner\"><h2>Instalaci\u00f3n paso a paso de la app para iOS<\/h2>\n<p>Para descargar el software de Gamble Rina Casino en tu iPhone o iPad, s\u00f3lo tienes que seguir unos sencillos pasos:<\/p>\n<ol>\n<li>Abre el navegador Safari y ve a nuestra p\u00e1gina web oficial.<\/li>\n<li>Haz clic en el bot\u00f3n \u00abCompartir\u00bb en la parte inferior de la pantalla.<\/li>\n<li>A continuaci\u00f3n, despl\u00e1zate hacia abajo y pulsa \u00abA\u00f1adir a la pantalla de inicio\u00bb.<\/li>\n<li>Elige un nombre para la app o d\u00e9jalo como est\u00e1, y luego pulsa \u00abA\u00f1adir\u00bb en la esquina superior derecha.<\/li>\n<\/ol>\n<p>Espera a que aparezca el icono en tu pantalla. Una vez que hayas iniciado sesi\u00f3n en el programa, completa el proceso de verificaci\u00f3n para acceder a los retiros de la cuenta y otras funciones. Si tienes alg\u00fan problema con los pasos descritos anteriormente, ponte en contacto con nuestro equipo de asistencia a trav\u00e9s del chat en vivo o por correo electr\u00f3nico.<\/p>\n<p><img loading=\"lazy\" decoding=\"async\" class=\"alignnone wp-image-1387 size-full\" src=\"https:\/\/thegamblerina.org\/wp-content\/uploads\/Gamblerina-iOS-App.webp\" alt=\"Gamblerina iOS App\" width=\"1248\" height=\"536\" srcset=\"https:\/\/thegamblerina.org\/wp-content\/uploads\/Gamblerina-iOS-App.webp 1248w, https:\/\/thegamblerina.org\/wp-content\/uploads\/Gamblerina-iOS-App-300x129.webp 300w, https:\/\/thegamblerina.org\/wp-content\/uploads\/Gamblerina-iOS-App-1024x440.webp 1024w, https:\/\/thegamblerina.org\/wp-content\/uploads\/Gamblerina-iOS-App-768x330.webp 768w\" sizes=\"auto, (max-width: 1248px) 100vw, 1248px\" \/><\/p>\n<\/div><\/div><div style=\"clear: both\"><\/div><div class=\"d-flex justify-content-center\"><button data-item=\"decouvrez_link\" data-group=\"website_links\" class=\"goto fw-bold rounded-pill btn btn-orange\" aria-label=\"Descarga la aplicaci\u00f3n Gamblerina\" >Descarga la aplicaci\u00f3n Gamblerina<\/button><\/div><div class=\"scrollable-content-wrap my-5\"><div class=\"scrollable-content-inner\"><h2>Descargar y usar la app en Android<\/h2>\n<p>Los usuarios de Android pueden configurar la app de Gamblerina en su navegador, igual que los de iOS, y ni siquiera tienen que ir a Google Play. Abre nuestra p\u00e1gina en tu navegador, haz clic en el men\u00fa de los tres puntos y, a continuaci\u00f3n, haz clic en el bot\u00f3n \u00abA\u00f1adir a la pantalla de inicio\u00bb. Cuando confirmes la configuraci\u00f3n, aparecer\u00e1 el icono correspondiente en tu pantalla de inicio.<\/p>\n<p><img loading=\"lazy\" decoding=\"async\" class=\"alignnone wp-image-1382 size-full\" src=\"https:\/\/thegamblerina.org\/wp-content\/uploads\/Gamblerina-Android-App.webp\" alt=\"Gamblerina Android App\" width=\"1248\" height=\"536\" srcset=\"https:\/\/thegamblerina.org\/wp-content\/uploads\/Gamblerina-Android-App.webp 1248w, https:\/\/thegamblerina.org\/wp-content\/uploads\/Gamblerina-Android-App-300x129.webp 300w, https:\/\/thegamblerina.org\/wp-content\/uploads\/Gamblerina-Android-App-1024x440.webp 1024w, https:\/\/thegamblerina.org\/wp-content\/uploads\/Gamblerina-Android-App-768x330.webp 768w\" sizes=\"auto, (max-width: 1248px) 100vw, 1248px\" \/><\/p>\n<\/div><\/div><div style=\"clear: both\"><\/div><div class=\"d-flex justify-content-center\"><button data-item=\"decouvrez_link\" data-group=\"website_links\" class=\"goto fw-bold rounded-pill btn btn-orange\" aria-label=\"Descarga la aplicaci\u00f3n Gamblerina\" >Descarga la aplicaci\u00f3n Gamblerina<\/button><\/div><div class=\"scrollable-content-wrap my-5\"><div class=\"scrollable-content-inner\"><h2>Aplicaci\u00f3n Gamblerina para Windows y macOS<\/h2>\n<p>Nuestra app Gamblerina tambi\u00e9n est\u00e1 disponible para descargar en Windows y macOS. S\u00f3lo tienes que ir a nuestra p\u00e1gina web y pulsar el bot\u00f3n \u00abInstalar\u00bb en la barra de direcciones para configurarla. Con una \u00faltima confirmaci\u00f3n, el icono se a\u00f1adir\u00e1 a tu escritorio, donde podr\u00e1s acceder a \u00e9l en cualquier momento. Funciona notablemente m\u00e1s r\u00e1pido que la versi\u00f3n web y, al igual que en los dispositivos m\u00f3viles, es compatible con el modo de pantalla completa. La aplicaci\u00f3n tambi\u00e9n te permite personalizar las notificaciones push para que puedas recibirlas de forma selectiva por categor\u00eda o tipo de promoci\u00f3n.<\/p>\n<h2>Funciones de seguridad y protecci\u00f3n de la aplicaci\u00f3n<\/h2>\n<p>Todos los datos enviados a trav\u00e9s de la aplicaci\u00f3n para smartphones de Gamblerina se cifran con TLS 1.3 y se transmiten por HTTPS, el mismo nivel de protecci\u00f3n que se utiliza en los ordenadores. Tu informaci\u00f3n personal no se recopilar\u00e1 sin tu permiso, ya que el software s\u00f3lo requiere un acceso normal al navegador. Gracias a las actualizaciones autom\u00e1ticas, los parches de seguridad m\u00e1s recientes se aplican de inmediato, sin que el usuario tenga que hacer nada. En los dispositivos que lo admiten, la autenticaci\u00f3n biom\u00e9trica a\u00f1ade una capa adicional de seguridad a la cuenta, tanto para el inicio de sesi\u00f3n como para la confirmaci\u00f3n de transacciones.<\/p>\n<p><img loading=\"lazy\" decoding=\"async\" class=\"alignnone wp-image-1386 size-full\" src=\"https:\/\/thegamblerina.org\/wp-content\/uploads\/Gamblerina-Desktop.webp\" alt=\"Gamblerina Desktop\" width=\"1248\" height=\"536\" srcset=\"https:\/\/thegamblerina.org\/wp-content\/uploads\/Gamblerina-Desktop.webp 1248w, https:\/\/thegamblerina.org\/wp-content\/uploads\/Gamblerina-Desktop-300x129.webp 300w, https:\/\/thegamblerina.org\/wp-content\/uploads\/Gamblerina-Desktop-1024x440.webp 1024w, https:\/\/thegamblerina.org\/wp-content\/uploads\/Gamblerina-Desktop-768x330.webp 768w\" sizes=\"auto, (max-width: 1248px) 100vw, 1248px\" \/><\/p>\n<\/div><\/div><div style=\"clear: both\"><\/div><div class=\"d-flex justify-content-center\"><button data-item=\"decouvrez_link\" data-group=\"website_links\" class=\"goto fw-bold rounded-pill btn btn-orange\" aria-label=\"Descarga la aplicaci\u00f3n Gamblerina\" >Descarga la aplicaci\u00f3n Gamblerina<\/button><\/div><div class=\"scrollable-content-wrap my-5\"><div class=\"scrollable-content-inner\"><h2>Preguntas frecuentes<\/h2>\n<h3>\u00bfSe puede descargar la aplicaci\u00f3n Gamblerina gratis?<\/h3>\n<p>S\u00ed, puedes conseguir Gamble Rina gratis e instalarla en cualquier dispositivo que la admita. Acceder, descargar o iniciar el programa en s\u00ed no cuesta nada. Cuando la gente quiera jugar con dinero real, s\u00f3lo tendr\u00e1 que ingresar dinero en sus cuentas.<\/p>\n<h3>\u00bfEl software agotar\u00e1 r\u00e1pidamente la bater\u00eda de mi tel\u00e9fono?<\/h3>\n<p>La PWA de Gamblerina se ha creado para consumir mucha menos bater\u00eda que los programas de casino nativos, ya que est\u00e1 optimizada para el ahorro de energ\u00eda. A diferencia del software est\u00e1ndar que ejecuta m\u00faltiples procesos en segundo plano, nuestra PWA s\u00f3lo funciona mientras est\u00e1 activa. Esto alarga la duraci\u00f3n de la bater\u00eda para que puedas jugar durante m\u00e1s tiempo mientras est\u00e1s fuera de casa.<\/p>\n<h3>\u00bfPuedo usar la misma cuenta en la aplicaci\u00f3n y en el ordenador al mismo tiempo?<\/h3>\n<p>S\u00ed, puedes iniciar sesi\u00f3n en Gamblerina Casino tanto en tu tel\u00e9fono como en tu ordenador al mismo tiempo. Pero si empiezas una partida en un dispositivo mientras juegas en otro, la primera sesi\u00f3n se interrumpir\u00e1. Esto evita que la gente abuse de los bonos y facilita el acceso desde varios dispositivos.<\/p>\n<h3>\u00bfLa app permite jugar sin conexi\u00f3n a alg\u00fan juego?<\/h3>\n<p>Para todos los juegos con dinero real y la gesti\u00f3n de la cuenta, el programa de Gamble Rina Casino necesita estar conectado a Internet. Algunas versiones demo de las tragaperras se pueden jugar sin Internet tras la carga inicial, pero para usar todas las ventajas, como hacer dep\u00f3sitos y retiradas y jugar a juegos con crupier en vivo, necesitas estar conectado.<\/p>\n<\/div><\/div><\/p>\n","protected":false},"excerpt":{"rendered":"<p>Aplicaci\u00f3n Gamblerina: juegos de casino para m\u00f3vil La Gamblerina app mejora tu experiencia de juego y te permite jugar sobre la marcha con facilidad. Hemos trasladado toda la funcionalidad de la versi\u00f3n web, garantizando al mismo tiempo un dise\u00f1o intuitivo y optimizado para smartphones. Nuestro casino m\u00f3vil ofrece funciones como el modo de pantalla completa, [&hellip;]<\/p>\n","protected":false},"author":20,"featured_media":0,"parent":0,"menu_order":0,"comment_status":"closed","ping_status":"closed","template":"template-builder.php","meta":{"_acf_changed":false,"inline_featured_image":false,"footnotes":""},"class_list":["post-1381","page","type-page","status-publish","hentry"],"acf":[],"yoast_head":"<!-- This site is optimized with the Yoast SEO plugin v27.3 - https:\/\/yoast.com\/product\/yoast-seo-wordpress\/ -->\n<title>Gamblerina Casino Web App | Mobile &amp; Escritorio<\/title>\n<meta name=\"description\" content=\"Gamblerina Casino Web App \u2013 inicia el casino basado en navegador al instante en cualquier dispositivo m\u00f3vil o de escritorio sin descargar nada. Disfruta de acceso completo a juegos, inicios de sesi\u00f3n seguros y sincronizaci\u00f3n en tiempo real en todas tus pantallas en Gamble Rina.\" \/>\n<meta name=\"robots\" content=\"index, follow, max-snippet:-1, max-image-preview:large, max-video-preview:-1\" \/>\n<link rel=\"canonical\" href=\"https:\/\/thegamblerina.org\/es\/aplicacion\/\" \/>\n<meta property=\"og:locale\" content=\"es_ES\" \/>\n<meta property=\"og:type\" content=\"article\" \/>\n<meta property=\"og:title\" content=\"Gamblerina Casino Web App | Mobile &amp; Escritorio\" \/>\n<meta property=\"og:description\" content=\"Gamblerina Casino Web App \u2013 inicia el casino basado en navegador al instante en cualquier dispositivo m\u00f3vil o de escritorio sin descargar nada. Disfruta de acceso completo a juegos, inicios de sesi\u00f3n seguros y sincronizaci\u00f3n en tiempo real en todas tus pantallas en Gamble Rina.\" \/>\n<meta property=\"og:url\" content=\"https:\/\/thegamblerina.org\/es\/aplicacion\/\" \/>\n<meta property=\"og:site_name\" content=\"gamblerina\" \/>\n<meta property=\"article:modified_time\" content=\"2026-04-23T14:11:43+00:00\" \/>\n<meta name=\"twitter:card\" content=\"summary_large_image\" \/>\n<meta name=\"twitter:label1\" content=\"Est. reading time\" \/>\n\t<meta name=\"twitter:data1\" content=\"2 minutos\" \/>\n<script type=\"application\/ld+json\" class=\"yoast-schema-graph\">{\"@context\":\"https:\\\/\\\/schema.org\",\"@graph\":[{\"@type\":\"WebPage\",\"@id\":\"https:\\\/\\\/thegamblerina.org\\\/es\\\/aplicacion\\\/\",\"url\":\"https:\\\/\\\/thegamblerina.org\\\/es\\\/aplicacion\\\/\",\"name\":\"Gamblerina Casino Web App | Mobile & Escritorio\",\"isPartOf\":{\"@id\":\"https:\\\/\\\/thegamblerina.org\\\/es\\\/#website\"},\"datePublished\":\"2026-04-23T14:11:42+00:00\",\"dateModified\":\"2026-04-23T14:11:43+00:00\",\"description\":\"Gamblerina Casino Web App \u2013 inicia el casino basado en navegador al instante en cualquier dispositivo m\u00f3vil o de escritorio sin descargar nada. Disfruta de acceso completo a juegos, inicios de sesi\u00f3n seguros y sincronizaci\u00f3n en tiempo real en todas tus pantallas en Gamble Rina.\",\"breadcrumb\":{\"@id\":\"https:\\\/\\\/thegamblerina.org\\\/es\\\/aplicacion\\\/#breadcrumb\"},\"inLanguage\":\"es\",\"potentialAction\":[{\"@type\":\"ReadAction\",\"target\":[\"https:\\\/\\\/thegamblerina.org\\\/es\\\/aplicacion\\\/\"]}]},{\"@type\":\"BreadcrumbList\",\"@id\":\"https:\\\/\\\/thegamblerina.org\\\/es\\\/aplicacion\\\/#breadcrumb\",\"itemListElement\":[{\"@type\":\"ListItem\",\"position\":1,\"name\":\"Gamblerina\",\"item\":\"https:\\\/\\\/thegamblerina.org\\\/es\\\/\"},{\"@type\":\"ListItem\",\"position\":2,\"name\":\"Aplicaci\u00f3n\"}]},{\"@type\":\"WebSite\",\"@id\":\"https:\\\/\\\/thegamblerina.org\\\/es\\\/#website\",\"url\":\"https:\\\/\\\/thegamblerina.org\\\/es\\\/\",\"name\":\"Gamblerina\",\"description\":\"\",\"publisher\":{\"@id\":\"https:\\\/\\\/thegamblerina.org\\\/es\\\/#organization\"},\"potentialAction\":[{\"@type\":\"SearchAction\",\"target\":{\"@type\":\"EntryPoint\",\"urlTemplate\":\"https:\\\/\\\/thegamblerina.org\\\/es\\\/?s={search_term_string}\"},\"query-input\":{\"@type\":\"PropertyValueSpecification\",\"valueRequired\":true,\"valueName\":\"search_term_string\"}}],\"inLanguage\":\"es\"},{\"@type\":\"Organization\",\"@id\":\"https:\\\/\\\/thegamblerina.org\\\/es\\\/#organization\",\"name\":\"Gamblerina\",\"url\":\"https:\\\/\\\/thegamblerina.org\\\/es\\\/\",\"logo\":{\"@type\":\"ImageObject\",\"inLanguage\":\"es\",\"@id\":\"https:\\\/\\\/thegamblerina.org\\\/es\\\/#\\\/schema\\\/logo\\\/image\\\/\",\"url\":\"https:\\\/\\\/thegamblerina.org\\\/wp-content\\\/uploads\\\/2026\\\/02\\\/Gamblerina-logo.svg\",\"contentUrl\":\"https:\\\/\\\/thegamblerina.org\\\/wp-content\\\/uploads\\\/2026\\\/02\\\/Gamblerina-logo.svg\",\"caption\":\"Gamblerina\"},\"image\":{\"@id\":\"https:\\\/\\\/thegamblerina.org\\\/es\\\/#\\\/schema\\\/logo\\\/image\\\/\"}}]}<\/script>\n<!-- \/ Yoast SEO plugin. -->","yoast_head_json":{"title":"Gamblerina Casino Web App | Mobile & Escritorio","description":"Gamblerina Casino Web App \u2013 inicia el casino basado en navegador al instante en cualquier dispositivo m\u00f3vil o de escritorio sin descargar nada. Disfruta de acceso completo a juegos, inicios de sesi\u00f3n seguros y sincronizaci\u00f3n en tiempo real en todas tus pantallas en Gamble Rina.","robots":{"index":"index","follow":"follow","max-snippet":"max-snippet:-1","max-image-preview":"max-image-preview:large","max-video-preview":"max-video-preview:-1"},"canonical":"https:\/\/thegamblerina.org\/es\/aplicacion\/","og_locale":"es_ES","og_type":"article","og_title":"Gamblerina Casino Web App | Mobile & Escritorio","og_description":"Gamblerina Casino Web App \u2013 inicia el casino basado en navegador al instante en cualquier dispositivo m\u00f3vil o de escritorio sin descargar nada. Disfruta de acceso completo a juegos, inicios de sesi\u00f3n seguros y sincronizaci\u00f3n en tiempo real en todas tus pantallas en Gamble Rina.","og_url":"https:\/\/thegamblerina.org\/es\/aplicacion\/","og_site_name":"gamblerina","article_modified_time":"2026-04-23T14:11:43+00:00","twitter_card":"summary_large_image","twitter_misc":{"Est. reading time":"2 minutos"},"schema":{"@context":"https:\/\/schema.org","@graph":[{"@type":"WebPage","@id":"https:\/\/thegamblerina.org\/es\/aplicacion\/","url":"https:\/\/thegamblerina.org\/es\/aplicacion\/","name":"Gamblerina Casino Web App | Mobile & Escritorio","isPartOf":{"@id":"https:\/\/thegamblerina.org\/es\/#website"},"datePublished":"2026-04-23T14:11:42+00:00","dateModified":"2026-04-23T14:11:43+00:00","description":"Gamblerina Casino Web App \u2013 inicia el casino basado en navegador al instante en cualquier dispositivo m\u00f3vil o de escritorio sin descargar nada. Disfruta de acceso completo a juegos, inicios de sesi\u00f3n seguros y sincronizaci\u00f3n en tiempo real en todas tus pantallas en Gamble Rina.","breadcrumb":{"@id":"https:\/\/thegamblerina.org\/es\/aplicacion\/#breadcrumb"},"inLanguage":"es","potentialAction":[{"@type":"ReadAction","target":["https:\/\/thegamblerina.org\/es\/aplicacion\/"]}]},{"@type":"BreadcrumbList","@id":"https:\/\/thegamblerina.org\/es\/aplicacion\/#breadcrumb","itemListElement":[{"@type":"ListItem","position":1,"name":"Gamblerina","item":"https:\/\/thegamblerina.org\/es\/"},{"@type":"ListItem","position":2,"name":"Aplicaci\u00f3n"}]},{"@type":"WebSite","@id":"https:\/\/thegamblerina.org\/es\/#website","url":"https:\/\/thegamblerina.org\/es\/","name":"Gamblerina","description":"","publisher":{"@id":"https:\/\/thegamblerina.org\/es\/#organization"},"potentialAction":[{"@type":"SearchAction","target":{"@type":"EntryPoint","urlTemplate":"https:\/\/thegamblerina.org\/es\/?s={search_term_string}"},"query-input":{"@type":"PropertyValueSpecification","valueRequired":true,"valueName":"search_term_string"}}],"inLanguage":"es"},{"@type":"Organization","@id":"https:\/\/thegamblerina.org\/es\/#organization","name":"Gamblerina","url":"https:\/\/thegamblerina.org\/es\/","logo":{"@type":"ImageObject","inLanguage":"es","@id":"https:\/\/thegamblerina.org\/es\/#\/schema\/logo\/image\/","url":"https:\/\/thegamblerina.org\/wp-content\/uploads\/2026\/02\/Gamblerina-logo.svg","contentUrl":"https:\/\/thegamblerina.org\/wp-content\/uploads\/2026\/02\/Gamblerina-logo.svg","caption":"Gamblerina"},"image":{"@id":"https:\/\/thegamblerina.org\/es\/#\/schema\/logo\/image\/"}}]}},"_links":{"self":[{"href":"https:\/\/thegamblerina.org\/es\/wp-json\/wp\/v2\/pages\/1381","targetHints":{"allow":["GET"]}}],"collection":[{"href":"https:\/\/thegamblerina.org\/es\/wp-json\/wp\/v2\/pages"}],"about":[{"href":"https:\/\/thegamblerina.org\/es\/wp-json\/wp\/v2\/types\/page"}],"author":[{"embeddable":true,"href":"https:\/\/thegamblerina.org\/es\/wp-json\/wp\/v2\/users\/20"}],"replies":[{"embeddable":true,"href":"https:\/\/thegamblerina.org\/es\/wp-json\/wp\/v2\/comments?post=1381"}],"version-history":[{"count":1,"href":"https:\/\/thegamblerina.org\/es\/wp-json\/wp\/v2\/pages\/1381\/revisions"}],"predecessor-version":[{"id":1389,"href":"https:\/\/thegamblerina.org\/es\/wp-json\/wp\/v2\/pages\/1381\/revisions\/1389"}],"wp:attachment":[{"href":"https:\/\/thegamblerina.org\/es\/wp-json\/wp\/v2\/media?parent=1381"}],"curies":[{"name":"wp","href":"https:\/\/api.w.org\/{rel}","templated":true}]}}