{"id":1407,"date":"2026-04-23T15:11:42","date_gmt":"2026-04-23T14:11:42","guid":{"rendered":"https:\/\/thegamblerina.org\/aplicacion\/"},"modified":"2026-04-24T13:33:26","modified_gmt":"2026-04-24T12:33:26","slug":"app","status":"publish","type":"page","link":"https:\/\/thegamblerina.org\/de\/app\/","title":{"rendered":"App"},"content":{"rendered":"<h1>Gamblerina App: Mobile Casino-Spiele<\/h1>\n<p>Die Gamblerina App verbessert Ihr Spielerlebnis und erm\u00f6glicht es Ihnen, ganz einfach von unterwegs aus zu spielen. Wir haben alle Funktionen der Webversion \u00fcbernommen und gleichzeitig ein benutzerfreundliches, f\u00fcr Smartphones optimiertes Design gew\u00e4hrleistet. Unser mobiles Casino bietet Funktionen wie den Vollbildmodus, anpassbare Push-Benachrichtigungen und vieles mehr. Sie haben Zugriff auf unsere gesamte Spielbibliothek, einschlie\u00dflich Online-Slots, eines Live-Dealer-Bereichs und vielem mehr. Die Anwendung steht zum Download f\u00fcr iOS- und Android-Mobilger\u00e4te sowie f\u00fcr Desktop-Computer bereit.<\/p>\n<div class=\"banner-wrap\" aria-label=\"Banner\"><img src=\"https:\/\/thegamblerina.org\/wp-content\/uploads\/Gamblerina-banner-carousel-800\u0445400.webp\" class=\"w-100 d-none d-lg-block img-pc main-banner-img\" alt=\"Gamblerina banner carousel\" fetchpriority=\"high\" decoding=\"async\"><img src=\"https:\/\/thegamblerina.org\/wp-content\/uploads\/gamblerina-banner-mobile.webp\" class=\"w-100 d-none d-md-block d-lg-none main-banner-img\" alt=\"gamblerina banner mobile\" fetchpriority=\"high\" decoding=\"async\"><img src=\"https:\/\/thegamblerina.org\/wp-content\/uploads\/gamblerina-banner-mobile.webp\" class=\"w-100 d-md-none\" alt=\"gamblerina banner mobile\" fetchpriority=\"high\" decoding=\"async\"><div class=\"banner-description\">\n<div class=\"banner-title\">Willkommensboni<\/div>\n<p class=\"banner-header-title\">1500 \u20ac<\/p>\n<div class=\"banner-header-AdditionalText\">+ 250 Freispiele<\/div>\n<button data-item=\"homepage_banner_link\" class=\"goto m-button m-gradient-border m-button--primary m-button--large banner-button btn-orange\">\n            <div class=\"m-button-content\">\n                <span>Jetzt anmelden<\/span>\n                <span><\/span>\n            <\/div>\n        <\/button>\n<\/div>\n<div class=\"WelcomePack\">\n<p><img loading=\"lazy\" decoding=\"async\" class=\"alignnone size-full wp-image-1551\" src=\"https:\/\/thegamblerina.org\/wp-content\/uploads\/welcome-crown.png\" alt=\"welcome-crown\" width=\"25\" height=\"26\" \/><\/p>\n<div class=\"WelcomePack-Info\">W\u00f6chentlicher Cashback von bis zu 25 %<\/div>\n<p><img loading=\"lazy\" decoding=\"async\" class=\"alignnone size-full wp-image-1551\" src=\"https:\/\/thegamblerina.org\/wp-content\/uploads\/welcome-crown.png\" alt=\"welcome-crown\" width=\"25\" height=\"26\" \/><\/p>\n<\/div>\n<\/div>\n<h2>Gamblerina Mobile-Plattform<\/h2>\n<p>Unsere oberste Priorit\u00e4t ist es, alle Vorteile der Website-Version des Gamblerina Casinos in die mobile Software zu integrieren, ohne dabei Abstriche bei Komfort oder Mobilit\u00e4t zu machen. Wir haben uns aus mehreren Gr\u00fcnden f\u00fcr Progressive Web Applications (PWAs) entschieden. Erstens laden Nutzer sie direkt von der Website herunter, wodurch sie nicht mit Ressourcen von Drittanbietern interagieren. Zweitens nimmt unsere Software im Gegensatz zu Pendants aus dem App-Store nur wenig Speicherplatz auf dem Ger\u00e4t ein. Drittens aktualisieren sich PWAs automatisch und erfordern keine Interaktion seitens des Nutzers. Verglichen mit der Browser-Version bietet unsere Anwendung folgende Hauptvorteile:<\/p>\n<table>\n<tbody>\n<tr>\n<td>Vorteil<\/td>\n<td>Beschreibung<\/td>\n<\/tr>\n<tr>\n<td>Touch-Steuerung<\/td>\n<td>Schaltfl\u00e4chen und Men\u00fcs in einer Gr\u00f6\u00dfe, die eine komfortable Navigation erm\u00f6glicht<\/td>\n<\/tr>\n<tr>\n<td>Optimiertes mobiles Design<\/td>\n<td>\u00dcbersichtliches Layout, das kein Zoomen oder horizontales Scrollen erfordert<\/td>\n<\/tr>\n<tr>\n<td>Push-Benachrichtigungen<\/td>\n<td>Echtzeit-Updates zu Werbeaktionen und Veranstaltungen<\/td>\n<\/tr>\n<tr>\n<td>Schnelleres Laden<\/td>\n<td>Optimierte Leistung f\u00fcr den Zugriff von unterwegs<\/td>\n<\/tr>\n<\/tbody>\n<\/table>\n<h2>Gamblerina Mobilversionen<\/h2>\n<p>Die mobilen Versionen unserer Gamblerina App laufen fl\u00fcssiger und stehen zum Download f\u00fcr iOS und Android bereit. Einige Spielkategorien, wie beispielsweise Crash-Spiele, bieten dank ihrer rasanten Runden ein noch besseres Spielerlebnis. Der Anmeldevorgang ist genau derselbe wie in der Browser-Version; Sie m\u00fcssen keine zus\u00e4tzlichen Informationen eingeben. Die Schritte zum Herunterladen variieren leicht, je nachdem, auf welcher Plattform Ihr Smartphone l\u00e4uft. Wenn Sie das Programm starten, \u00f6ffnet es sich im Vollbildmodus und eignet sich am besten f\u00fcr Touchscreens.<\/p>\n<p><div class=\"scrollable-content-wrap my-5\"><div class=\"scrollable-content-inner\"><h2>Schritt-f\u00fcr-Schritt-Anleitung zur Installation der iOS-App<\/h2>\n<p>Um die Gamble Rina Casino Software auf Ihr iPhone oder iPad herunterzuladen, befolgen Sie einfach ein paar einfache Schritte:<\/p>\n<ol>\n<li>\u00d6ffnen Sie den Safari-Browser und rufen Sie unsere offizielle Website auf.<\/li>\n<li>Klicken Sie auf die Schaltfl\u00e4che \u201eTeilen\u201c am unteren Bildschirmrand.<\/li>\n<li>Scrollen Sie dann nach unten und tippen Sie auf \u201eZum Startbildschirm hinzuf\u00fcgen\u201c.<\/li>\n<li>W\u00e4hlen Sie einen Namen f\u00fcr die App oder belassen Sie ihn unver\u00e4ndert. Tippen Sie dann oben rechts auf \u201eHinzuf\u00fcgen\u201c.<\/li>\n<\/ol>\n<p>Warten Sie, bis das Symbol auf Ihrem Bildschirm erscheint. Melden Sie sich in der App an und schlie\u00dfen Sie den Verifizierungsprozess ab, um auf Auszahlungen und andere Funktionen zugreifen zu k\u00f6nnen. Sollten bei den oben beschriebenen Schritten Probleme auftreten, wenden Sie sich bitte per Live-Chat oder E-Mail an unseren Kundensupport.<\/p>\n<p><img loading=\"lazy\" decoding=\"async\" src=\"https:\/\/thegamblerina.org\/wp-content\/uploads\/Gamblerina-iOS-App.webp\" alt=\"Gamblerina iOS App\" width=\"1248\" height=\"536\" \/><\/p>\n<\/div><\/div><div style=\"clear: both\"><\/div><div class=\"d-flex justify-content-center\"><button data-item=\"decouvrez_link\" data-group=\"website_links\" class=\"goto fw-bold rounded-pill btn btn-orange\" aria-label=\"Laden Sie die Gamblerina-App herunter\" >Laden Sie die Gamblerina-App herunter<\/button><\/div><div class=\"scrollable-content-wrap my-5\"><div class=\"scrollable-content-inner\"><h2>Herunterladen und Verwenden der App auf Android<\/h2>\n<p>Android-Nutzer k\u00f6nnen die Gamblerina App \u00e4hnlich wie iOS-Nutzer in ihrem Browser einrichten und m\u00fcssen daf\u00fcr nicht einmal Google Play aufrufen. \u00d6ffnen Sie unsere Website in Ihrem Browser. Klicken Sie auf das Drei-Punkte-Men\u00fc und anschlie\u00dfend auf die Schaltfl\u00e4che \u201eZum Startbildschirm hinzuf\u00fcgen\u201c. Best\u00e4tigen Sie die Konfiguration. Dann erscheint das entsprechende Symbol auf Ihrem Startbildschirm.<\/p>\n<p><img loading=\"lazy\" decoding=\"async\" src=\"https:\/\/thegamblerina.org\/wp-content\/uploads\/Gamblerina-Android-App.webp\" alt=\"Gamblerina Android App\" width=\"1248\" height=\"536\" \/><\/p>\n<\/div><\/div><div style=\"clear: both\"><\/div><div class=\"d-flex justify-content-center\"><button data-item=\"decouvrez_link\" data-group=\"website_links\" class=\"goto fw-bold rounded-pill btn btn-orange\" aria-label=\"Laden Sie die Gamblerina-App herunter\" >Laden Sie die Gamblerina-App herunter<\/button><\/div><div class=\"scrollable-content-wrap my-5\"><div class=\"scrollable-content-inner\"><h2>Gamble Rina App f\u00fcr Windows und macOS<\/h2>\n<p>Unsere Gamblerina App steht auch f\u00fcr Windows und macOS zum Download bereit. Besuchen Sie unsere Website und klicken Sie in der Adressleiste auf die Schaltfl\u00e4che \u201eInstallieren\u201c. Mehr ist zur Einrichtung nicht erforderlich. Best\u00e4tigen Sie den Vorgang ein letztes Mal, dann erscheint das Symbol auf Ihrem Desktop. Dort k\u00f6nnen Sie jederzeit darauf zugreifen. Die App l\u00e4uft deutlich schneller als die Webversion und unterst\u00fctzt, genau wie auf Mobilger\u00e4ten, den Vollbildmodus. Die Anwendung erm\u00f6glicht es Ihnen zudem, Push-Benachrichtigungen anzupassen, sodass Sie diese selektiv nach Kategorie oder Aktionsart erhalten k\u00f6nnen.<\/p>\n<h2>Sicherheits- und Schutzfunktionen der App<\/h2>\n<p>Alle \u00fcber die Gamblerina Smartphone-Anwendung gesendeten Daten werden mit TLS 1.3 verschl\u00fcsselt und \u00fcber HTTPS \u00fcbertragen \u2013 das entspricht dem gleichen Schutzniveau wie bei Computern. Wir erfassen Ihre pers\u00f6nlichen Daten nicht ohne Ihre Zustimmung, da die Software lediglich einen normalen Browserzugriff ben\u00f6tigt. Dank automatischer Updates installiert das System die neuesten Sicherheitspatches sofort, ohne dass der Nutzer etwas tun muss. Auf Ger\u00e4ten, die dies unterst\u00fctzen, sorgt die biometrische Authentifizierung f\u00fcr eine zus\u00e4tzliche Sicherheitsebene sowohl bei der Anmeldung als auch bei der Transaktionsbest\u00e4tigung.<\/p>\n<p><img loading=\"lazy\" decoding=\"async\" src=\"https:\/\/thegamblerina.org\/wp-content\/uploads\/Gamblerina-Desktop.webp\" alt=\"Gamblerina Desktop\" width=\"1248\" height=\"536\" \/><\/p>\n<\/div><\/div><div style=\"clear: both\"><\/div><div class=\"d-flex justify-content-center\"><button data-item=\"decouvrez_link\" data-group=\"website_links\" class=\"goto fw-bold rounded-pill btn btn-orange\" aria-label=\"Laden Sie die Gamblerina-App herunter\" >Laden Sie die Gamblerina-App herunter<\/button><\/div><div class=\"scrollable-content-wrap my-5\"><div class=\"scrollable-content-inner\"><h2>FAQ<\/h2>\n<h3>Ist die Gamblerina App kostenlos zum Herunterladen?<\/h3>\n<p>Ja, Sie k\u00f6nnen die Gamblerina App kostenlos erhalten und auf jedem unterst\u00fctzten Ger\u00e4t installieren. Der Zugriff, das Herunterladen oder das Starten des Programms ist kostenlos. Wenn Sie mit echtem Geld spielen m\u00f6chten, m\u00fcssen Sie lediglich Geld auf Ihr Konto einzahlen.<\/p>\n<h3>Verbraucht die Software schnell den Akku meines Smartphones?<\/h3>\n<p>Die Gamblerina PWA wurde so entwickelt, dass sie deutlich weniger Akkuleistung verbraucht als native Casino-Programme, da sie auf Energieeffizienz optimiert ist. Im Gegensatz zu herk\u00f6mmlicher Software, die mehrere Prozesse im Hintergrund ausf\u00fchrt, arbeitet unsere PWA nur, solange sie aktiv ist. So bleibt der Akku l\u00e4nger voll, sodass Sie unterwegs l\u00e4nger spielen k\u00f6nnen.<\/p>\n<h3>Kann ich dasselbe Konto gleichzeitig in der App und auf dem Desktop nutzen?<\/h3>\n<p>Ja, Sie k\u00f6nnen sich gleichzeitig auf Ihrem Smartphone und auf Ihrem Computer bei Gamblerina Casino anmelden. Starten Sie jedoch ein Spiel auf einem Ger\u00e4t, w\u00e4hrend Sie auf einem anderen spielen, unterbricht das System die erste Sitzung. So verhindern wir den Missbrauch von Boni und erleichtern den Zugriff \u00fcber mehrere Ger\u00e4te.<\/p>\n<h3>Unterst\u00fctzt die App das Offline-Spielen f\u00fcr irgendwelche Spiele?<\/h3>\n<p>F\u00fcr alle Echtgeldspiele und die Kontoverwaltung muss das Gamble Rina Casino Programm mit dem Internet verbunden sein. Nach dem ersten Laden k\u00f6nnen Sie einige Demoversionen von Slot-Spielen auch ohne Internetverbindung spielen. Um jedoch alle Funktionen wie Ein- und Auszahlungen sowie Live-Dealer-Spiele zu nutzen, ben\u00f6tigen Sie eine Internetverbindung.<\/p>\n<\/div><\/div><\/p>\n","protected":false},"excerpt":{"rendered":"<p>Gamblerina App: Mobile Casino-Spiele Die Gamblerina App verbessert Ihr Spielerlebnis und erm\u00f6glicht es Ihnen, ganz einfach von unterwegs aus zu spielen. Wir haben alle Funktionen der Webversion \u00fcbernommen und gleichzeitig ein benutzerfreundliches, f\u00fcr Smartphones optimiertes Design gew\u00e4hrleistet. Unser mobiles Casino bietet Funktionen wie den Vollbildmodus, anpassbare Push-Benachrichtigungen und vieles mehr. Sie haben Zugriff auf unsere [&hellip;]<\/p>\n","protected":false},"author":20,"featured_media":0,"parent":0,"menu_order":0,"comment_status":"closed","ping_status":"closed","template":"template-builder.php","meta":{"_acf_changed":false,"inline_featured_image":false,"footnotes":""},"class_list":["post-1407","page","type-page","status-publish","hentry"],"acf":[],"yoast_head":"<!-- This site is optimized with the Yoast SEO plugin v27.3 - https:\/\/yoast.com\/product\/yoast-seo-wordpress\/ -->\n<title>Gamblerina Casino Web App | Mobile &amp; Desktop<\/title>\n<meta name=\"description\" content=\"Gamblerina Casino Web App \u2013 starte das browserbasierte Casino sofort auf jedem Mobil- oder Desktop-Ger\u00e4t ohne Download. Genie\u00dfe vollen Spielzugang, sichere Logins und Echtzeit-Synchronisierung auf allen deinen Bildschirmen bei Gamble Rina.\" \/>\n<meta name=\"robots\" content=\"index, follow, max-snippet:-1, max-image-preview:large, max-video-preview:-1\" \/>\n<link rel=\"canonical\" href=\"https:\/\/thegamblerina.org\/de\/app\/\" \/>\n<meta property=\"og:locale\" content=\"de_DE\" \/>\n<meta property=\"og:type\" content=\"article\" \/>\n<meta property=\"og:title\" content=\"Gamblerina Casino Web App | Mobile &amp; Desktop\" \/>\n<meta property=\"og:description\" content=\"Gamblerina Casino Web App \u2013 starte das browserbasierte Casino sofort auf jedem Mobil- oder Desktop-Ger\u00e4t ohne Download. Genie\u00dfe vollen Spielzugang, sichere Logins und Echtzeit-Synchronisierung auf allen deinen Bildschirmen bei Gamble Rina.\" \/>\n<meta property=\"og:url\" content=\"https:\/\/thegamblerina.org\/de\/app\/\" \/>\n<meta property=\"og:site_name\" content=\"gamblerina\" \/>\n<meta property=\"article:modified_time\" content=\"2026-04-24T12:33:26+00:00\" \/>\n<meta name=\"twitter:card\" content=\"summary_large_image\" \/>\n<meta name=\"twitter:label1\" content=\"Gesch\u00e4tzte Lesezeit\" \/>\n\t<meta name=\"twitter:data1\" content=\"2\u00a0Minuten\" \/>\n<script type=\"application\/ld+json\" class=\"yoast-schema-graph\">{\"@context\":\"https:\\\/\\\/schema.org\",\"@graph\":[{\"@type\":\"WebPage\",\"@id\":\"https:\\\/\\\/thegamblerina.org\\\/de\\\/app\\\/\",\"url\":\"https:\\\/\\\/thegamblerina.org\\\/de\\\/app\\\/\",\"name\":\"Gamblerina Casino Web App | Mobile & Desktop\",\"isPartOf\":{\"@id\":\"https:\\\/\\\/thegamblerina.org\\\/de\\\/#website\"},\"datePublished\":\"2026-04-23T14:11:42+00:00\",\"dateModified\":\"2026-04-24T12:33:26+00:00\",\"description\":\"Gamblerina Casino Web App \u2013 starte das browserbasierte Casino sofort auf jedem Mobil- oder Desktop-Ger\u00e4t ohne Download. Genie\u00dfe vollen Spielzugang, sichere Logins und Echtzeit-Synchronisierung auf allen deinen Bildschirmen bei Gamble Rina.\",\"breadcrumb\":{\"@id\":\"https:\\\/\\\/thegamblerina.org\\\/de\\\/app\\\/#breadcrumb\"},\"inLanguage\":\"de\",\"potentialAction\":[{\"@type\":\"ReadAction\",\"target\":[\"https:\\\/\\\/thegamblerina.org\\\/de\\\/app\\\/\"]}]},{\"@type\":\"BreadcrumbList\",\"@id\":\"https:\\\/\\\/thegamblerina.org\\\/de\\\/app\\\/#breadcrumb\",\"itemListElement\":[{\"@type\":\"ListItem\",\"position\":1,\"name\":\"Gamblerina\",\"item\":\"https:\\\/\\\/thegamblerina.org\\\/de\\\/\"},{\"@type\":\"ListItem\",\"position\":2,\"name\":\"App\"}]},{\"@type\":\"WebSite\",\"@id\":\"https:\\\/\\\/thegamblerina.org\\\/de\\\/#website\",\"url\":\"https:\\\/\\\/thegamblerina.org\\\/de\\\/\",\"name\":\"Gamblerina\",\"description\":\"\",\"publisher\":{\"@id\":\"https:\\\/\\\/thegamblerina.org\\\/de\\\/#organization\"},\"potentialAction\":[{\"@type\":\"SearchAction\",\"target\":{\"@type\":\"EntryPoint\",\"urlTemplate\":\"https:\\\/\\\/thegamblerina.org\\\/de\\\/?s={search_term_string}\"},\"query-input\":{\"@type\":\"PropertyValueSpecification\",\"valueRequired\":true,\"valueName\":\"search_term_string\"}}],\"inLanguage\":\"de\"},{\"@type\":\"Organization\",\"@id\":\"https:\\\/\\\/thegamblerina.org\\\/de\\\/#organization\",\"name\":\"Gamblerina\",\"url\":\"https:\\\/\\\/thegamblerina.org\\\/de\\\/\",\"logo\":{\"@type\":\"ImageObject\",\"inLanguage\":\"de\",\"@id\":\"https:\\\/\\\/thegamblerina.org\\\/de\\\/#\\\/schema\\\/logo\\\/image\\\/\",\"url\":\"https:\\\/\\\/thegamblerina.org\\\/wp-content\\\/uploads\\\/2026\\\/02\\\/Gamblerina-logo.svg\",\"contentUrl\":\"https:\\\/\\\/thegamblerina.org\\\/wp-content\\\/uploads\\\/2026\\\/02\\\/Gamblerina-logo.svg\",\"caption\":\"Gamblerina\"},\"image\":{\"@id\":\"https:\\\/\\\/thegamblerina.org\\\/de\\\/#\\\/schema\\\/logo\\\/image\\\/\"}}]}<\/script>\n<!-- \/ Yoast SEO plugin. -->","yoast_head_json":{"title":"Gamblerina Casino Web App | Mobile & Desktop","description":"Gamblerina Casino Web App \u2013 starte das browserbasierte Casino sofort auf jedem Mobil- oder Desktop-Ger\u00e4t ohne Download. Genie\u00dfe vollen Spielzugang, sichere Logins und Echtzeit-Synchronisierung auf allen deinen Bildschirmen bei Gamble Rina.","robots":{"index":"index","follow":"follow","max-snippet":"max-snippet:-1","max-image-preview":"max-image-preview:large","max-video-preview":"max-video-preview:-1"},"canonical":"https:\/\/thegamblerina.org\/de\/app\/","og_locale":"de_DE","og_type":"article","og_title":"Gamblerina Casino Web App | Mobile & Desktop","og_description":"Gamblerina Casino Web App \u2013 starte das browserbasierte Casino sofort auf jedem Mobil- oder Desktop-Ger\u00e4t ohne Download. Genie\u00dfe vollen Spielzugang, sichere Logins und Echtzeit-Synchronisierung auf allen deinen Bildschirmen bei Gamble Rina.","og_url":"https:\/\/thegamblerina.org\/de\/app\/","og_site_name":"gamblerina","article_modified_time":"2026-04-24T12:33:26+00:00","twitter_card":"summary_large_image","twitter_misc":{"Gesch\u00e4tzte Lesezeit":"2\u00a0Minuten"},"schema":{"@context":"https:\/\/schema.org","@graph":[{"@type":"WebPage","@id":"https:\/\/thegamblerina.org\/de\/app\/","url":"https:\/\/thegamblerina.org\/de\/app\/","name":"Gamblerina Casino Web App | Mobile & Desktop","isPartOf":{"@id":"https:\/\/thegamblerina.org\/de\/#website"},"datePublished":"2026-04-23T14:11:42+00:00","dateModified":"2026-04-24T12:33:26+00:00","description":"Gamblerina Casino Web App \u2013 starte das browserbasierte Casino sofort auf jedem Mobil- oder Desktop-Ger\u00e4t ohne Download. Genie\u00dfe vollen Spielzugang, sichere Logins und Echtzeit-Synchronisierung auf allen deinen Bildschirmen bei Gamble Rina.","breadcrumb":{"@id":"https:\/\/thegamblerina.org\/de\/app\/#breadcrumb"},"inLanguage":"de","potentialAction":[{"@type":"ReadAction","target":["https:\/\/thegamblerina.org\/de\/app\/"]}]},{"@type":"BreadcrumbList","@id":"https:\/\/thegamblerina.org\/de\/app\/#breadcrumb","itemListElement":[{"@type":"ListItem","position":1,"name":"Gamblerina","item":"https:\/\/thegamblerina.org\/de\/"},{"@type":"ListItem","position":2,"name":"App"}]},{"@type":"WebSite","@id":"https:\/\/thegamblerina.org\/de\/#website","url":"https:\/\/thegamblerina.org\/de\/","name":"Gamblerina","description":"","publisher":{"@id":"https:\/\/thegamblerina.org\/de\/#organization"},"potentialAction":[{"@type":"SearchAction","target":{"@type":"EntryPoint","urlTemplate":"https:\/\/thegamblerina.org\/de\/?s={search_term_string}"},"query-input":{"@type":"PropertyValueSpecification","valueRequired":true,"valueName":"search_term_string"}}],"inLanguage":"de"},{"@type":"Organization","@id":"https:\/\/thegamblerina.org\/de\/#organization","name":"Gamblerina","url":"https:\/\/thegamblerina.org\/de\/","logo":{"@type":"ImageObject","inLanguage":"de","@id":"https:\/\/thegamblerina.org\/de\/#\/schema\/logo\/image\/","url":"https:\/\/thegamblerina.org\/wp-content\/uploads\/2026\/02\/Gamblerina-logo.svg","contentUrl":"https:\/\/thegamblerina.org\/wp-content\/uploads\/2026\/02\/Gamblerina-logo.svg","caption":"Gamblerina"},"image":{"@id":"https:\/\/thegamblerina.org\/de\/#\/schema\/logo\/image\/"}}]}},"_links":{"self":[{"href":"https:\/\/thegamblerina.org\/de\/wp-json\/wp\/v2\/pages\/1407","targetHints":{"allow":["GET"]}}],"collection":[{"href":"https:\/\/thegamblerina.org\/de\/wp-json\/wp\/v2\/pages"}],"about":[{"href":"https:\/\/thegamblerina.org\/de\/wp-json\/wp\/v2\/types\/page"}],"author":[{"embeddable":true,"href":"https:\/\/thegamblerina.org\/de\/wp-json\/wp\/v2\/users\/20"}],"replies":[{"embeddable":true,"href":"https:\/\/thegamblerina.org\/de\/wp-json\/wp\/v2\/comments?post=1407"}],"version-history":[{"count":2,"href":"https:\/\/thegamblerina.org\/de\/wp-json\/wp\/v2\/pages\/1407\/revisions"}],"predecessor-version":[{"id":1692,"href":"https:\/\/thegamblerina.org\/de\/wp-json\/wp\/v2\/pages\/1407\/revisions\/1692"}],"wp:attachment":[{"href":"https:\/\/thegamblerina.org\/de\/wp-json\/wp\/v2\/media?parent=1407"}],"curies":[{"name":"wp","href":"https:\/\/api.w.org\/{rel}","templated":true}]}}